{"id":4234,"date":"2024-02-04T16:20:54","date_gmt":"2024-02-04T13:20:54","guid":{"rendered":"https:\/\/snrconst.com\/?page_id=4234"},"modified":"2024-02-13T19:26:29","modified_gmt":"2024-02-13T16:26:29","slug":"dkd-construction","status":"publish","type":"page","link":"https:\/\/snrconst.com\/fr\/projets\/dkd-construction\/","title":{"rendered":"Bureau \/ Bureau Dkd \u0130n\u015faat"},"content":{"rendered":"<div data-elementor-type=\"wp-page\" data-elementor-id=\"4234\" class=\"elementor elementor-4234\" data-elementor-post-type=\"page\">\n\t\t\t\t<div class=\"elementor-element elementor-element-472e995 e-flex e-con-boxed e-con e-parent\" data-id=\"472e995\" data-element_type=\"container\">\n\t\t\t\t\t<div class=\"e-con-inner\">\n\t\t<div class=\"elementor-element elementor-element-8463af9 e-con-full e-flex e-con e-child\" data-id=\"8463af9\" data-element_type=\"container\">\n\t\t\t\t<div class=\"elementor-element elementor-element-8829e70 elementor-widget elementor-widget-image\" data-id=\"8829e70\" data-element_type=\"widget\" data-widget_type=\"image.default\">\n\t\t\t\t<div class=\"elementor-widget-container\">\n\t\t\t\t\t\t\t\t\t\t\t\t\t\t\t\t<a href=\"https:\/\/snrconst.com\/wp-content\/uploads\/DKD-Pendik-3.jpg\" data-elementor-open-lightbox=\"yes\" data-elementor-lightbox-title=\"DKD \u0130n\u015faat\" data-e-action-hash=\"#elementor-action%3Aaction%3Dlightbox%26settings%3DeyJpZCI6NDU1NCwidXJsIjoiaHR0cHM6XC9cL3NucmNvbnN0LmNvbVwvd3AtY29udGVudFwvdXBsb2Fkc1wvREtELVBlbmRpay0zLmpwZyJ9\">\n\t\t\t\t\t\t\t<img fetchpriority=\"high\" decoding=\"async\" width=\"1536\" height=\"864\" src=\"https:\/\/snrconst.com\/wp-content\/uploads\/DKD-Pendik-3-1536x864.jpg\" class=\"attachment-1536x1536 size-1536x1536 wp-image-4554\" alt=\"\" srcset=\"https:\/\/snrconst.com\/wp-content\/uploads\/DKD-Pendik-3-1536x864.jpg 1536w, https:\/\/snrconst.com\/wp-content\/uploads\/DKD-Pendik-3-300x169.jpg 300w, https:\/\/snrconst.com\/wp-content\/uploads\/DKD-Pendik-3-1024x576.jpg 1024w, https:\/\/snrconst.com\/wp-content\/uploads\/DKD-Pendik-3-768x432.jpg 768w, https:\/\/snrconst.com\/wp-content\/uploads\/DKD-Pendik-3.jpg 1920w\" sizes=\"(max-width: 1536px) 100vw, 1536px\" \/>\t\t\t\t\t\t\t\t<\/a>\n\t\t\t\t\t\t\t\t\t\t\t\t\t\t\t<\/div>\n\t\t\t\t<\/div>\n\t\t\t\t<\/div>\n\t\t<div class=\"elementor-element elementor-element-3652d58 e-flex e-con-boxed e-con e-child\" data-id=\"3652d58\" data-element_type=\"container\" data-settings=\"{&quot;background_background&quot;:&quot;classic&quot;}\">\n\t\t\t\t\t<div class=\"e-con-inner\">\n\t\t<div class=\"elementor-element elementor-element-2e140f0 e-flex e-con-boxed e-con e-child\" data-id=\"2e140f0\" data-element_type=\"container\">\n\t\t\t\t\t<div class=\"e-con-inner\">\n\t\t<div class=\"elementor-element elementor-element-b6b9396 e-flex e-con-boxed e-con e-child\" data-id=\"b6b9396\" data-element_type=\"container\">\n\t\t\t\t\t<div class=\"e-con-inner\">\n\t\t\t\t<div class=\"elementor-element elementor-element-1181815 elementor-widget elementor-widget-heading\" data-id=\"1181815\" data-element_type=\"widget\" data-widget_type=\"heading.default\">\n\t\t\t\t<div class=\"elementor-widget-container\">\n\t\t\t\t\t<h1 class=\"elementor-heading-title elementor-size-default\">Projet<\/h1>\t\t\t\t<\/div>\n\t\t\t\t<\/div>\n\t\t\t\t\t<\/div>\n\t\t\t\t<\/div>\n\t\t<div class=\"elementor-element elementor-element-c2f6ee9 e-flex e-con-boxed e-con e-child\" data-id=\"c2f6ee9\" data-element_type=\"container\">\n\t\t\t\t\t<div class=\"e-con-inner\">\n\t\t\t\t<div class=\"elementor-element elementor-element-d677285 elementor-widget elementor-widget-heading\" data-id=\"d677285\" data-element_type=\"widget\" data-widget_type=\"heading.default\">\n\t\t\t\t<div class=\"elementor-widget-container\">\n\t\t\t\t\t<h1 class=\"elementor-heading-title elementor-size-default\">Emplacement<\/h1>\t\t\t\t<\/div>\n\t\t\t\t<\/div>\n\t\t\t\t<div class=\"elementor-element elementor-element-9352789 elementor-widget elementor-widget-heading\" data-id=\"9352789\" data-element_type=\"widget\" data-widget_type=\"heading.default\">\n\t\t\t\t<div class=\"elementor-widget-container\">\n\t\t\t\t\t<h2 class=\"elementor-heading-title elementor-size-default\">Pendik \/ Istanbul<\/h2>\t\t\t\t<\/div>\n\t\t\t\t<\/div>\n\t\t\t\t\t<\/div>\n\t\t\t\t<\/div>\n\t\t<div class=\"elementor-element elementor-element-9f1f3a1 e-flex e-con-boxed e-con e-child\" data-id=\"9f1f3a1\" data-element_type=\"container\">\n\t\t\t\t\t<div class=\"e-con-inner\">\n\t\t\t\t<div class=\"elementor-element elementor-element-203e00c elementor-widget elementor-widget-heading\" data-id=\"203e00c\" data-element_type=\"widget\" data-widget_type=\"heading.default\">\n\t\t\t\t<div class=\"elementor-widget-container\">\n\t\t\t\t\t<h1 class=\"elementor-heading-title elementor-size-default\">Syst\u00e8me<\/h1>\t\t\t\t<\/div>\n\t\t\t\t<\/div>\n\t\t\t\t<div class=\"elementor-element elementor-element-f5f09eb elementor-widget elementor-widget-heading\" data-id=\"f5f09eb\" data-element_type=\"widget\" data-widget_type=\"heading.default\">\n\t\t\t\t<div class=\"elementor-widget-container\">\n\t\t\t\t\t<h2 class=\"elementor-heading-title elementor-size-default\">Rev\u00eatement composite<br>\nRev\u00eatement de fa\u00e7ade en silicone<\/h2>\t\t\t\t<\/div>\n\t\t\t\t<\/div>\n\t\t\t\t\t<\/div>\n\t\t\t\t<\/div>\n\t\t\t\t\t<\/div>\n\t\t\t\t<\/div>\n\t\t\t\t\t<\/div>\n\t\t\t\t<\/div>\n\t\t\t\t\t<\/div>\n\t\t\t\t<\/div>\n\t\t<div class=\"elementor-element elementor-element-af7f2e2 e-flex e-con-boxed e-con e-parent\" data-id=\"af7f2e2\" data-element_type=\"container\">\n\t\t\t\t\t<div class=\"e-con-inner\">\n\t\t<div class=\"elementor-element elementor-element-ca422f9 e-con-full e-flex e-con e-child\" data-id=\"ca422f9\" data-element_type=\"container\">\n\t\t\t\t<div class=\"elementor-element elementor-element-4025736 elementor-widget elementor-widget-gallery\" data-id=\"4025736\" data-element_type=\"widget\" data-settings=\"{&quot;overlay_title&quot;:&quot;title&quot;,&quot;gallery_layout&quot;:&quot;justified&quot;,&quot;ideal_row_height&quot;:{&quot;unit&quot;:&quot;px&quot;,&quot;size&quot;:500,&quot;sizes&quot;:[]},&quot;lazyload&quot;:&quot;yes&quot;,&quot;ideal_row_height_tablet&quot;:{&quot;unit&quot;:&quot;px&quot;,&quot;size&quot;:150,&quot;sizes&quot;:[]},&quot;ideal_row_height_mobile&quot;:{&quot;unit&quot;:&quot;px&quot;,&quot;size&quot;:150,&quot;sizes&quot;:[]},&quot;gap&quot;:{&quot;unit&quot;:&quot;px&quot;,&quot;size&quot;:10,&quot;sizes&quot;:[]},&quot;gap_tablet&quot;:{&quot;unit&quot;:&quot;px&quot;,&quot;size&quot;:10,&quot;sizes&quot;:[]},&quot;gap_mobile&quot;:{&quot;unit&quot;:&quot;px&quot;,&quot;size&quot;:10,&quot;sizes&quot;:[]},&quot;link_to&quot;:&quot;file&quot;,&quot;overlay_background&quot;:&quot;yes&quot;,&quot;content_hover_animation&quot;:&quot;fade-in&quot;}\" data-widget_type=\"gallery.default\">\n\t\t\t\t<div class=\"elementor-widget-container\">\n\t\t\t\t\t\t\t<div class=\"elementor-gallery__container\">\n\t\t\t\t\t\t\t<a class=\"e-gallery-item elementor-gallery-item elementor-animated-content\" href=\"https:\/\/snrconst.com\/wp-content\/uploads\/DKD-Pendik-1.jpg\" data-elementor-open-lightbox=\"yes\" data-elementor-lightbox-slideshow=\"4025736\" data-elementor-lightbox-title=\"DKD \u0130n\u015faat\" data-e-action-hash=\"#elementor-action%3Aaction%3Dlightbox%26settings%3DeyJpZCI6NDU1MiwidXJsIjoiaHR0cHM6XC9cL3NucmNvbnN0LmNvbVwvd3AtY29udGVudFwvdXBsb2Fkc1wvREtELVBlbmRpay0xLmpwZyIsInNsaWRlc2hvdyI6IjQwMjU3MzYifQ%3D%3D\">\n\t\t\t\t\t<div class=\"e-gallery-image elementor-gallery-item__image\" data-thumbnail=\"https:\/\/snrconst.com\/wp-content\/uploads\/DKD-Pendik-1.jpg\" data-width=\"640\" data-height=\"853\" aria-label=\"\" role=\"img\" ><\/div>\n\t\t\t\t\t\t\t\t\t\t\t<div class=\"elementor-gallery-item__overlay\"><\/div>\n\t\t\t\t\t\t\t\t\t\t\t\t\t\t\t<div class=\"elementor-gallery-item__content\">\n\t\t\t\t\t\t\t\t\t\t\t\t\t\t<div class=\"elementor-gallery-item__title\">\n\t\t\t\t\t\t\t\t\t\t\t\t\t\t\t\t\t\tDKD Construction\t\t\t\t\t\t\t\t<\/div>\n\t\t\t\t\t\t\t\t\t\t\t\t<\/div>\n\t\t\t\t\t\t\t\t\t<\/a>\n\t\t\t\t\t\t\t<a class=\"e-gallery-item elementor-gallery-item elementor-animated-content\" href=\"https:\/\/snrconst.com\/wp-content\/uploads\/DKD-Pendik-2.jpg\" data-elementor-open-lightbox=\"yes\" data-elementor-lightbox-slideshow=\"4025736\" data-elementor-lightbox-title=\"DKD \u0130n\u015faat\" data-e-action-hash=\"#elementor-action%3Aaction%3Dlightbox%26settings%3DeyJpZCI6NDU1MywidXJsIjoiaHR0cHM6XC9cL3NucmNvbnN0LmNvbVwvd3AtY29udGVudFwvdXBsb2Fkc1wvREtELVBlbmRpay0yLmpwZyIsInNsaWRlc2hvdyI6IjQwMjU3MzYifQ%3D%3D\">\n\t\t\t\t\t<div class=\"e-gallery-image elementor-gallery-item__image\" data-thumbnail=\"https:\/\/snrconst.com\/wp-content\/uploads\/DKD-Pendik-2-1024x576.jpg\" data-width=\"640\" data-height=\"360\" aria-label=\"\" role=\"img\" ><\/div>\n\t\t\t\t\t\t\t\t\t\t\t<div class=\"elementor-gallery-item__overlay\"><\/div>\n\t\t\t\t\t\t\t\t\t\t\t\t\t\t\t<div class=\"elementor-gallery-item__content\">\n\t\t\t\t\t\t\t\t\t\t\t\t\t\t<div class=\"elementor-gallery-item__title\">\n\t\t\t\t\t\t\t\t\t\t\t\t\t\t\t\t\t\tDKD Construction\t\t\t\t\t\t\t\t<\/div>\n\t\t\t\t\t\t\t\t\t\t\t\t<\/div>\n\t\t\t\t\t\t\t\t\t<\/a>\n\t\t\t\t\t<\/div>\n\t\t\t\t\t<\/div>\n\t\t\t\t<\/div>\n\t\t\t\t<\/div>\n\t\t\t\t\t<\/div>\n\t\t\t\t<\/div>\n\t\t\t\t<\/div>","protected":false},"excerpt":{"rendered":"<p>Proje ad\u0131: Lokasyon: Pendik \/ \u0130stanbul Sistem Bilgisi: Kompozit Kaplama Silikon Cephe Kaplama DKD \u0130n\u015faat DKD \u0130n\u015faat<\/p>","protected":false},"author":1,"featured_media":0,"parent":74,"menu_order":0,"comment_status":"closed","ping_status":"closed","template":"elementor_header_footer","meta":{"footnotes":""},"class_list":["post-4234","page","type-page","status-publish","hentry"],"_links":{"self":[{"href":"https:\/\/snrconst.com\/fr\/wp-json\/wp\/v2\/pages\/4234","targetHints":{"allow":["GET"]}}],"collection":[{"href":"https:\/\/snrconst.com\/fr\/wp-json\/wp\/v2\/pages"}],"about":[{"href":"https:\/\/snrconst.com\/fr\/wp-json\/wp\/v2\/types\/page"}],"author":[{"embeddable":true,"href":"https:\/\/snrconst.com\/fr\/wp-json\/wp\/v2\/users\/1"}],"replies":[{"embeddable":true,"href":"https:\/\/snrconst.com\/fr\/wp-json\/wp\/v2\/comments?post=4234"}],"version-history":[{"count":29,"href":"https:\/\/snrconst.com\/fr\/wp-json\/wp\/v2\/pages\/4234\/revisions"}],"predecessor-version":[{"id":4866,"href":"https:\/\/snrconst.com\/fr\/wp-json\/wp\/v2\/pages\/4234\/revisions\/4866"}],"up":[{"embeddable":true,"href":"https:\/\/snrconst.com\/fr\/wp-json\/wp\/v2\/pages\/74"}],"wp:attachment":[{"href":"https:\/\/snrconst.com\/fr\/wp-json\/wp\/v2\/media?parent=4234"}],"curies":[{"name":"wp","href":"https:\/\/api.w.org\/{rel}","templated":true}]}}