{"id":3962,"date":"2024-02-04T13:48:10","date_gmt":"2024-02-04T10:48:10","guid":{"rendered":"https:\/\/snrconst.com\/?page_id=3962"},"modified":"2024-02-14T17:54:54","modified_gmt":"2024-02-14T14:54:54","slug":"systemes-de-portes-automatiques","status":"publish","type":"page","link":"https:\/\/snrconst.com\/fr\/activites\/systemes-de-portes-automatiques\/","title":{"rendered":"Syst\u00e8mes de portes automatiques"},"content":{"rendered":"<div data-elementor-type=\"wp-page\" data-elementor-id=\"3962\" class=\"elementor elementor-3962\" data-elementor-post-type=\"page\">\n\t\t\t\t\t\t<section class=\"elementor-section elementor-top-section elementor-element elementor-element-b6c72eb elementor-section-boxed elementor-section-height-default elementor-section-height-default\" data-id=\"b6c72eb\" data-element_type=\"section\" data-settings=\"{&quot;background_background&quot;:&quot;gradient&quot;}\">\n\t\t\t\t\t\t<div class=\"elementor-container elementor-column-gap-default\">\n\t\t\t\t\t<div class=\"elementor-column elementor-col-100 elementor-top-column elementor-element elementor-element-f668d2b\" data-id=\"f668d2b\" data-element_type=\"column\">\n\t\t\t<div class=\"elementor-widget-wrap elementor-element-populated\">\n\t\t\t\t\t\t<div class=\"elementor-element elementor-element-747526a elementor-invisible elementor-widget elementor-widget-theme-site-title elementor-widget-heading\" data-id=\"747526a\" data-element_type=\"widget\" data-settings=\"{&quot;_animation&quot;:&quot;fadeIn&quot;,&quot;_animation_delay&quot;:200}\" data-widget_type=\"theme-site-title.default\">\n\t\t\t\t<div class=\"elementor-widget-container\">\n\t\t\t\t\t<h6 class=\"elementor-heading-title elementor-size-default\"><a href=\"https:\/\/snrconst.com\/fr\">SUNRISE Syst\u00e8mes de fa\u00e7ade<\/a><\/h6>\t\t\t\t<\/div>\n\t\t\t\t<\/div>\n\t\t\t\t<div class=\"elementor-element elementor-element-2d9b99a elementor-widget-divider--view-line elementor-invisible elementor-widget elementor-widget-divider\" data-id=\"2d9b99a\" data-element_type=\"widget\" data-settings=\"{&quot;_animation&quot;:&quot;fadeIn&quot;,&quot;_animation_delay&quot;:200}\" data-widget_type=\"divider.default\">\n\t\t\t\t<div class=\"elementor-widget-container\">\n\t\t\t\t\t\t\t<div class=\"elementor-divider\">\n\t\t\t<span class=\"elementor-divider-separator\">\n\t\t\t\t\t\t<\/span>\n\t\t<\/div>\n\t\t\t\t\t\t<\/div>\n\t\t\t\t<\/div>\n\t\t<div class=\"elementor-element elementor-element-35e9499 e-flex e-con-boxed e-con e-parent\" data-id=\"35e9499\" data-element_type=\"container\">\n\t\t\t\t\t<div class=\"e-con-inner\">\n\t\t<div class=\"elementor-element elementor-element-14f1de9 e-con-full e-flex e-con e-child\" data-id=\"14f1de9\" data-element_type=\"container\">\n\t\t<div class=\"elementor-element elementor-element-20a31d5 e-con-full e-transform e-flex e-con e-child\" data-id=\"20a31d5\" data-element_type=\"container\" data-settings=\"{&quot;_transform_scale_effect_hover&quot;:{&quot;unit&quot;:&quot;px&quot;,&quot;size&quot;:0.95,&quot;sizes&quot;:[]},&quot;_transform_scale_effect_hover_tablet&quot;:{&quot;unit&quot;:&quot;px&quot;,&quot;size&quot;:&quot;&quot;,&quot;sizes&quot;:[]},&quot;_transform_scale_effect_hover_mobile&quot;:{&quot;unit&quot;:&quot;px&quot;,&quot;size&quot;:&quot;&quot;,&quot;sizes&quot;:[]}}\">\n\t\t\t\t<div class=\"elementor-element elementor-element-d1a8daa elementor-widget elementor-widget-image\" data-id=\"d1a8daa\" data-element_type=\"widget\" data-widget_type=\"image.default\">\n\t\t\t\t<div class=\"elementor-widget-container\">\n\t\t\t\t\t\t\t\t\t\t\t\t\t\t\t\t<a href=\"https:\/\/snrconst.com\/fr\/activites\/systemes-de-portes-automatiques\/systemes-de-portes-automatiques-2\/\">\n\t\t\t\t\t\t\t<img decoding=\"async\" src=\"https:\/\/snrconst.com\/wp-content\/uploads\/elementor\/thumbs\/Sunrise-Cephe-Sistemleri-Otomatik-Kapi-Sistemleri-5-qjstpvm4yuiz4iv20kfc29t0rw8d9mbsthes0hcx20.jpg\" title=\"Porte herm\u00e9tique en acier inoxydable\" alt=\"Porte herm\u00e9tique en acier inoxydable\" loading=\"lazy\" \/>\t\t\t\t\t\t\t\t<\/a>\n\t\t\t\t\t\t\t\t\t\t\t\t\t\t\t<\/div>\n\t\t\t\t<\/div>\n\t\t\t\t<div class=\"elementor-element elementor-element-606a202 elementor-widget__width-initial elementor-widget elementor-widget-heading\" data-id=\"606a202\" data-element_type=\"widget\" data-widget_type=\"heading.default\">\n\t\t\t\t<div class=\"elementor-widget-container\">\n\t\t\t\t\t<h2 class=\"elementor-heading-title elementor-size-default\"><a href=\"https:\/\/snrconst.com\/fr\/activites\/systemes-de-portes-automatiques\/systemes-de-portes-hermetiques-en-acier-inoxydable\/\">Porte herm\u00e9tique en acier inoxydable<\/a><\/h2>\t\t\t\t<\/div>\n\t\t\t\t<\/div>\n\t\t\t\t<\/div>\n\t\t<div class=\"elementor-element elementor-element-76090a4 e-con-full e-transform e-flex e-con e-child\" data-id=\"76090a4\" data-element_type=\"container\" data-settings=\"{&quot;_transform_scale_effect_hover&quot;:{&quot;unit&quot;:&quot;px&quot;,&quot;size&quot;:0.95,&quot;sizes&quot;:[]},&quot;_transform_scale_effect_hover_tablet&quot;:{&quot;unit&quot;:&quot;px&quot;,&quot;size&quot;:&quot;&quot;,&quot;sizes&quot;:[]},&quot;_transform_scale_effect_hover_mobile&quot;:{&quot;unit&quot;:&quot;px&quot;,&quot;size&quot;:&quot;&quot;,&quot;sizes&quot;:[]}}\">\n\t\t\t\t<div class=\"elementor-element elementor-element-f7e12ec elementor-widget elementor-widget-image\" data-id=\"f7e12ec\" data-element_type=\"widget\" data-widget_type=\"image.default\">\n\t\t\t\t<div class=\"elementor-widget-container\">\n\t\t\t\t\t\t\t\t\t\t\t\t\t\t\t\t<a href=\"https:\/\/snrconst.com\/fr\/activites\/systemes-de-portes-automatiques\/systemes-de-volets-roulants-automatiques\/\">\n\t\t\t\t\t\t\t<img decoding=\"async\" src=\"https:\/\/snrconst.com\/wp-content\/uploads\/elementor\/thumbs\/Sunrise-Cephe-Sistemleri-Otomatik-Kapi-Sistemleri-11-qjstqlxma7j05lstqvsw035xeomn958a93odg89w7s.jpg\" title=\"Syst\u00e8mes de volets roulants automatiques\" alt=\"Syst\u00e8mes de volets roulants automatiques\" loading=\"lazy\" \/>\t\t\t\t\t\t\t\t<\/a>\n\t\t\t\t\t\t\t\t\t\t\t\t\t\t\t<\/div>\n\t\t\t\t<\/div>\n\t\t\t\t<div class=\"elementor-element elementor-element-2e22dd3 elementor-widget__width-initial elementor-widget elementor-widget-heading\" data-id=\"2e22dd3\" data-element_type=\"widget\" data-widget_type=\"heading.default\">\n\t\t\t\t<div class=\"elementor-widget-container\">\n\t\t\t\t\t<h2 class=\"elementor-heading-title elementor-size-default\"><a href=\"https:\/\/snrconst.com\/fr\/activites\/systemes-de-portes-automatiques\/systemes-de-volets-roulants-automatiques\/\">Syst\u00e8mes de volets roulants automatiques<\/a><\/h2>\t\t\t\t<\/div>\n\t\t\t\t<\/div>\n\t\t\t\t<\/div>\n\t\t\t\t<\/div>\n\t\t<div class=\"elementor-element elementor-element-b1f17a0 e-con-full e-transform e-flex e-con e-child\" data-id=\"b1f17a0\" data-element_type=\"container\" data-settings=\"{&quot;_transform_scale_effect_hover&quot;:{&quot;unit&quot;:&quot;px&quot;,&quot;size&quot;:0.95,&quot;sizes&quot;:[]},&quot;_transform_scale_effect_hover_tablet&quot;:{&quot;unit&quot;:&quot;px&quot;,&quot;size&quot;:&quot;&quot;,&quot;sizes&quot;:[]},&quot;_transform_scale_effect_hover_mobile&quot;:{&quot;unit&quot;:&quot;px&quot;,&quot;size&quot;:&quot;&quot;,&quot;sizes&quot;:[]}}\">\n\t\t\t\t<div class=\"elementor-element elementor-element-dde6855 elementor-widget elementor-widget-image\" data-id=\"dde6855\" data-element_type=\"widget\" data-widget_type=\"image.default\">\n\t\t\t\t<div class=\"elementor-widget-container\">\n\t\t\t\t\t\t\t\t\t\t\t\t\t\t\t\t<a href=\"https:\/\/snrconst.com\/fr\/activites\/systemes-de-portes-automatiques\/systemes-de-portes-automatiques-2\/\">\n\t\t\t\t\t\t\t<img decoding=\"async\" src=\"https:\/\/snrconst.com\/wp-content\/uploads\/elementor\/thumbs\/Sunrise-Cephe-Sistemleri-Otomatik-Kapi-Sistemleri-3-qjstppz06a47fdd7dkv458vabvbi0xt9po6iz5ybh4.jpg\" title=\"Portes automatiques\" alt=\"Portes automatiques\" loading=\"lazy\" \/>\t\t\t\t\t\t\t\t<\/a>\n\t\t\t\t\t\t\t\t\t\t\t\t\t\t\t<\/div>\n\t\t\t\t<\/div>\n\t\t\t\t<div class=\"elementor-element elementor-element-2c70ad7 elementor-widget__width-initial elementor-widget elementor-widget-heading\" data-id=\"2c70ad7\" data-element_type=\"widget\" data-widget_type=\"heading.default\">\n\t\t\t\t<div class=\"elementor-widget-container\">\n\t\t\t\t\t<h2 class=\"elementor-heading-title elementor-size-default\"><a href=\"https:\/\/snrconst.com\/fr\/activites\/systemes-de-portes-automatiques\/systemes-de-portes-automatiques-2\/\">Syst\u00e8mes de portes automatiques<\/a><\/h2>\t\t\t\t<\/div>\n\t\t\t\t<\/div>\n\t\t\t\t<\/div>\n\t\t<div class=\"elementor-element elementor-element-07ec7e3 e-con-full e-flex e-con e-child\" data-id=\"07ec7e3\" data-element_type=\"container\">\n\t\t<div class=\"elementor-element elementor-element-10375f3 e-con-full e-transform e-flex e-con e-child\" data-id=\"10375f3\" data-element_type=\"container\" data-settings=\"{&quot;_transform_scale_effect_hover&quot;:{&quot;unit&quot;:&quot;px&quot;,&quot;size&quot;:0.95,&quot;sizes&quot;:[]},&quot;_transform_scale_effect_hover_tablet&quot;:{&quot;unit&quot;:&quot;px&quot;,&quot;size&quot;:&quot;&quot;,&quot;sizes&quot;:[]},&quot;_transform_scale_effect_hover_mobile&quot;:{&quot;unit&quot;:&quot;px&quot;,&quot;size&quot;:&quot;&quot;,&quot;sizes&quot;:[]}}\">\n\t\t\t\t<div class=\"elementor-element elementor-element-afde033 elementor-widget elementor-widget-image\" data-id=\"afde033\" data-element_type=\"widget\" data-widget_type=\"image.default\">\n\t\t\t\t<div class=\"elementor-widget-container\">\n\t\t\t\t\t\t\t\t\t\t\t\t\t\t\t\t<a href=\"https:\/\/snrconst.com\/fr\/activites\/systemes-de-portes-automatiques\/systemes-de-portes-sectionnelles\/\">\n\t\t\t\t\t\t\t<img decoding=\"async\" src=\"https:\/\/snrconst.com\/wp-content\/uploads\/elementor\/thumbs\/Sunrise-Cephe-Sistemleri-Otomatik-Kapi-Sistemleri-7-qjstq270aorzdslhy59q1q58xlbxri1x6dz6df35ug.jpg\" title=\"Syst\u00e8mes de portes sectionnelles\" alt=\"Syst\u00e8mes de portes sectionnelles\" loading=\"lazy\" \/>\t\t\t\t\t\t\t\t<\/a>\n\t\t\t\t\t\t\t\t\t\t\t\t\t\t\t<\/div>\n\t\t\t\t<\/div>\n\t\t\t\t<div class=\"elementor-element elementor-element-83a27c9 elementor-widget__width-initial elementor-widget elementor-widget-heading\" data-id=\"83a27c9\" data-element_type=\"widget\" data-widget_type=\"heading.default\">\n\t\t\t\t<div class=\"elementor-widget-container\">\n\t\t\t\t\t<h2 class=\"elementor-heading-title elementor-size-default\"><a href=\"https:\/\/snrconst.com\/fr\/activites\/systemes-de-portes-automatiques\/systemes-de-portes-sectionnelles\/\">Syst\u00e8mes de portes sectionnelles<\/a><\/h2>\t\t\t\t<\/div>\n\t\t\t\t<\/div>\n\t\t\t\t<\/div>\n\t\t<div class=\"elementor-element elementor-element-303fbba e-con-full e-transform e-flex e-con e-child\" data-id=\"303fbba\" data-element_type=\"container\" data-settings=\"{&quot;_transform_scale_effect_hover&quot;:{&quot;unit&quot;:&quot;px&quot;,&quot;size&quot;:0.95,&quot;sizes&quot;:[]},&quot;_transform_scale_effect_hover_tablet&quot;:{&quot;unit&quot;:&quot;px&quot;,&quot;size&quot;:&quot;&quot;,&quot;sizes&quot;:[]},&quot;_transform_scale_effect_hover_mobile&quot;:{&quot;unit&quot;:&quot;px&quot;,&quot;size&quot;:&quot;&quot;,&quot;sizes&quot;:[]}}\">\n\t\t\t\t<div class=\"elementor-element elementor-element-00da47e elementor-widget elementor-widget-image\" data-id=\"00da47e\" data-element_type=\"widget\" data-widget_type=\"image.default\">\n\t\t\t\t<div class=\"elementor-widget-container\">\n\t\t\t\t\t\t\t\t\t\t\t\t\t\t\t\t<a href=\"https:\/\/snrconst.com\/fr\/activites\/systemes-de-portes-automatiques\/systemes-de-barriere-otompark\/\">\n\t\t\t\t\t\t\t<img decoding=\"async\" src=\"https:\/\/snrconst.com\/wp-content\/uploads\/elementor\/thumbs\/Sunrise-Cephe-Sistemleri-Otomatik-Kapi-Sistemleri-13-qjstqrknf7qq39kmty8nf1qoyzuujbuo9vlabw1j6g.jpg\" title=\"Syst\u00e8mes de barri\u00e8res pour parkings\" alt=\"Syst\u00e8mes de barri\u00e8res pour parkings\" loading=\"lazy\" \/>\t\t\t\t\t\t\t\t<\/a>\n\t\t\t\t\t\t\t\t\t\t\t\t\t\t\t<\/div>\n\t\t\t\t<\/div>\n\t\t\t\t<div class=\"elementor-element elementor-element-f98cb8a elementor-widget__width-initial elementor-widget elementor-widget-heading\" data-id=\"f98cb8a\" data-element_type=\"widget\" data-widget_type=\"heading.default\">\n\t\t\t\t<div class=\"elementor-widget-container\">\n\t\t\t\t\t<h2 class=\"elementor-heading-title elementor-size-default\"><a href=\"https:\/\/snrconst.com\/fr\/activites\/systemes-de-portes-automatiques\/systemes-de-barriere-otompark\/\">Syst\u00e8mes de barri\u00e8res pour parkings<\/a><\/h2>\t\t\t\t<\/div>\n\t\t\t\t<\/div>\n\t\t\t\t<\/div>\n\t\t\t\t<\/div>\n\t\t\t\t\t<\/div>\n\t\t\t\t<\/div>\n\t\t\t\t\t<\/div>\n\t\t<\/div>\n\t\t\t\t\t<\/div>\n\t\t<\/section>\n\t\t\t\t<\/div>","protected":false},"excerpt":{"rendered":"<p>Paslanmaz Hermetik Kap\u0131 Otomatik Kepenk Sistemleri Fotoselli Kap\u0131 Sistemleri Seksiyonel Kap\u0131 Sistemleri Otompark Bariyer Sistemleri<\/p>","protected":false},"author":1,"featured_media":0,"parent":29,"menu_order":0,"comment_status":"closed","ping_status":"closed","template":"elementor_header_footer","meta":{"footnotes":""},"class_list":["post-3962","page","type-page","status-publish","hentry"],"_links":{"self":[{"href":"https:\/\/snrconst.com\/fr\/wp-json\/wp\/v2\/pages\/3962","targetHints":{"allow":["GET"]}}],"collection":[{"href":"https:\/\/snrconst.com\/fr\/wp-json\/wp\/v2\/pages"}],"about":[{"href":"https:\/\/snrconst.com\/fr\/wp-json\/wp\/v2\/types\/page"}],"author":[{"embeddable":true,"href":"https:\/\/snrconst.com\/fr\/wp-json\/wp\/v2\/users\/1"}],"replies":[{"embeddable":true,"href":"https:\/\/snrconst.com\/fr\/wp-json\/wp\/v2\/comments?post=3962"}],"version-history":[{"count":18,"href":"https:\/\/snrconst.com\/fr\/wp-json\/wp\/v2\/pages\/3962\/revisions"}],"predecessor-version":[{"id":5163,"href":"https:\/\/snrconst.com\/fr\/wp-json\/wp\/v2\/pages\/3962\/revisions\/5163"}],"up":[{"embeddable":true,"href":"https:\/\/snrconst.com\/fr\/wp-json\/wp\/v2\/pages\/29"}],"wp:attachment":[{"href":"https:\/\/snrconst.com\/fr\/wp-json\/wp\/v2\/media?parent=3962"}],"curies":[{"name":"wp","href":"https:\/\/api.w.org\/{rel}","templated":true}]}}