{"id":3958,"date":"2024-02-04T13:47:40","date_gmt":"2024-02-04T10:47:40","guid":{"rendered":"https:\/\/snrconst.com\/?page_id=3958"},"modified":"2024-02-14T20:24:35","modified_gmt":"2024-02-14T17:24:35","slug":"plafond-bioclimatique","status":"publish","type":"page","link":"https:\/\/snrconst.com\/fr\/activites\/systemes-dombrage-et-de-jardin-dhiver\/plafond-bioclimatique\/","title":{"rendered":"Plafond bioclimatique"},"content":{"rendered":"<div data-elementor-type=\"wp-page\" data-elementor-id=\"3958\" class=\"elementor elementor-3958\" data-elementor-post-type=\"page\">\n\t\t\t\t<div class=\"elementor-element elementor-element-25e57dd e-flex e-con-boxed e-con e-parent\" data-id=\"25e57dd\" data-element_type=\"container\">\n\t\t\t\t\t<div class=\"e-con-inner\">\n\t\t<div class=\"elementor-element elementor-element-b43cec2 e-con-full e-flex e-con e-child\" data-id=\"b43cec2\" data-element_type=\"container\">\n\t\t\t\t<div class=\"elementor-element elementor-element-52edb21 elementor-invisible elementor-widget elementor-widget-theme-site-title elementor-widget-heading\" data-id=\"52edb21\" data-element_type=\"widget\" data-settings=\"{&quot;_animation&quot;:&quot;fadeIn&quot;,&quot;_animation_delay&quot;:200}\" data-widget_type=\"theme-site-title.default\">\n\t\t\t\t<div class=\"elementor-widget-container\">\n\t\t\t\t\t<h6 class=\"elementor-heading-title elementor-size-default\"><a href=\"https:\/\/snrconst.com\/fr\">SUNRISE Syst\u00e8mes de fa\u00e7ade<\/a><\/h6>\t\t\t\t<\/div>\n\t\t\t\t<\/div>\n\t\t\t\t<div class=\"elementor-element elementor-element-395bcd7 elementor-widget-divider--view-line elementor-invisible elementor-widget elementor-widget-divider\" data-id=\"395bcd7\" data-element_type=\"widget\" data-settings=\"{&quot;_animation&quot;:&quot;fadeIn&quot;,&quot;_animation_delay&quot;:200}\" data-widget_type=\"divider.default\">\n\t\t\t\t<div class=\"elementor-widget-container\">\n\t\t\t\t\t\t\t<div class=\"elementor-divider\">\n\t\t\t<span class=\"elementor-divider-separator\">\n\t\t\t\t\t\t<\/span>\n\t\t<\/div>\n\t\t\t\t\t\t<\/div>\n\t\t\t\t<\/div>\n\t\t\t\t<\/div>\n\t\t<div class=\"elementor-element elementor-element-f3ea260 e-con-full e-flex e-con e-child\" data-id=\"f3ea260\" data-element_type=\"container\">\n\t\t\t\t<div class=\"elementor-element elementor-element-0641a98 elementor-widget__width-inherit elementor-widget-tablet__width-initial elementor-widget elementor-widget-text-editor\" data-id=\"0641a98\" data-element_type=\"widget\" data-widget_type=\"text-editor.default\">\n\t\t\t\t<div class=\"elementor-widget-container\">\n\t\t\t\t\t\t\t\t\t<p>Il s'agit d'un syst\u00e8me de toit ouvrant automatique en aluminium de nouvelle g\u00e9n\u00e9ration. Il fonctionne \u00e0 l'aide d'une t\u00e9l\u00e9commande et dispose d'un syst\u00e8me \u00e0 double mouvement qu'aucun autre produit ne propose.<\/p>\t\t\t\t\t\t\t\t<\/div>\n\t\t\t\t<\/div>\n\t\t\t\t<\/div>\n\t\t<div class=\"elementor-element elementor-element-0b328b1 e-con-full e-flex e-con e-child\" data-id=\"0b328b1\" data-element_type=\"container\">\n\t\t<div class=\"elementor-element elementor-element-33599ec e-flex e-con-boxed e-con e-child\" data-id=\"33599ec\" data-element_type=\"container\" data-settings=\"{&quot;background_background&quot;:&quot;classic&quot;}\">\n\t\t\t\t\t<div class=\"e-con-inner\">\n\t\t\t\t\t<\/div>\n\t\t\t\t<\/div>\n\t\t\t\t<\/div>\n\t\t\t\t<div class=\"elementor-element elementor-element-e43a1fc elementor-invisible elementor-widget elementor-widget-text-editor\" data-id=\"e43a1fc\" data-element_type=\"widget\" data-settings=\"{&quot;_animation&quot;:&quot;fadeIn&quot;,&quot;_animation_delay&quot;:400}\" data-widget_type=\"text-editor.default\">\n\t\t\t\t<div class=\"elementor-widget-container\">\n\t\t\t\t\t\t\t\t\t<p>Comme son nom l'indique, sa caract\u00e9ristique climatique provient de son double mouvement. Chaque panneau de toit pivotant de la pergola bioclimatique vous permet d'a\u00e9rer sans avoir \u00e0 ouvrir le produit. De plus, lorsqu'il est ouvert avec une certaine inclinaison, il ne laisse pas passer l'eau en cas de pluie l\u00e9g\u00e8re.<\/p><p>Le produit se compose de 4 moteurs. Il y a des moteurs principaux qui permettent d'ouvrir et de fermer le produit, et des moteurs \u00e0 pistons qui permettent de le faire tourner sur place.<\/p><p>Chaque panneau du plafond du produit est \u00e9quip\u00e9 de ses propres canaux d'\u00e9vacuation d'eau. Cela permet d'\u00e9vacuer l'eau vers la droite et vers la gauche \u00e0 l'int\u00e9rieur du produit.<\/p><p>L'une des caract\u00e9ristiques techniques du produit est qu'il peut \u00eatre install\u00e9 \u00e0 plat, sans inclinaison. C'est \u00e9galement l'une des caract\u00e9ristiques qui ne se retrouve dans aucun autre plafond ouvrant.<\/p>\t\t\t\t\t\t\t\t<\/div>\n\t\t\t\t<\/div>\n\t\t\t\t\t<\/div>\n\t\t\t\t<\/div>\n\t\t<div class=\"elementor-element elementor-element-0007808 e-flex e-con-boxed e-con e-parent\" data-id=\"0007808\" data-element_type=\"container\" data-settings=\"{&quot;background_background&quot;:&quot;gradient&quot;}\">\n\t\t\t\t\t<div class=\"e-con-inner\">\n\t\t\t\t<div class=\"elementor-element elementor-element-48bf73d elementor-widget elementor-widget-template\" data-id=\"48bf73d\" data-element_type=\"widget\" data-widget_type=\"template.default\">\n\t\t\t\t<div class=\"elementor-widget-container\">\n\t\t\t\t\t\t\t<div class=\"elementor-template\">\n\t\t\t\t\t<div data-elementor-type=\"section\" data-elementor-id=\"4358\" class=\"elementor elementor-4358\" data-elementor-post-type=\"elementor_library\">\n\t\t\t\t\t<section class=\"elementor-section elementor-top-section elementor-element elementor-element-70d665ea elementor-section-full_width elementor-section-height-default elementor-section-height-default\" data-id=\"70d665ea\" data-element_type=\"section\">\n\t\t\t\t\t\t<div class=\"elementor-container elementor-column-gap-default\">\n\t\t\t\t\t<div class=\"elementor-column elementor-col-100 elementor-top-column elementor-element elementor-element-415867bf\" data-id=\"415867bf\" data-element_type=\"column\">\n\t\t\t<div class=\"elementor-widget-wrap elementor-element-populated\">\n\t\t\t\t\t\t<div class=\"elementor-element elementor-element-1a70de7 elementor-invisible elementor-widget elementor-widget-text-editor\" data-id=\"1a70de7\" data-element_type=\"widget\" data-settings=\"{&quot;_animation&quot;:&quot;fadeIn&quot;}\" data-widget_type=\"text-editor.default\">\n\t\t\t\t<div class=\"elementor-widget-container\">\n\t\t\t\t\t\t\t\t\t<p>SUNRISE Construction<\/p>\t\t\t\t\t\t\t\t<\/div>\n\t\t\t\t<\/div>\n\t\t\t\t<div class=\"elementor-element elementor-element-5d2e2b19 elementor-invisible elementor-widget elementor-widget-heading\" data-id=\"5d2e2b19\" data-element_type=\"widget\" data-settings=\"{&quot;_animation&quot;:&quot;fadeIn&quot;,&quot;_animation_delay&quot;:200}\" data-widget_type=\"heading.default\">\n\t\t\t\t<div class=\"elementor-widget-container\">\n\t\t\t\t\t<h2 class=\"elementor-heading-title elementor-size-default\">Tous nos services<\/h2>\t\t\t\t<\/div>\n\t\t\t\t<\/div>\n\t\t\t\t<div class=\"elementor-element elementor-element-13bdf00e elementor-widget-divider--view-line elementor-invisible elementor-widget elementor-widget-divider\" data-id=\"13bdf00e\" data-element_type=\"widget\" data-settings=\"{&quot;_animation&quot;:&quot;fadeIn&quot;,&quot;_animation_delay&quot;:200}\" data-widget_type=\"divider.default\">\n\t\t\t\t<div class=\"elementor-widget-container\">\n\t\t\t\t\t\t\t<div class=\"elementor-divider\">\n\t\t\t<span class=\"elementor-divider-separator\">\n\t\t\t\t\t\t<\/span>\n\t\t<\/div>\n\t\t\t\t\t\t<\/div>\n\t\t\t\t<\/div>\n\t\t\t\t\t<\/div>\n\t\t<\/div>\n\t\t\t\t\t<\/div>\n\t\t<\/section>\n\t\t<div class=\"elementor-element elementor-element-936e30c e-flex e-con-boxed e-con e-parent\" data-id=\"936e30c\" data-element_type=\"container\">\n\t\t\t\t\t<div class=\"e-con-inner\">\n\t\t\t\t<div class=\"elementor-element elementor-element-1a5caad slide elementor-widget elementor-widget-noile-portfolio\" data-id=\"1a5caad\" data-element_type=\"widget\" data-widget_type=\"noile-portfolio.default\">\n\t\t\t\t<div class=\"elementor-widget-container\">\n\t\t\t\t\t    <!-- Case Study One Start -->\r\n    <section class=\"case-study-one case-study\">\r\n        <div class=\"container\">\r\n                        <div class=\"case-study-one__carousel noile-owl__carousel owl-theme owl-carousel\" data-owl-options='        {        &quot;loop&quot;: true,        &quot;margin&quot;: 1,        &quot;items&quot;: 5        ,&quot;nav&quot;: false                    ,&quot;autoplay&quot;: true            ,&quot;autoplayTimeout&quot;: 5000                                ,&quot;dots&quot;: false        ,&quot;smartSpeed&quot;: 700                    ,            &quot;responsive&quot;:            {                            &quot;0&quot;: {                &quot;margin&quot;: 24,                &quot;items&quot;: 1                },                            &quot;768&quot;: {                &quot;margin&quot;: 24,                &quot;items&quot;: 2                },                            &quot;992&quot;: {                &quot;margin&quot;: 24,                &quot;items&quot;: 3                },                            &quot;1400&quot;: {                &quot;margin&quot;: 24,                &quot;items&quot;: 3                }                        }                }    '>\r\n                                    <div class=\"case-study-one__carousel-item item\">\r\n                        <div class=\"case-study__item\">\r\n                            <div class=\"case-study__item-img-box\">\r\n                                <img decoding=\"async\" src=\"https:\/\/snrconst.com\/wp-content\/uploads\/Sunrise-Cephe-Sistemleri-Cephe-Kaplama-Sistemleri-Ana-Sayfa.jpg\" alt=\"\" class=\"case-study__item-img\" >                                                                    <p class=\"case-study__item-desc\">Syst\u00e8mes de rev\u00eatement de fa\u00e7ade<\/p>\r\n                                                                <h3 class=\"case-study__item-title\">\r\n                                    <a class=\"\" href=\"https:\/\/snrconst.com\/fr\/activites\/systemes-de-revetement-de-facade\/\"  >D\u00e9tail<\/a>                                <\/h3>\r\n                            <\/div>\r\n                            <a href=\"https:\/\/snrconst.com\/fr\/activites\/systemes-de-revetement-de-facade\/\"  class=\"case-study__item-btn\">\r\n                                <span class=\"case-study__item-btn-icon icon-arrow-right-2\"><\/span>\r\n                            <\/a>\r\n                        <\/div><!-- \/.case-study__item -->\r\n                    <\/div><!-- \/.case-study-one__carousel-item-->\r\n                                    <div class=\"case-study-one__carousel-item item\">\r\n                        <div class=\"case-study__item\">\r\n                            <div class=\"case-study__item-img-box\">\r\n                                <img decoding=\"async\" src=\"https:\/\/snrconst.com\/wp-content\/uploads\/Sunrise-Cephe-Sistemleri-Kompozit-Cephe-Ana-Sayfa.jpg\" alt=\"\" class=\"case-study__item-img\" >                                                                    <p class=\"case-study__item-desc\">Fa\u00e7ade composite en aluminium<\/p>\r\n                                                                <h3 class=\"case-study__item-title\">\r\n                                    <a class=\"\" href=\"https:\/\/snrconst.com\/fr\/activites\/facade-composite-en-aluminium\/\"  >D\u00e9tail<\/a>                                <\/h3>\r\n                            <\/div>\r\n                            <a href=\"https:\/\/snrconst.com\/fr\/activites\/facade-composite-en-aluminium\/\"  class=\"case-study__item-btn\">\r\n                                <span class=\"case-study__item-btn-icon icon-arrow-right-2\"><\/span>\r\n                            <\/a>\r\n                        <\/div><!-- \/.case-study__item -->\r\n                    <\/div><!-- \/.case-study-one__carousel-item-->\r\n                                    <div class=\"case-study-one__carousel-item item\">\r\n                        <div class=\"case-study__item\">\r\n                            <div class=\"case-study__item-img-box\">\r\n                                <img decoding=\"async\" src=\"https:\/\/snrconst.com\/wp-content\/uploads\/Sunrise-Cephe-Sistemleri-Seramik-Cephe-Ana-Sayfa.jpg\" alt=\"\" class=\"case-study__item-img\" >                                                                    <p class=\"case-study__item-desc\">Fa\u00e7ade C\u00e9ramique<\/p>\r\n                                                                <h3 class=\"case-study__item-title\">\r\n                                    <a class=\"\" href=\"https:\/\/snrconst.com\/fr\/activites\/facade-en-ceramique\/\"  >D\u00e9tail<\/a>                                <\/h3>\r\n                            <\/div>\r\n                            <a href=\"https:\/\/snrconst.com\/fr\/activites\/facade-en-ceramique\/\"  class=\"case-study__item-btn\">\r\n                                <span class=\"case-study__item-btn-icon icon-arrow-right-2\"><\/span>\r\n                            <\/a>\r\n                        <\/div><!-- \/.case-study__item -->\r\n                    <\/div><!-- \/.case-study-one__carousel-item-->\r\n                                    <div class=\"case-study-one__carousel-item item\">\r\n                        <div class=\"case-study__item\">\r\n                            <div class=\"case-study__item-img-box\">\r\n                                <img decoding=\"async\" src=\"https:\/\/snrconst.com\/wp-content\/uploads\/Sunrise-Cephe-Sistemleri-Aluminyum-Dograma-Ana-Sayfa.jpg\" alt=\"\" class=\"case-study__item-img\" >                                                                    <p class=\"case-study__item-desc\">Menuiserie en aluminium<\/p>\r\n                                                                <h3 class=\"case-study__item-title\">\r\n                                    <a class=\"\" href=\"https:\/\/snrconst.com\/fr\/activites\/menuiserie-en-aluminium\/\"  >D\u00e9tail<\/a>                                <\/h3>\r\n                            <\/div>\r\n                            <a href=\"https:\/\/snrconst.com\/fr\/activites\/menuiserie-en-aluminium\/\"  class=\"case-study__item-btn\">\r\n                                <span class=\"case-study__item-btn-icon icon-arrow-right-2\"><\/span>\r\n                            <\/a>\r\n                        <\/div><!-- \/.case-study__item -->\r\n                    <\/div><!-- \/.case-study-one__carousel-item-->\r\n                                    <div class=\"case-study-one__carousel-item item\">\r\n                        <div class=\"case-study__item\">\r\n                            <div class=\"case-study__item-img-box\">\r\n                                <img decoding=\"async\" src=\"https:\/\/snrconst.com\/wp-content\/uploads\/Sunrise-Cephe-Sistemleri-Kis-Bahcesi-Ana-Sayfa.jpg\" alt=\"\" class=\"case-study__item-img\" >                                                                    <p class=\"case-study__item-desc\">Ombrage et jardin d'hiver<\/p>\r\n                                                                <h3 class=\"case-study__item-title\">\r\n                                    <a class=\"\" href=\"https:\/\/snrconst.com\/fr\/activites\/systemes-dombrage-et-de-jardin-dhiver\/\"  >D\u00e9tail<\/a>                                <\/h3>\r\n                            <\/div>\r\n                            <a href=\"https:\/\/snrconst.com\/fr\/activites\/systemes-dombrage-et-de-jardin-dhiver\/\"  class=\"case-study__item-btn\">\r\n                                <span class=\"case-study__item-btn-icon icon-arrow-right-2\"><\/span>\r\n                            <\/a>\r\n                        <\/div><!-- \/.case-study__item -->\r\n                    <\/div><!-- \/.case-study-one__carousel-item-->\r\n                                    <div class=\"case-study-one__carousel-item item\">\r\n                        <div class=\"case-study__item\">\r\n                            <div class=\"case-study__item-img-box\">\r\n                                <img decoding=\"async\" src=\"https:\/\/snrconst.com\/wp-content\/uploads\/Sunrise-Cephe-Sistemleri-Otomatik-Kapi-Sistemleri-Ana-Sayfa-1.jpg\" alt=\"\" class=\"case-study__item-img\" >                                                                    <p class=\"case-study__item-desc\">Syst\u00e8mes de portes automatiques<\/p>\r\n                                                                <h3 class=\"case-study__item-title\">\r\n                                    <a class=\"\" href=\"https:\/\/snrconst.com\/fr\/activites\/systemes-de-portes-automatiques\/\"  >D\u00e9tail<\/a>                                <\/h3>\r\n                            <\/div>\r\n                            <a href=\"https:\/\/snrconst.com\/fr\/activites\/systemes-de-portes-automatiques\/\"  class=\"case-study__item-btn\">\r\n                                <span class=\"case-study__item-btn-icon icon-arrow-right-2\"><\/span>\r\n                            <\/a>\r\n                        <\/div><!-- \/.case-study__item -->\r\n                    <\/div><!-- \/.case-study-one__carousel-item-->\r\n                                    <div class=\"case-study-one__carousel-item item\">\r\n                        <div class=\"case-study__item\">\r\n                            <div class=\"case-study__item-img-box\">\r\n                                <img decoding=\"async\" src=\"https:\/\/snrconst.com\/wp-content\/uploads\/Sunrise-Cephe-Sistemleri-Camli-Korkuluk-Ana-Sayfa.jpg\" alt=\"\" class=\"case-study__item-img\" >                                                                    <p class=\"case-study__item-desc\">Garde-corps en verre<\/p>\r\n                                                                <h3 class=\"case-study__item-title\">\r\n                                    <a class=\"\" href=\"https:\/\/snrconst.com\/fr\/activites\/balustrade-en-verre\/\"  >D\u00e9tail<\/a>                                <\/h3>\r\n                            <\/div>\r\n                            <a href=\"https:\/\/snrconst.com\/fr\/activites\/balustrade-en-verre\/\"  class=\"case-study__item-btn\">\r\n                                <span class=\"case-study__item-btn-icon icon-arrow-right-2\"><\/span>\r\n                            <\/a>\r\n                        <\/div><!-- \/.case-study__item -->\r\n                    <\/div><!-- \/.case-study-one__carousel-item-->\r\n                            <\/div><!-- \/.case-study-one__carousel-->\r\n        <\/div><!-- \/.container -->\r\n    <\/section>\r\n    <!-- Case Study One End -->\r\n\t\t\t\t<\/div>\n\t\t\t\t<\/div>\n\t\t\t\t\t<\/div>\n\t\t\t\t<\/div>\n\t\t\t\t<\/div>\n\t\t\t\t<\/div>\n\t\t\t\t\t\t<\/div>\n\t\t\t\t<\/div>\n\t\t\t\t\t<\/div>\n\t\t\t\t<\/div>\n\t\t\t\t<\/div>","protected":false},"excerpt":{"rendered":"<p>Yeni nesil otomatik al\u00fcminyum a\u00e7\u0131l\u0131r tavan sistemidir. Uzaktan kumanda kontrol\u00fc ile \u00e7al\u0131\u015f\u0131r ve alternatif hi\u00e7bir \u00fcr\u00fcn\u00fcn yapamad\u0131\u011f\u0131 \u00e7ift hareket sistemine sahiptir.. Ad\u0131ndan da anla\u015f\u0131laca\u011f\u0131 gibi klimatik \u00f6zelli\u011fi \u00e7ift y\u00f6nl\u00fc hareketinden gelir. Bioclimatic pergola oldu\u011fu yerde d\u00f6nebilen her bir tavan paneli, \u00fcr\u00fcn\u00fc a\u00e7madan da havaland\u0131rma yapabilmenizi sa\u011flar. Hatta belli bir e\u011fimle a\u00e7\u0131ld\u0131\u011f\u0131nda hafif ya\u011fmur ya\u011f\u0131\u015flar\u0131nda su [&hellip;]<\/p>","protected":false},"author":1,"featured_media":0,"parent":3954,"menu_order":0,"comment_status":"closed","ping_status":"closed","template":"elementor_header_footer","meta":{"footnotes":""},"class_list":["post-3958","page","type-page","status-publish","hentry"],"_links":{"self":[{"href":"https:\/\/snrconst.com\/fr\/wp-json\/wp\/v2\/pages\/3958","targetHints":{"allow":["GET"]}}],"collection":[{"href":"https:\/\/snrconst.com\/fr\/wp-json\/wp\/v2\/pages"}],"about":[{"href":"https:\/\/snrconst.com\/fr\/wp-json\/wp\/v2\/types\/page"}],"author":[{"embeddable":true,"href":"https:\/\/snrconst.com\/fr\/wp-json\/wp\/v2\/users\/1"}],"replies":[{"embeddable":true,"href":"https:\/\/snrconst.com\/fr\/wp-json\/wp\/v2\/comments?post=3958"}],"version-history":[{"count":33,"href":"https:\/\/snrconst.com\/fr\/wp-json\/wp\/v2\/pages\/3958\/revisions"}],"predecessor-version":[{"id":5323,"href":"https:\/\/snrconst.com\/fr\/wp-json\/wp\/v2\/pages\/3958\/revisions\/5323"}],"up":[{"embeddable":true,"href":"https:\/\/snrconst.com\/fr\/wp-json\/wp\/v2\/pages\/3954"}],"wp:attachment":[{"href":"https:\/\/snrconst.com\/fr\/wp-json\/wp\/v2\/media?parent=3958"}],"curies":[{"name":"wp","href":"https:\/\/api.w.org\/{rel}","templated":true}]}}