{"id":3956,"date":"2024-02-04T13:47:26","date_gmt":"2024-02-04T10:47:26","guid":{"rendered":"https:\/\/snrconst.com\/?page_id=3956"},"modified":"2024-02-14T20:39:00","modified_gmt":"2024-02-14T17:39:00","slug":"plafond-de-pergola","status":"publish","type":"page","link":"https:\/\/snrconst.com\/fr\/activites\/systemes-dombrage-et-de-jardin-dhiver\/plafond-de-pergola\/","title":{"rendered":"Pergola Plafond"},"content":{"rendered":"<div data-elementor-type=\"wp-page\" data-elementor-id=\"3956\" class=\"elementor elementor-3956\" data-elementor-post-type=\"page\">\n\t\t\t\t<div class=\"elementor-element elementor-element-d238f33 e-flex e-con-boxed e-con e-parent\" data-id=\"d238f33\" data-element_type=\"container\">\n\t\t\t\t\t<div class=\"e-con-inner\">\n\t\t<div class=\"elementor-element elementor-element-d4d7fce e-con-full e-flex e-con e-child\" data-id=\"d4d7fce\" data-element_type=\"container\">\n\t\t\t\t<div class=\"elementor-element elementor-element-a47a9cf elementor-invisible elementor-widget elementor-widget-theme-site-title elementor-widget-heading\" data-id=\"a47a9cf\" data-element_type=\"widget\" data-settings=\"{&quot;_animation&quot;:&quot;fadeIn&quot;,&quot;_animation_delay&quot;:200}\" data-widget_type=\"theme-site-title.default\">\n\t\t\t\t<div class=\"elementor-widget-container\">\n\t\t\t\t\t<h6 class=\"elementor-heading-title elementor-size-default\"><a href=\"https:\/\/snrconst.com\/fr\">SUNRISE Syst\u00e8mes de fa\u00e7ade<\/a><\/h6>\t\t\t\t<\/div>\n\t\t\t\t<\/div>\n\t\t\t\t<div class=\"elementor-element elementor-element-2fd50fe elementor-widget-divider--view-line elementor-invisible elementor-widget elementor-widget-divider\" data-id=\"2fd50fe\" data-element_type=\"widget\" data-settings=\"{&quot;_animation&quot;:&quot;fadeIn&quot;,&quot;_animation_delay&quot;:200}\" data-widget_type=\"divider.default\">\n\t\t\t\t<div class=\"elementor-widget-container\">\n\t\t\t\t\t\t\t<div class=\"elementor-divider\">\n\t\t\t<span class=\"elementor-divider-separator\">\n\t\t\t\t\t\t<\/span>\n\t\t<\/div>\n\t\t\t\t\t\t<\/div>\n\t\t\t\t<\/div>\n\t\t\t\t<\/div>\n\t\t<div class=\"elementor-element elementor-element-1af38f7 e-con-full e-flex e-con e-child\" data-id=\"1af38f7\" data-element_type=\"container\">\n\t\t\t\t<div class=\"elementor-element elementor-element-f441aa9 elementor-widget__width-inherit elementor-widget-tablet__width-initial elementor-widget elementor-widget-text-editor\" data-id=\"f441aa9\" data-element_type=\"widget\" data-widget_type=\"text-editor.default\">\n\t\t\t\t<div class=\"elementor-widget-container\">\n\t\t\t\t\t\t\t\t\t<p><strong>Syst\u00e8mes de plafonds de pergola<\/strong>\u00a0Notre entreprise continue \u00e0 vous offrir le meilleur avec un regard diff\u00e9rent dans le cadre de besoins et d'attentes personnalis\u00e9s. Avec ces mod\u00e8les qui offrent un confort unique, vos espaces de vie deviennent plus agr\u00e9ables et plus utiles.<\/p>\t\t\t\t\t\t\t\t<\/div>\n\t\t\t\t<\/div>\n\t\t\t\t<\/div>\n\t\t<div class=\"elementor-element elementor-element-1443360 e-con-full e-flex e-con e-child\" data-id=\"1443360\" data-element_type=\"container\">\n\t\t<div class=\"elementor-element elementor-element-6d3a1d2 e-flex e-con-boxed e-con e-child\" data-id=\"6d3a1d2\" data-element_type=\"container\" data-settings=\"{&quot;background_background&quot;:&quot;classic&quot;}\">\n\t\t\t\t\t<div class=\"e-con-inner\">\n\t\t\t\t\t<\/div>\n\t\t\t\t<\/div>\n\t\t\t\t<\/div>\n\t\t\t\t\t<\/div>\n\t\t\t\t<\/div>\n\t\t\t\t<section class=\"elementor-section elementor-top-section elementor-element elementor-element-6f5c1eb elementor-section-boxed elementor-section-height-default elementor-section-height-default\" data-id=\"6f5c1eb\" data-element_type=\"section\">\n\t\t\t\t\t\t<div class=\"elementor-container elementor-column-gap-default\">\n\t\t\t\t\t<div class=\"elementor-column elementor-col-50 elementor-top-column elementor-element elementor-element-dd8f5eb\" data-id=\"dd8f5eb\" data-element_type=\"column\">\n\t\t\t<div class=\"elementor-widget-wrap elementor-element-populated\">\n\t\t\t\t\t\t<div class=\"elementor-element elementor-element-3f861a8 elementor-hidden-mobile elementor-widget elementor-widget-spacer\" data-id=\"3f861a8\" data-element_type=\"widget\" data-widget_type=\"spacer.default\">\n\t\t\t\t<div class=\"elementor-widget-container\">\n\t\t\t\t\t\t\t<div class=\"elementor-spacer\">\n\t\t\t<div class=\"elementor-spacer-inner\"><\/div>\n\t\t<\/div>\n\t\t\t\t\t\t<\/div>\n\t\t\t\t<\/div>\n\t\t\t\t<div class=\"elementor-element elementor-element-dd3653b elementor-invisible elementor-widget elementor-widget-heading\" data-id=\"dd3653b\" data-element_type=\"widget\" data-settings=\"{&quot;_animation&quot;:&quot;fadeIn&quot;,&quot;_animation_delay&quot;:200}\" data-widget_type=\"heading.default\">\n\t\t\t\t<div class=\"elementor-widget-container\">\n\t\t\t\t\t<h3 class=\"elementor-heading-title elementor-size-default\">Bien que nous ne puissions pas \u00e9liminer le soleil avec l'option du plafond mobile, nous vous prot\u00e9geons du soleil, du vent et de la neige en vous faisant de l'ombre.<\/h3>\t\t\t\t<\/div>\n\t\t\t\t<\/div>\n\t\t\t\t<div class=\"elementor-element elementor-element-0c3c081 elementor-widget-divider--view-line elementor-invisible elementor-widget elementor-widget-divider\" data-id=\"0c3c081\" data-element_type=\"widget\" data-settings=\"{&quot;_animation&quot;:&quot;fadeIn&quot;,&quot;_animation_delay&quot;:200}\" data-widget_type=\"divider.default\">\n\t\t\t\t<div class=\"elementor-widget-container\">\n\t\t\t\t\t\t\t<div class=\"elementor-divider\">\n\t\t\t<span class=\"elementor-divider-separator\">\n\t\t\t\t\t\t<\/span>\n\t\t<\/div>\n\t\t\t\t\t\t<\/div>\n\t\t\t\t<\/div>\n\t\t\t\t<div class=\"elementor-element elementor-element-8d1972a elementor-invisible elementor-widget elementor-widget-text-editor\" data-id=\"8d1972a\" data-element_type=\"widget\" data-settings=\"{&quot;_animation&quot;:&quot;fadeIn&quot;,&quot;_animation_delay&quot;:400}\" data-widget_type=\"text-editor.default\">\n\t\t\t\t<div class=\"elementor-widget-container\">\n\t\t\t\t\t\t\t\t\t<p>Tous nos syst\u00e8mes de plafonds de pergolas peuvent \u00eatre mont\u00e9s sur un mur ou \u00eatre install\u00e9s de mani\u00e8re autonome sur de petites ou de grandes surfaces avec des auvents sp\u00e9cialement con\u00e7us \u00e0 cet effet. Fabriqu\u00e9s avec des mat\u00e9riaux sp\u00e9ciaux en aluminium non corrosif, ces mod\u00e8les ajoutent de la valeur \u00e0 vos propri\u00e9t\u00e9s et \u00e0 votre entreprise.<\/p><p><strong>Syst\u00e8mes de plafonds pergola<\/strong>\u00a0Il est con\u00e7u pour avoir une seule pente sur des profils porteurs en aluminium. Le mod\u00e8le s'ouvre ou se ferme en se d\u00e9pla\u00e7ant sur des rails. Le produit peut \u00eatre utilis\u00e9 en toute saison et pr\u00e9sente la caract\u00e9ristique d'\u00eatre imperm\u00e9able \u00e0 la pluie et \u00e0 la neige. L'eau du tissu sp\u00e9cial du plafond est cach\u00e9e, elle s'\u00e9coule dans la section et est rejet\u00e9e \u00e0 l'ext\u00e9rieur. Gr\u00e2ce \u00e0 sa commande sp\u00e9ciale, il vous prot\u00e8ge facilement des influences ext\u00e9rieures en ouvrant et en fermant le plafond compl\u00e8tement ouvert, \u00e0 moiti\u00e9 ouvert ou autant que vous le souhaitez.<\/p>\t\t\t\t\t\t\t\t<\/div>\n\t\t\t\t<\/div>\n\t\t\t\t<div class=\"elementor-element elementor-element-df014ba elementor-invisible elementor-widget elementor-widget-text-editor\" data-id=\"df014ba\" data-element_type=\"widget\" data-settings=\"{&quot;_animation&quot;:&quot;fadeIn&quot;,&quot;_animation_delay&quot;:400}\" data-widget_type=\"text-editor.default\">\n\t\t\t\t<div class=\"elementor-widget-container\">\n\t\t\t\t\t\t\t\t\t<p>La toile des syst\u00e8mes de plafonds Pergola, qui est une option de couleur sp\u00e9ciale, est produite en blanc et en cr\u00e8me. En outre, cette toile sp\u00e9ciale est dot\u00e9e d'une fonction de pr\u00e9vention des flammes. Bien que nous ne puissions pas \u00e9liminer le soleil avec l'option du plafond mobile, nous vous prot\u00e9geons du soleil, du vent et de la neige en vous faisant de l'ombre.<\/p>\t\t\t\t\t\t\t\t<\/div>\n\t\t\t\t<\/div>\n\t\t\t\t\t<\/div>\n\t\t<\/div>\n\t\t\t\t<div class=\"elementor-column elementor-col-50 elementor-top-column elementor-element elementor-element-d67a382\" data-id=\"d67a382\" data-element_type=\"column\" data-settings=\"{&quot;background_background&quot;:&quot;classic&quot;}\">\n\t\t\t<div class=\"elementor-widget-wrap elementor-element-populated\">\n\t\t\t\t\t\t<div class=\"elementor-element elementor-element-295c224 elementor-widget elementor-widget-spacer\" data-id=\"295c224\" data-element_type=\"widget\" data-widget_type=\"spacer.default\">\n\t\t\t\t<div class=\"elementor-widget-container\">\n\t\t\t\t\t\t\t<div class=\"elementor-spacer\">\n\t\t\t<div class=\"elementor-spacer-inner\"><\/div>\n\t\t<\/div>\n\t\t\t\t\t\t<\/div>\n\t\t\t\t<\/div>\n\t\t\t\t\t<\/div>\n\t\t<\/div>\n\t\t\t\t\t<\/div>\n\t\t<\/section>\n\t\t<div class=\"elementor-element elementor-element-88e8ce1 e-flex e-con-boxed e-con e-parent\" data-id=\"88e8ce1\" data-element_type=\"container\" data-settings=\"{&quot;background_background&quot;:&quot;gradient&quot;}\">\n\t\t\t\t\t<div class=\"e-con-inner\">\n\t\t\t\t<div class=\"elementor-element elementor-element-88c88fd elementor-widget elementor-widget-template\" data-id=\"88c88fd\" data-element_type=\"widget\" data-widget_type=\"template.default\">\n\t\t\t\t<div class=\"elementor-widget-container\">\n\t\t\t\t\t\t\t<div class=\"elementor-template\">\n\t\t\t\t\t<div data-elementor-type=\"section\" data-elementor-id=\"4358\" class=\"elementor elementor-4358\" data-elementor-post-type=\"elementor_library\">\n\t\t\t\t\t<section class=\"elementor-section elementor-top-section elementor-element elementor-element-70d665ea elementor-section-full_width elementor-section-height-default elementor-section-height-default\" data-id=\"70d665ea\" data-element_type=\"section\">\n\t\t\t\t\t\t<div class=\"elementor-container elementor-column-gap-default\">\n\t\t\t\t\t<div class=\"elementor-column elementor-col-100 elementor-top-column elementor-element elementor-element-415867bf\" data-id=\"415867bf\" data-element_type=\"column\">\n\t\t\t<div class=\"elementor-widget-wrap elementor-element-populated\">\n\t\t\t\t\t\t<div class=\"elementor-element elementor-element-1a70de7 elementor-invisible elementor-widget elementor-widget-text-editor\" data-id=\"1a70de7\" data-element_type=\"widget\" data-settings=\"{&quot;_animation&quot;:&quot;fadeIn&quot;}\" data-widget_type=\"text-editor.default\">\n\t\t\t\t<div class=\"elementor-widget-container\">\n\t\t\t\t\t\t\t\t\t<p>SUNRISE Construction<\/p>\t\t\t\t\t\t\t\t<\/div>\n\t\t\t\t<\/div>\n\t\t\t\t<div class=\"elementor-element elementor-element-5d2e2b19 elementor-invisible elementor-widget elementor-widget-heading\" data-id=\"5d2e2b19\" data-element_type=\"widget\" data-settings=\"{&quot;_animation&quot;:&quot;fadeIn&quot;,&quot;_animation_delay&quot;:200}\" data-widget_type=\"heading.default\">\n\t\t\t\t<div class=\"elementor-widget-container\">\n\t\t\t\t\t<h2 class=\"elementor-heading-title elementor-size-default\">Tous nos services<\/h2>\t\t\t\t<\/div>\n\t\t\t\t<\/div>\n\t\t\t\t<div class=\"elementor-element elementor-element-13bdf00e elementor-widget-divider--view-line elementor-invisible elementor-widget elementor-widget-divider\" data-id=\"13bdf00e\" data-element_type=\"widget\" data-settings=\"{&quot;_animation&quot;:&quot;fadeIn&quot;,&quot;_animation_delay&quot;:200}\" data-widget_type=\"divider.default\">\n\t\t\t\t<div class=\"elementor-widget-container\">\n\t\t\t\t\t\t\t<div class=\"elementor-divider\">\n\t\t\t<span class=\"elementor-divider-separator\">\n\t\t\t\t\t\t<\/span>\n\t\t<\/div>\n\t\t\t\t\t\t<\/div>\n\t\t\t\t<\/div>\n\t\t\t\t\t<\/div>\n\t\t<\/div>\n\t\t\t\t\t<\/div>\n\t\t<\/section>\n\t\t<div class=\"elementor-element elementor-element-936e30c e-flex e-con-boxed e-con e-parent\" data-id=\"936e30c\" data-element_type=\"container\">\n\t\t\t\t\t<div class=\"e-con-inner\">\n\t\t\t\t<div class=\"elementor-element elementor-element-1a5caad slide elementor-widget elementor-widget-noile-portfolio\" data-id=\"1a5caad\" data-element_type=\"widget\" data-widget_type=\"noile-portfolio.default\">\n\t\t\t\t<div class=\"elementor-widget-container\">\n\t\t\t\t\t    <!-- Case Study One Start -->\r\n    <section class=\"case-study-one case-study\">\r\n        <div class=\"container\">\r\n                        <div class=\"case-study-one__carousel noile-owl__carousel owl-theme owl-carousel\" data-owl-options='        {        &quot;loop&quot;: true,        &quot;margin&quot;: 1,        &quot;items&quot;: 5        ,&quot;nav&quot;: false                    ,&quot;autoplay&quot;: true            ,&quot;autoplayTimeout&quot;: 5000                                ,&quot;dots&quot;: false        ,&quot;smartSpeed&quot;: 700                    ,            &quot;responsive&quot;:            {                            &quot;0&quot;: {                &quot;margin&quot;: 24,                &quot;items&quot;: 1                },                            &quot;768&quot;: {                &quot;margin&quot;: 24,                &quot;items&quot;: 2                },                            &quot;992&quot;: {                &quot;margin&quot;: 24,                &quot;items&quot;: 3                },                            &quot;1400&quot;: {                &quot;margin&quot;: 24,                &quot;items&quot;: 3                }                        }                }    '>\r\n                                    <div class=\"case-study-one__carousel-item item\">\r\n                        <div class=\"case-study__item\">\r\n                            <div class=\"case-study__item-img-box\">\r\n                                <img decoding=\"async\" src=\"https:\/\/snrconst.com\/wp-content\/uploads\/Sunrise-Cephe-Sistemleri-Cephe-Kaplama-Sistemleri-Ana-Sayfa.jpg\" alt=\"\" class=\"case-study__item-img\" >                                                                    <p class=\"case-study__item-desc\">Syst\u00e8mes de rev\u00eatement de fa\u00e7ade<\/p>\r\n                                                                <h3 class=\"case-study__item-title\">\r\n                                    <a class=\"\" href=\"https:\/\/snrconst.com\/fr\/activites\/systemes-de-revetement-de-facade\/\"  >D\u00e9tail<\/a>                                <\/h3>\r\n                            <\/div>\r\n                            <a href=\"https:\/\/snrconst.com\/fr\/activites\/systemes-de-revetement-de-facade\/\"  class=\"case-study__item-btn\">\r\n                                <span class=\"case-study__item-btn-icon icon-arrow-right-2\"><\/span>\r\n                            <\/a>\r\n                        <\/div><!-- \/.case-study__item -->\r\n                    <\/div><!-- \/.case-study-one__carousel-item-->\r\n                                    <div class=\"case-study-one__carousel-item item\">\r\n                        <div class=\"case-study__item\">\r\n                            <div class=\"case-study__item-img-box\">\r\n                                <img decoding=\"async\" src=\"https:\/\/snrconst.com\/wp-content\/uploads\/Sunrise-Cephe-Sistemleri-Kompozit-Cephe-Ana-Sayfa.jpg\" alt=\"\" class=\"case-study__item-img\" >                                                                    <p class=\"case-study__item-desc\">Fa\u00e7ade composite en aluminium<\/p>\r\n                                                                <h3 class=\"case-study__item-title\">\r\n                                    <a class=\"\" href=\"https:\/\/snrconst.com\/fr\/activites\/facade-composite-en-aluminium\/\"  >D\u00e9tail<\/a>                                <\/h3>\r\n                            <\/div>\r\n                            <a href=\"https:\/\/snrconst.com\/fr\/activites\/facade-composite-en-aluminium\/\"  class=\"case-study__item-btn\">\r\n                                <span class=\"case-study__item-btn-icon icon-arrow-right-2\"><\/span>\r\n                            <\/a>\r\n                        <\/div><!-- \/.case-study__item -->\r\n                    <\/div><!-- \/.case-study-one__carousel-item-->\r\n                                    <div class=\"case-study-one__carousel-item item\">\r\n                        <div class=\"case-study__item\">\r\n                            <div class=\"case-study__item-img-box\">\r\n                                <img decoding=\"async\" src=\"https:\/\/snrconst.com\/wp-content\/uploads\/Sunrise-Cephe-Sistemleri-Seramik-Cephe-Ana-Sayfa.jpg\" alt=\"\" class=\"case-study__item-img\" >                                                                    <p class=\"case-study__item-desc\">Fa\u00e7ade C\u00e9ramique<\/p>\r\n                                                                <h3 class=\"case-study__item-title\">\r\n                                    <a class=\"\" href=\"https:\/\/snrconst.com\/fr\/activites\/facade-en-ceramique\/\"  >D\u00e9tail<\/a>                                <\/h3>\r\n                            <\/div>\r\n                            <a href=\"https:\/\/snrconst.com\/fr\/activites\/facade-en-ceramique\/\"  class=\"case-study__item-btn\">\r\n                                <span class=\"case-study__item-btn-icon icon-arrow-right-2\"><\/span>\r\n                            <\/a>\r\n                        <\/div><!-- \/.case-study__item -->\r\n                    <\/div><!-- \/.case-study-one__carousel-item-->\r\n                                    <div class=\"case-study-one__carousel-item item\">\r\n                        <div class=\"case-study__item\">\r\n                            <div class=\"case-study__item-img-box\">\r\n                                <img decoding=\"async\" src=\"https:\/\/snrconst.com\/wp-content\/uploads\/Sunrise-Cephe-Sistemleri-Aluminyum-Dograma-Ana-Sayfa.jpg\" alt=\"\" class=\"case-study__item-img\" >                                                                    <p class=\"case-study__item-desc\">Menuiserie en aluminium<\/p>\r\n                                                                <h3 class=\"case-study__item-title\">\r\n                                    <a class=\"\" href=\"https:\/\/snrconst.com\/fr\/activites\/menuiserie-en-aluminium\/\"  >D\u00e9tail<\/a>                                <\/h3>\r\n                            <\/div>\r\n                            <a href=\"https:\/\/snrconst.com\/fr\/activites\/menuiserie-en-aluminium\/\"  class=\"case-study__item-btn\">\r\n                                <span class=\"case-study__item-btn-icon icon-arrow-right-2\"><\/span>\r\n                            <\/a>\r\n                        <\/div><!-- \/.case-study__item -->\r\n                    <\/div><!-- \/.case-study-one__carousel-item-->\r\n                                    <div class=\"case-study-one__carousel-item item\">\r\n                        <div class=\"case-study__item\">\r\n                            <div class=\"case-study__item-img-box\">\r\n                                <img decoding=\"async\" src=\"https:\/\/snrconst.com\/wp-content\/uploads\/Sunrise-Cephe-Sistemleri-Kis-Bahcesi-Ana-Sayfa.jpg\" alt=\"\" class=\"case-study__item-img\" >                                                                    <p class=\"case-study__item-desc\">Ombrage et jardin d'hiver<\/p>\r\n                                                                <h3 class=\"case-study__item-title\">\r\n                                    <a class=\"\" href=\"https:\/\/snrconst.com\/fr\/activites\/systemes-dombrage-et-de-jardin-dhiver\/\"  >D\u00e9tail<\/a>                                <\/h3>\r\n                            <\/div>\r\n                            <a href=\"https:\/\/snrconst.com\/fr\/activites\/systemes-dombrage-et-de-jardin-dhiver\/\"  class=\"case-study__item-btn\">\r\n                                <span class=\"case-study__item-btn-icon icon-arrow-right-2\"><\/span>\r\n                            <\/a>\r\n                        <\/div><!-- \/.case-study__item -->\r\n                    <\/div><!-- \/.case-study-one__carousel-item-->\r\n                                    <div class=\"case-study-one__carousel-item item\">\r\n                        <div class=\"case-study__item\">\r\n                            <div class=\"case-study__item-img-box\">\r\n                                <img decoding=\"async\" src=\"https:\/\/snrconst.com\/wp-content\/uploads\/Sunrise-Cephe-Sistemleri-Otomatik-Kapi-Sistemleri-Ana-Sayfa-1.jpg\" alt=\"\" class=\"case-study__item-img\" >                                                                    <p class=\"case-study__item-desc\">Syst\u00e8mes de portes automatiques<\/p>\r\n                                                                <h3 class=\"case-study__item-title\">\r\n                                    <a class=\"\" href=\"https:\/\/snrconst.com\/fr\/activites\/systemes-de-portes-automatiques\/\"  >D\u00e9tail<\/a>                                <\/h3>\r\n                            <\/div>\r\n                            <a href=\"https:\/\/snrconst.com\/fr\/activites\/systemes-de-portes-automatiques\/\"  class=\"case-study__item-btn\">\r\n                                <span class=\"case-study__item-btn-icon icon-arrow-right-2\"><\/span>\r\n                            <\/a>\r\n                        <\/div><!-- \/.case-study__item -->\r\n                    <\/div><!-- \/.case-study-one__carousel-item-->\r\n                                    <div class=\"case-study-one__carousel-item item\">\r\n                        <div class=\"case-study__item\">\r\n                            <div class=\"case-study__item-img-box\">\r\n                                <img decoding=\"async\" src=\"https:\/\/snrconst.com\/wp-content\/uploads\/Sunrise-Cephe-Sistemleri-Camli-Korkuluk-Ana-Sayfa.jpg\" alt=\"\" class=\"case-study__item-img\" >                                                                    <p class=\"case-study__item-desc\">Garde-corps en verre<\/p>\r\n                                                                <h3 class=\"case-study__item-title\">\r\n                                    <a class=\"\" href=\"https:\/\/snrconst.com\/fr\/activites\/balustrade-en-verre\/\"  >D\u00e9tail<\/a>                                <\/h3>\r\n                            <\/div>\r\n                            <a href=\"https:\/\/snrconst.com\/fr\/activites\/balustrade-en-verre\/\"  class=\"case-study__item-btn\">\r\n                                <span class=\"case-study__item-btn-icon icon-arrow-right-2\"><\/span>\r\n                            <\/a>\r\n                        <\/div><!-- \/.case-study__item -->\r\n                    <\/div><!-- \/.case-study-one__carousel-item-->\r\n                            <\/div><!-- \/.case-study-one__carousel-->\r\n        <\/div><!-- \/.container -->\r\n    <\/section>\r\n    <!-- Case Study One End -->\r\n\t\t\t\t<\/div>\n\t\t\t\t<\/div>\n\t\t\t\t\t<\/div>\n\t\t\t\t<\/div>\n\t\t\t\t<\/div>\n\t\t\t\t<\/div>\n\t\t\t\t\t\t<\/div>\n\t\t\t\t<\/div>\n\t\t\t\t\t<\/div>\n\t\t\t\t<\/div>\n\t\t\t\t<\/div>","protected":false},"excerpt":{"rendered":"<p>Pergola Tavan Sistemleri\u00a0firmam\u0131z ki\u015fiye \u00f6zel ihtiya\u00e7 ve beklentiler \u00e7er\u00e7evesinde farkl\u0131 bak\u0131\u015f a\u00e7\u0131s\u0131yla sizlere en iyiyi sunmaya devam ediyor. E\u015fsiz bir konfor sunan bu modeller ile ya\u015fam alanlar\u0131n\u0131z mekanlar\u0131n\u0131z daha keyifli ve daha kullan\u0131\u015fla hale gelir. Hareketli tavan se\u00e7ene\u011fi ile g\u00fcne\u015fi yok edemesek de g\u00f6lgelendirerek sizleri g\u00fcne\u015ften, r\u00fczg\u00e2rdan, kardan koruyoruz. T\u00fcm pergole tavan sistemlerimiz \u00f6zel \u00fcretilmi\u015f [&hellip;]<\/p>","protected":false},"author":1,"featured_media":0,"parent":3954,"menu_order":0,"comment_status":"closed","ping_status":"closed","template":"elementor_header_footer","meta":{"footnotes":""},"class_list":["post-3956","page","type-page","status-publish","hentry"],"_links":{"self":[{"href":"https:\/\/snrconst.com\/fr\/wp-json\/wp\/v2\/pages\/3956","targetHints":{"allow":["GET"]}}],"collection":[{"href":"https:\/\/snrconst.com\/fr\/wp-json\/wp\/v2\/pages"}],"about":[{"href":"https:\/\/snrconst.com\/fr\/wp-json\/wp\/v2\/types\/page"}],"author":[{"embeddable":true,"href":"https:\/\/snrconst.com\/fr\/wp-json\/wp\/v2\/users\/1"}],"replies":[{"embeddable":true,"href":"https:\/\/snrconst.com\/fr\/wp-json\/wp\/v2\/comments?post=3956"}],"version-history":[{"count":19,"href":"https:\/\/snrconst.com\/fr\/wp-json\/wp\/v2\/pages\/3956\/revisions"}],"predecessor-version":[{"id":5348,"href":"https:\/\/snrconst.com\/fr\/wp-json\/wp\/v2\/pages\/3956\/revisions\/5348"}],"up":[{"embeddable":true,"href":"https:\/\/snrconst.com\/fr\/wp-json\/wp\/v2\/pages\/3954"}],"wp:attachment":[{"href":"https:\/\/snrconst.com\/fr\/wp-json\/wp\/v2\/media?parent=3956"}],"curies":[{"name":"wp","href":"https:\/\/api.w.org\/{rel}","templated":true}]}}