{"id":3931,"date":"2024-02-04T13:43:22","date_gmt":"2024-02-04T10:43:22","guid":{"rendered":"https:\/\/snrconst.com\/?page_id=3931"},"modified":"2024-02-14T20:20:43","modified_gmt":"2024-02-14T17:20:43","slug":"facade-transparente","status":"publish","type":"page","link":"https:\/\/snrconst.com\/fr\/activites\/systemes-de-revetement-de-facade\/facade-transparente\/","title":{"rendered":"Fa\u00e7ade transparente"},"content":{"rendered":"<div data-elementor-type=\"wp-page\" data-elementor-id=\"3931\" class=\"elementor elementor-3931\" data-elementor-post-type=\"page\">\n\t\t\t\t<div class=\"elementor-element elementor-element-26d2d19 e-flex e-con-boxed e-con e-parent\" data-id=\"26d2d19\" data-element_type=\"container\">\n\t\t\t\t\t<div class=\"e-con-inner\">\n\t\t<div class=\"elementor-element elementor-element-db96982 e-con-full e-flex e-con e-child\" data-id=\"db96982\" data-element_type=\"container\">\n\t\t\t\t<div class=\"elementor-element elementor-element-372949f elementor-invisible elementor-widget elementor-widget-theme-site-title elementor-widget-heading\" data-id=\"372949f\" data-element_type=\"widget\" data-settings=\"{&quot;_animation&quot;:&quot;fadeIn&quot;,&quot;_animation_delay&quot;:200}\" data-widget_type=\"theme-site-title.default\">\n\t\t\t\t<div class=\"elementor-widget-container\">\n\t\t\t\t\t<h6 class=\"elementor-heading-title elementor-size-default\"><a href=\"https:\/\/snrconst.com\/fr\">SUNRISE Syst\u00e8mes de fa\u00e7ade<\/a><\/h6>\t\t\t\t<\/div>\n\t\t\t\t<\/div>\n\t\t\t\t<div class=\"elementor-element elementor-element-0456d07 elementor-widget-divider--view-line elementor-invisible elementor-widget elementor-widget-divider\" data-id=\"0456d07\" data-element_type=\"widget\" data-settings=\"{&quot;_animation&quot;:&quot;fadeIn&quot;,&quot;_animation_delay&quot;:200}\" data-widget_type=\"divider.default\">\n\t\t\t\t<div class=\"elementor-widget-container\">\n\t\t\t\t\t\t\t<div class=\"elementor-divider\">\n\t\t\t<span class=\"elementor-divider-separator\">\n\t\t\t\t\t\t<\/span>\n\t\t<\/div>\n\t\t\t\t\t\t<\/div>\n\t\t\t\t<\/div>\n\t\t\t\t<\/div>\n\t\t<div class=\"elementor-element elementor-element-aacba94 e-con-full e-flex e-con e-child\" data-id=\"aacba94\" data-element_type=\"container\">\n\t\t\t\t<div class=\"elementor-element elementor-element-64eb6d4 elementor-widget__width-inherit elementor-widget-tablet__width-initial elementor-widget elementor-widget-text-editor\" data-id=\"64eb6d4\" data-element_type=\"widget\" data-widget_type=\"text-editor.default\">\n\t\t\t\t<div class=\"elementor-widget-container\">\n\t\t\t\t\t\t\t\t\t<p>C'est le syst\u00e8me pr\u00e9f\u00e9r\u00e9 dans les vitrines, les salles d'exposition et les entr\u00e9es o\u00f9 il n'y a pas de cadre dans les fen\u00eatres, o\u00f9 la transparence et la lumi\u00e8re du jour sont recherch\u00e9es pour \u00eatre plus dominantes dans les zones volumineuses lorsqu'elles sont vues de l'int\u00e9rieur et de l'ext\u00e9rieur.<\/p><p>Il conserve sa nouveaut\u00e9 et son \u00e9l\u00e9gance pendant de nombreuses ann\u00e9es en accrochant et en fixant les verres \u00e0 l'aide de rotules porte-verres \u00e0 l'appareil de suspension de l'araign\u00e9e sur des carcasses porteuses en tube inoxydable ou en profil\u00e9 caisson et ne n\u00e9cessite aucun entretien autre que le nettoyage.<\/p>\t\t\t\t\t\t\t\t<\/div>\n\t\t\t\t<\/div>\n\t\t\t\t<\/div>\n\t\t<div class=\"elementor-element elementor-element-4d9a4a0 e-con-full e-flex e-con e-child\" data-id=\"4d9a4a0\" data-element_type=\"container\">\n\t\t\t\t<div class=\"elementor-element elementor-element-802f18e elementor-widget elementor-widget-gallery\" data-id=\"802f18e\" data-element_type=\"widget\" data-settings=\"{&quot;columns&quot;:2,&quot;lazyload&quot;:&quot;yes&quot;,&quot;gallery_layout&quot;:&quot;grid&quot;,&quot;columns_tablet&quot;:2,&quot;columns_mobile&quot;:1,&quot;gap&quot;:{&quot;unit&quot;:&quot;px&quot;,&quot;size&quot;:10,&quot;sizes&quot;:[]},&quot;gap_tablet&quot;:{&quot;unit&quot;:&quot;px&quot;,&quot;size&quot;:10,&quot;sizes&quot;:[]},&quot;gap_mobile&quot;:{&quot;unit&quot;:&quot;px&quot;,&quot;size&quot;:10,&quot;sizes&quot;:[]},&quot;link_to&quot;:&quot;file&quot;,&quot;aspect_ratio&quot;:&quot;3:2&quot;,&quot;overlay_background&quot;:&quot;yes&quot;,&quot;content_hover_animation&quot;:&quot;fade-in&quot;}\" data-widget_type=\"gallery.default\">\n\t\t\t\t<div class=\"elementor-widget-container\">\n\t\t\t\t\t\t\t<div class=\"elementor-gallery__container\">\n\t\t\t\t\t\t\t<a class=\"e-gallery-item elementor-gallery-item elementor-animated-content\" href=\"https:\/\/snrconst.com\/wp-content\/uploads\/Sunrise-Cehpe-Sistemleri-Transparan-Cephe-1.jpg\" data-elementor-open-lightbox=\"yes\" data-elementor-lightbox-slideshow=\"802f18e\" data-elementor-lightbox-title=\"Transparan Cephe (Planer)\" data-e-action-hash=\"#elementor-action%3Aaction%3Dlightbox%26settings%3DeyJpZCI6MzUwMSwidXJsIjoiaHR0cHM6XC9cL3NucmNvbnN0LmNvbVwvd3AtY29udGVudFwvdXBsb2Fkc1wvU3VucmlzZS1DZWhwZS1TaXN0ZW1sZXJpLVRyYW5zcGFyYW4tQ2VwaGUtMS5qcGciLCJzbGlkZXNob3ciOiI4MDJmMThlIn0%3D\">\n\t\t\t\t\t<div class=\"e-gallery-image elementor-gallery-item__image\" data-thumbnail=\"https:\/\/snrconst.com\/wp-content\/uploads\/Sunrise-Cehpe-Sistemleri-Transparan-Cephe-1.jpg\" data-width=\"1386\" data-height=\"780\" aria-label=\"\" role=\"img\" ><\/div>\n\t\t\t\t\t\t\t\t\t\t\t<div class=\"elementor-gallery-item__overlay\"><\/div>\n\t\t\t\t\t\t\t\t\t\t\t\t\t\t<\/a>\n\t\t\t\t\t\t\t<a class=\"e-gallery-item elementor-gallery-item elementor-animated-content\" href=\"https:\/\/snrconst.com\/wp-content\/uploads\/Sunrise-Cehpe-Sistemleri-Transparan-Cephe-2.jpg\" data-elementor-open-lightbox=\"yes\" data-elementor-lightbox-slideshow=\"802f18e\" data-elementor-lightbox-title=\"Transparan Cephe (Planer)\" data-e-action-hash=\"#elementor-action%3Aaction%3Dlightbox%26settings%3DeyJpZCI6MzUwMiwidXJsIjoiaHR0cHM6XC9cL3NucmNvbnN0LmNvbVwvd3AtY29udGVudFwvdXBsb2Fkc1wvU3VucmlzZS1DZWhwZS1TaXN0ZW1sZXJpLVRyYW5zcGFyYW4tQ2VwaGUtMi5qcGciLCJzbGlkZXNob3ciOiI4MDJmMThlIn0%3D\">\n\t\t\t\t\t<div class=\"e-gallery-image elementor-gallery-item__image\" data-thumbnail=\"https:\/\/snrconst.com\/wp-content\/uploads\/Sunrise-Cehpe-Sistemleri-Transparan-Cephe-2.jpg\" data-width=\"1386\" data-height=\"780\" aria-label=\"\" role=\"img\" ><\/div>\n\t\t\t\t\t\t\t\t\t\t\t<div class=\"elementor-gallery-item__overlay\"><\/div>\n\t\t\t\t\t\t\t\t\t\t\t\t\t\t<\/a>\n\t\t\t\t\t<\/div>\n\t\t\t\t\t<\/div>\n\t\t\t\t<\/div>\n\t\t\t\t<\/div>\n\t\t\t\t\t<\/div>\n\t\t\t\t<\/div>\n\t\t<div class=\"elementor-element elementor-element-3b43631 e-flex e-con-boxed e-con e-parent\" data-id=\"3b43631\" data-element_type=\"container\">\n\t\t\t\t\t<div class=\"e-con-inner\">\n\t\t\t\t<div class=\"elementor-element elementor-element-aabf11b elementor-widget elementor-widget-template\" data-id=\"aabf11b\" data-element_type=\"widget\" data-widget_type=\"template.default\">\n\t\t\t\t<div class=\"elementor-widget-container\">\n\t\t\t\t\t\t\t<div class=\"elementor-template\">\n\t\t\t\t\t<div data-elementor-type=\"section\" data-elementor-id=\"4358\" class=\"elementor elementor-4358\" data-elementor-post-type=\"elementor_library\">\n\t\t\t\t\t<section class=\"elementor-section elementor-top-section elementor-element elementor-element-70d665ea elementor-section-full_width elementor-section-height-default elementor-section-height-default\" data-id=\"70d665ea\" data-element_type=\"section\">\n\t\t\t\t\t\t<div class=\"elementor-container elementor-column-gap-default\">\n\t\t\t\t\t<div class=\"elementor-column elementor-col-100 elementor-top-column elementor-element elementor-element-415867bf\" data-id=\"415867bf\" data-element_type=\"column\">\n\t\t\t<div class=\"elementor-widget-wrap elementor-element-populated\">\n\t\t\t\t\t\t<div class=\"elementor-element elementor-element-1a70de7 elementor-invisible elementor-widget elementor-widget-text-editor\" data-id=\"1a70de7\" data-element_type=\"widget\" data-settings=\"{&quot;_animation&quot;:&quot;fadeIn&quot;}\" data-widget_type=\"text-editor.default\">\n\t\t\t\t<div class=\"elementor-widget-container\">\n\t\t\t\t\t\t\t\t\t<p>SUNRISE Construction<\/p>\t\t\t\t\t\t\t\t<\/div>\n\t\t\t\t<\/div>\n\t\t\t\t<div class=\"elementor-element elementor-element-5d2e2b19 elementor-invisible elementor-widget elementor-widget-heading\" data-id=\"5d2e2b19\" data-element_type=\"widget\" data-settings=\"{&quot;_animation&quot;:&quot;fadeIn&quot;,&quot;_animation_delay&quot;:200}\" data-widget_type=\"heading.default\">\n\t\t\t\t<div class=\"elementor-widget-container\">\n\t\t\t\t\t<h2 class=\"elementor-heading-title elementor-size-default\">Tous nos services<\/h2>\t\t\t\t<\/div>\n\t\t\t\t<\/div>\n\t\t\t\t<div class=\"elementor-element elementor-element-13bdf00e elementor-widget-divider--view-line elementor-invisible elementor-widget elementor-widget-divider\" data-id=\"13bdf00e\" data-element_type=\"widget\" data-settings=\"{&quot;_animation&quot;:&quot;fadeIn&quot;,&quot;_animation_delay&quot;:200}\" data-widget_type=\"divider.default\">\n\t\t\t\t<div class=\"elementor-widget-container\">\n\t\t\t\t\t\t\t<div class=\"elementor-divider\">\n\t\t\t<span class=\"elementor-divider-separator\">\n\t\t\t\t\t\t<\/span>\n\t\t<\/div>\n\t\t\t\t\t\t<\/div>\n\t\t\t\t<\/div>\n\t\t\t\t\t<\/div>\n\t\t<\/div>\n\t\t\t\t\t<\/div>\n\t\t<\/section>\n\t\t<div class=\"elementor-element elementor-element-936e30c e-flex e-con-boxed e-con e-parent\" data-id=\"936e30c\" data-element_type=\"container\">\n\t\t\t\t\t<div class=\"e-con-inner\">\n\t\t\t\t<div class=\"elementor-element elementor-element-1a5caad slide elementor-widget elementor-widget-noile-portfolio\" data-id=\"1a5caad\" data-element_type=\"widget\" data-widget_type=\"noile-portfolio.default\">\n\t\t\t\t<div class=\"elementor-widget-container\">\n\t\t\t\t\t    <!-- Case Study One Start -->\r\n    <section class=\"case-study-one case-study\">\r\n        <div class=\"container\">\r\n                        <div class=\"case-study-one__carousel noile-owl__carousel owl-theme owl-carousel\" data-owl-options='        {        &quot;loop&quot;: true,        &quot;margin&quot;: 1,        &quot;items&quot;: 5        ,&quot;nav&quot;: false                    ,&quot;autoplay&quot;: true            ,&quot;autoplayTimeout&quot;: 5000                                ,&quot;dots&quot;: false        ,&quot;smartSpeed&quot;: 700                    ,            &quot;responsive&quot;:            {                            &quot;0&quot;: {                &quot;margin&quot;: 24,                &quot;items&quot;: 1                },                            &quot;768&quot;: {                &quot;margin&quot;: 24,                &quot;items&quot;: 2                },                            &quot;992&quot;: {                &quot;margin&quot;: 24,                &quot;items&quot;: 3                },                            &quot;1400&quot;: {                &quot;margin&quot;: 24,                &quot;items&quot;: 3                }                        }                }    '>\r\n                                    <div class=\"case-study-one__carousel-item item\">\r\n                        <div class=\"case-study__item\">\r\n                            <div class=\"case-study__item-img-box\">\r\n                                <img decoding=\"async\" src=\"https:\/\/snrconst.com\/wp-content\/uploads\/Sunrise-Cephe-Sistemleri-Cephe-Kaplama-Sistemleri-Ana-Sayfa.jpg\" alt=\"\" class=\"case-study__item-img\" >                                                                    <p class=\"case-study__item-desc\">Syst\u00e8mes de rev\u00eatement de fa\u00e7ade<\/p>\r\n                                                                <h3 class=\"case-study__item-title\">\r\n                                    <a class=\"\" href=\"https:\/\/snrconst.com\/fr\/activites\/systemes-de-revetement-de-facade\/\"  >D\u00e9tail<\/a>                                <\/h3>\r\n                            <\/div>\r\n                            <a href=\"https:\/\/snrconst.com\/fr\/activites\/systemes-de-revetement-de-facade\/\"  class=\"case-study__item-btn\">\r\n                                <span class=\"case-study__item-btn-icon icon-arrow-right-2\"><\/span>\r\n                            <\/a>\r\n                        <\/div><!-- \/.case-study__item -->\r\n                    <\/div><!-- \/.case-study-one__carousel-item-->\r\n                                    <div class=\"case-study-one__carousel-item item\">\r\n                        <div class=\"case-study__item\">\r\n                            <div class=\"case-study__item-img-box\">\r\n                                <img decoding=\"async\" src=\"https:\/\/snrconst.com\/wp-content\/uploads\/Sunrise-Cephe-Sistemleri-Kompozit-Cephe-Ana-Sayfa.jpg\" alt=\"\" class=\"case-study__item-img\" >                                                                    <p class=\"case-study__item-desc\">Fa\u00e7ade composite en aluminium<\/p>\r\n                                                                <h3 class=\"case-study__item-title\">\r\n                                    <a class=\"\" href=\"https:\/\/snrconst.com\/fr\/activites\/facade-composite-en-aluminium\/\"  >D\u00e9tail<\/a>                                <\/h3>\r\n                            <\/div>\r\n                            <a href=\"https:\/\/snrconst.com\/fr\/activites\/facade-composite-en-aluminium\/\"  class=\"case-study__item-btn\">\r\n                                <span class=\"case-study__item-btn-icon icon-arrow-right-2\"><\/span>\r\n                            <\/a>\r\n                        <\/div><!-- \/.case-study__item -->\r\n                    <\/div><!-- \/.case-study-one__carousel-item-->\r\n                                    <div class=\"case-study-one__carousel-item item\">\r\n                        <div class=\"case-study__item\">\r\n                            <div class=\"case-study__item-img-box\">\r\n                                <img decoding=\"async\" src=\"https:\/\/snrconst.com\/wp-content\/uploads\/Sunrise-Cephe-Sistemleri-Seramik-Cephe-Ana-Sayfa.jpg\" alt=\"\" class=\"case-study__item-img\" >                                                                    <p class=\"case-study__item-desc\">Fa\u00e7ade C\u00e9ramique<\/p>\r\n                                                                <h3 class=\"case-study__item-title\">\r\n                                    <a class=\"\" href=\"https:\/\/snrconst.com\/fr\/activites\/facade-en-ceramique\/\"  >D\u00e9tail<\/a>                                <\/h3>\r\n                            <\/div>\r\n                            <a href=\"https:\/\/snrconst.com\/fr\/activites\/facade-en-ceramique\/\"  class=\"case-study__item-btn\">\r\n                                <span class=\"case-study__item-btn-icon icon-arrow-right-2\"><\/span>\r\n                            <\/a>\r\n                        <\/div><!-- \/.case-study__item -->\r\n                    <\/div><!-- \/.case-study-one__carousel-item-->\r\n                                    <div class=\"case-study-one__carousel-item item\">\r\n                        <div class=\"case-study__item\">\r\n                            <div class=\"case-study__item-img-box\">\r\n                                <img decoding=\"async\" src=\"https:\/\/snrconst.com\/wp-content\/uploads\/Sunrise-Cephe-Sistemleri-Aluminyum-Dograma-Ana-Sayfa.jpg\" alt=\"\" class=\"case-study__item-img\" >                                                                    <p class=\"case-study__item-desc\">Menuiserie en aluminium<\/p>\r\n                                                                <h3 class=\"case-study__item-title\">\r\n                                    <a class=\"\" href=\"https:\/\/snrconst.com\/fr\/activites\/menuiserie-en-aluminium\/\"  >D\u00e9tail<\/a>                                <\/h3>\r\n                            <\/div>\r\n                            <a href=\"https:\/\/snrconst.com\/fr\/activites\/menuiserie-en-aluminium\/\"  class=\"case-study__item-btn\">\r\n                                <span class=\"case-study__item-btn-icon icon-arrow-right-2\"><\/span>\r\n                            <\/a>\r\n                        <\/div><!-- \/.case-study__item -->\r\n                    <\/div><!-- \/.case-study-one__carousel-item-->\r\n                                    <div class=\"case-study-one__carousel-item item\">\r\n                        <div class=\"case-study__item\">\r\n                            <div class=\"case-study__item-img-box\">\r\n                                <img decoding=\"async\" src=\"https:\/\/snrconst.com\/wp-content\/uploads\/Sunrise-Cephe-Sistemleri-Kis-Bahcesi-Ana-Sayfa.jpg\" alt=\"\" class=\"case-study__item-img\" >                                                                    <p class=\"case-study__item-desc\">Ombrage et jardin d'hiver<\/p>\r\n                                                                <h3 class=\"case-study__item-title\">\r\n                                    <a class=\"\" href=\"https:\/\/snrconst.com\/fr\/activites\/systemes-dombrage-et-de-jardin-dhiver\/\"  >D\u00e9tail<\/a>                                <\/h3>\r\n                            <\/div>\r\n                            <a href=\"https:\/\/snrconst.com\/fr\/activites\/systemes-dombrage-et-de-jardin-dhiver\/\"  class=\"case-study__item-btn\">\r\n                                <span class=\"case-study__item-btn-icon icon-arrow-right-2\"><\/span>\r\n                            <\/a>\r\n                        <\/div><!-- \/.case-study__item -->\r\n                    <\/div><!-- \/.case-study-one__carousel-item-->\r\n                                    <div class=\"case-study-one__carousel-item item\">\r\n                        <div class=\"case-study__item\">\r\n                            <div class=\"case-study__item-img-box\">\r\n                                <img decoding=\"async\" src=\"https:\/\/snrconst.com\/wp-content\/uploads\/Sunrise-Cephe-Sistemleri-Otomatik-Kapi-Sistemleri-Ana-Sayfa-1.jpg\" alt=\"\" class=\"case-study__item-img\" >                                                                    <p class=\"case-study__item-desc\">Syst\u00e8mes de portes automatiques<\/p>\r\n                                                                <h3 class=\"case-study__item-title\">\r\n                                    <a class=\"\" href=\"https:\/\/snrconst.com\/fr\/activites\/systemes-de-portes-automatiques\/\"  >D\u00e9tail<\/a>                                <\/h3>\r\n                            <\/div>\r\n                            <a href=\"https:\/\/snrconst.com\/fr\/activites\/systemes-de-portes-automatiques\/\"  class=\"case-study__item-btn\">\r\n                                <span class=\"case-study__item-btn-icon icon-arrow-right-2\"><\/span>\r\n                            <\/a>\r\n                        <\/div><!-- \/.case-study__item -->\r\n                    <\/div><!-- \/.case-study-one__carousel-item-->\r\n                                    <div class=\"case-study-one__carousel-item item\">\r\n                        <div class=\"case-study__item\">\r\n                            <div class=\"case-study__item-img-box\">\r\n                                <img decoding=\"async\" src=\"https:\/\/snrconst.com\/wp-content\/uploads\/Sunrise-Cephe-Sistemleri-Camli-Korkuluk-Ana-Sayfa.jpg\" alt=\"\" class=\"case-study__item-img\" >                                                                    <p class=\"case-study__item-desc\">Garde-corps en verre<\/p>\r\n                                                                <h3 class=\"case-study__item-title\">\r\n                                    <a class=\"\" href=\"https:\/\/snrconst.com\/fr\/activites\/balustrade-en-verre\/\"  >D\u00e9tail<\/a>                                <\/h3>\r\n                            <\/div>\r\n                            <a href=\"https:\/\/snrconst.com\/fr\/activites\/balustrade-en-verre\/\"  class=\"case-study__item-btn\">\r\n                                <span class=\"case-study__item-btn-icon icon-arrow-right-2\"><\/span>\r\n                            <\/a>\r\n                        <\/div><!-- \/.case-study__item -->\r\n                    <\/div><!-- \/.case-study-one__carousel-item-->\r\n                            <\/div><!-- \/.case-study-one__carousel-->\r\n        <\/div><!-- \/.container -->\r\n    <\/section>\r\n    <!-- Case Study One End -->\r\n\t\t\t\t<\/div>\n\t\t\t\t<\/div>\n\t\t\t\t\t<\/div>\n\t\t\t\t<\/div>\n\t\t\t\t<\/div>\n\t\t\t\t<\/div>\n\t\t\t\t\t\t<\/div>\n\t\t\t\t<\/div>\n\t\t\t\t\t<\/div>\n\t\t\t\t<\/div>\n\t\t\t\t<\/div>","protected":false},"excerpt":{"rendered":"<p>Gerek i\u00e7 mekanlarda gerekse d\u0131\u015fardan bak\u0131ld\u0131\u011f\u0131nda hacimli alanlara \u015feffaf ve g\u00fcn\u0131\u015f\u0131\u011f\u0131n\u0131n daha h\u00e2kim olmas\u0131n\u0131n arand\u0131\u011f\u0131, camlarda herhangi bir \u00e7er\u00e7evenin bulunmad\u0131\u011f\u0131 vitrin, showroom ve giri\u015flerde a\u011f\u0131rl\u0131kla tercih edilen sistemdir. Daha \u00e7ok paslanmaz boru veya kutu profilli ta\u015f\u0131y\u0131c\u0131 karkaslar \u00fczerine spider ask\u0131 aparatlar\u0131na cam tutucu rotiller ile camlar\u0131n as\u0131larak tespitlenmesiyle uzun y\u0131llar yenili\u011fini ve zarafetini korur temizlik [&hellip;]<\/p>","protected":false},"author":1,"featured_media":0,"parent":3826,"menu_order":0,"comment_status":"closed","ping_status":"closed","template":"elementor_header_footer","meta":{"footnotes":""},"class_list":["post-3931","page","type-page","status-publish","hentry"],"_links":{"self":[{"href":"https:\/\/snrconst.com\/fr\/wp-json\/wp\/v2\/pages\/3931","targetHints":{"allow":["GET"]}}],"collection":[{"href":"https:\/\/snrconst.com\/fr\/wp-json\/wp\/v2\/pages"}],"about":[{"href":"https:\/\/snrconst.com\/fr\/wp-json\/wp\/v2\/types\/page"}],"author":[{"embeddable":true,"href":"https:\/\/snrconst.com\/fr\/wp-json\/wp\/v2\/users\/1"}],"replies":[{"embeddable":true,"href":"https:\/\/snrconst.com\/fr\/wp-json\/wp\/v2\/comments?post=3931"}],"version-history":[{"count":19,"href":"https:\/\/snrconst.com\/fr\/wp-json\/wp\/v2\/pages\/3931\/revisions"}],"predecessor-version":[{"id":5314,"href":"https:\/\/snrconst.com\/fr\/wp-json\/wp\/v2\/pages\/3931\/revisions\/5314"}],"up":[{"embeddable":true,"href":"https:\/\/snrconst.com\/fr\/wp-json\/wp\/v2\/pages\/3826"}],"wp:attachment":[{"href":"https:\/\/snrconst.com\/fr\/wp-json\/wp\/v2\/media?parent=3931"}],"curies":[{"name":"wp","href":"https:\/\/api.w.org\/{rel}","templated":true}]}}