{"id":3826,"date":"2024-01-20T20:04:24","date_gmt":"2024-01-20T17:04:24","guid":{"rendered":"https:\/\/snrconst.com\/?page_id=3826"},"modified":"2024-02-14T20:09:50","modified_gmt":"2024-02-14T17:09:50","slug":"systemes-de-revetement-de-facade","status":"publish","type":"page","link":"https:\/\/snrconst.com\/fr\/activites\/systemes-de-revetement-de-facade\/","title":{"rendered":"Syst\u00e8mes de rev\u00eatement de fa\u00e7ade"},"content":{"rendered":"<div data-elementor-type=\"wp-page\" data-elementor-id=\"3826\" class=\"elementor elementor-3826\" data-elementor-post-type=\"page\">\n\t\t\t\t\t\t<section class=\"elementor-section elementor-top-section elementor-element elementor-element-627c9c2 elementor-section-boxed elementor-section-height-default elementor-section-height-default\" data-id=\"627c9c2\" data-element_type=\"section\">\n\t\t\t\t\t\t<div class=\"elementor-container elementor-column-gap-default\">\n\t\t\t\t\t<div class=\"elementor-column elementor-col-100 elementor-top-column elementor-element elementor-element-1dc6a80\" data-id=\"1dc6a80\" data-element_type=\"column\">\n\t\t\t<div class=\"elementor-widget-wrap elementor-element-populated\">\n\t\t\t\t\t\t<div class=\"elementor-element elementor-element-e4d75c3 elementor-invisible elementor-widget elementor-widget-theme-site-title elementor-widget-heading\" data-id=\"e4d75c3\" data-element_type=\"widget\" data-settings=\"{&quot;_animation&quot;:&quot;fadeIn&quot;,&quot;_animation_delay&quot;:200}\" data-widget_type=\"theme-site-title.default\">\n\t\t\t\t<div class=\"elementor-widget-container\">\n\t\t\t\t\t<h6 class=\"elementor-heading-title elementor-size-default\"><a href=\"https:\/\/snrconst.com\/fr\">SUNRISE Syst\u00e8mes de fa\u00e7ade<\/a><\/h6>\t\t\t\t<\/div>\n\t\t\t\t<\/div>\n\t\t\t\t<div class=\"elementor-element elementor-element-4bf08b7 elementor-widget-divider--view-line elementor-invisible elementor-widget elementor-widget-divider\" data-id=\"4bf08b7\" data-element_type=\"widget\" data-settings=\"{&quot;_animation&quot;:&quot;fadeIn&quot;,&quot;_animation_delay&quot;:200}\" data-widget_type=\"divider.default\">\n\t\t\t\t<div class=\"elementor-widget-container\">\n\t\t\t\t\t\t\t<div class=\"elementor-divider\">\n\t\t\t<span class=\"elementor-divider-separator\">\n\t\t\t\t\t\t<\/span>\n\t\t<\/div>\n\t\t\t\t\t\t<\/div>\n\t\t\t\t<\/div>\n\t\t<div class=\"elementor-element elementor-element-b33bb46 e-flex e-con-boxed e-con e-parent\" data-id=\"b33bb46\" data-element_type=\"container\">\n\t\t\t\t\t<div class=\"e-con-inner\">\n\t\t<div class=\"elementor-element elementor-element-91fc921 e-con-full e-flex e-con e-child\" data-id=\"91fc921\" data-element_type=\"container\">\n\t\t<div class=\"elementor-element elementor-element-d343f02 e-con-full e-transform e-flex e-con e-child\" data-id=\"d343f02\" data-element_type=\"container\" data-settings=\"{&quot;_transform_scale_effect_hover&quot;:{&quot;unit&quot;:&quot;px&quot;,&quot;size&quot;:0.95,&quot;sizes&quot;:[]},&quot;_transform_scale_effect_hover_tablet&quot;:{&quot;unit&quot;:&quot;px&quot;,&quot;size&quot;:&quot;&quot;,&quot;sizes&quot;:[]},&quot;_transform_scale_effect_hover_mobile&quot;:{&quot;unit&quot;:&quot;px&quot;,&quot;size&quot;:&quot;&quot;,&quot;sizes&quot;:[]}}\">\n\t\t\t\t<div class=\"elementor-element elementor-element-5777f34 elementor-widget elementor-widget-image\" data-id=\"5777f34\" data-element_type=\"widget\" data-widget_type=\"image.default\">\n\t\t\t\t<div class=\"elementor-widget-container\">\n\t\t\t\t\t\t\t\t\t\t\t\t\t\t\t\t<a href=\"https:\/\/snrconst.com\/fr\/activites\/systemes-de-revetement-de-facade\/facade-en-silicone-structurel\/\">\n\t\t\t\t\t\t\t<img decoding=\"async\" src=\"https:\/\/snrconst.com\/wp-content\/uploads\/elementor\/thumbs\/Sunrise-Cehpe-Sistemleri-Cephe-Kaplama-Sistemleri-1-qihridhac3r8eyfak5k0yrkmjxla3haa9kglb02hy0.jpg\" title=\"Syst\u00e8mes de rev\u00eatement de fa\u00e7ade\" alt=\"Syst\u00e8mes de rev\u00eatement de fa\u00e7ade\" loading=\"lazy\" \/>\t\t\t\t\t\t\t\t<\/a>\n\t\t\t\t\t\t\t\t\t\t\t\t\t\t\t<\/div>\n\t\t\t\t<\/div>\n\t\t\t\t<div class=\"elementor-element elementor-element-60a48d9 elementor-widget__width-initial elementor-widget elementor-widget-heading\" data-id=\"60a48d9\" data-element_type=\"widget\" data-widget_type=\"heading.default\">\n\t\t\t\t<div class=\"elementor-widget-container\">\n\t\t\t\t\t<h2 class=\"elementor-heading-title elementor-size-default\"><a href=\"https:\/\/snrconst.com\/fr\/activites\/systemes-de-revetement-de-facade\/facade-en-silicone-structurel\/\">Fa\u00e7ade en silicone structurelle<\/a><\/h2>\t\t\t\t<\/div>\n\t\t\t\t<\/div>\n\t\t\t\t<\/div>\n\t\t<div class=\"elementor-element elementor-element-5fd8551 e-con-full e-transform e-flex e-con e-child\" data-id=\"5fd8551\" data-element_type=\"container\" data-settings=\"{&quot;_transform_scale_effect_hover&quot;:{&quot;unit&quot;:&quot;px&quot;,&quot;size&quot;:0.95,&quot;sizes&quot;:[]},&quot;_transform_scale_effect_hover_tablet&quot;:{&quot;unit&quot;:&quot;px&quot;,&quot;size&quot;:&quot;&quot;,&quot;sizes&quot;:[]},&quot;_transform_scale_effect_hover_mobile&quot;:{&quot;unit&quot;:&quot;px&quot;,&quot;size&quot;:&quot;&quot;,&quot;sizes&quot;:[]}}\">\n\t\t\t\t<div class=\"elementor-element elementor-element-ec95843 elementor-widget elementor-widget-image\" data-id=\"ec95843\" data-element_type=\"widget\" data-widget_type=\"image.default\">\n\t\t\t\t<div class=\"elementor-widget-container\">\n\t\t\t\t\t\t\t\t\t\t\t\t\t\t\t\t<a href=\"https:\/\/snrconst.com\/fr\/activites\/systemes-de-revetement-de-facade\/facade-a-demi-couverture\/\">\n\t\t\t\t\t\t\t<img decoding=\"async\" src=\"https:\/\/snrconst.com\/wp-content\/uploads\/elementor\/thumbs\/Sunrise-Cehpe-Sistemleri-Kapakli-Yari-Kapakli-Cephe-1-qihritgjkad3wbs2yugon5jgnheiqc1pzrjugpet08.jpg\" title=\"Fa\u00e7ade \u00e0 couvercle et demi-couvercle\" alt=\"Fa\u00e7ade \u00e0 couvercle et demi-couvercle\" loading=\"lazy\" \/>\t\t\t\t\t\t\t\t<\/a>\n\t\t\t\t\t\t\t\t\t\t\t\t\t\t\t<\/div>\n\t\t\t\t<\/div>\n\t\t\t\t<div class=\"elementor-element elementor-element-a2f05e1 elementor-widget__width-initial elementor-widget elementor-widget-heading\" data-id=\"a2f05e1\" data-element_type=\"widget\" data-widget_type=\"heading.default\">\n\t\t\t\t<div class=\"elementor-widget-container\">\n\t\t\t\t\t<h2 class=\"elementor-heading-title elementor-size-default\"><a href=\"https:\/\/snrconst.com\/fr\/activites\/systemes-de-revetement-de-facade\/facade-a-demi-couverture\/\">Fa\u00e7ade coiff\u00e9e et semi-coiff\u00e9e<\/a><\/h2>\t\t\t\t<\/div>\n\t\t\t\t<\/div>\n\t\t\t\t<\/div>\n\t\t\t\t<\/div>\n\t\t<div class=\"elementor-element elementor-element-d28227d e-con-full e-flex e-con e-child\" data-id=\"d28227d\" data-element_type=\"container\">\n\t\t<div class=\"elementor-element elementor-element-ec5a2c5 e-con-full e-transform e-flex e-con e-child\" data-id=\"ec5a2c5\" data-element_type=\"container\" data-settings=\"{&quot;_transform_scale_effect_hover&quot;:{&quot;unit&quot;:&quot;px&quot;,&quot;size&quot;:0.95,&quot;sizes&quot;:[]},&quot;_transform_scale_effect_hover_tablet&quot;:{&quot;unit&quot;:&quot;px&quot;,&quot;size&quot;:&quot;&quot;,&quot;sizes&quot;:[]},&quot;_transform_scale_effect_hover_mobile&quot;:{&quot;unit&quot;:&quot;px&quot;,&quot;size&quot;:&quot;&quot;,&quot;sizes&quot;:[]}}\">\n\t\t\t\t<div class=\"elementor-element elementor-element-ea9febb elementor-widget elementor-widget-image\" data-id=\"ea9febb\" data-element_type=\"widget\" data-widget_type=\"image.default\">\n\t\t\t\t<div class=\"elementor-widget-container\">\n\t\t\t\t\t\t\t\t\t\t\t\t\t\t\t\t<a href=\"https:\/\/snrconst.com\/fr\/activites\/systemes-de-revetement-de-facade\/facade-stratifiee-compacte\/\">\n\t\t\t\t\t\t\t<img decoding=\"async\" src=\"https:\/\/snrconst.com\/wp-content\/uploads\/elementor\/thumbs\/Sunrise-Cehpe-Sistemleri-Compact-Laminant-1-qihrik25ny08o85qhqeey7wupmould0emh0znxsqqg.jpg\" title=\"Compact Laminate\" alt=\"Compact Laminate\" loading=\"lazy\" \/>\t\t\t\t\t\t\t\t<\/a>\n\t\t\t\t\t\t\t\t\t\t\t\t\t\t\t<\/div>\n\t\t\t\t<\/div>\n\t\t\t\t<div class=\"elementor-element elementor-element-91f787a elementor-widget__width-initial elementor-widget elementor-widget-heading\" data-id=\"91f787a\" data-element_type=\"widget\" data-widget_type=\"heading.default\">\n\t\t\t\t<div class=\"elementor-widget-container\">\n\t\t\t\t\t<h2 class=\"elementor-heading-title elementor-size-default\"><a href=\"https:\/\/snrconst.com\/fr\/activites\/systemes-de-revetement-de-facade\/facade-stratifiee-compacte\/\">Fa\u00e7ade compacte en stratifi\u00e9<\/a><\/h2>\t\t\t\t<\/div>\n\t\t\t\t<\/div>\n\t\t\t\t<\/div>\n\t\t<div class=\"elementor-element elementor-element-8a5c978 e-con-full e-transform e-flex e-con e-child\" data-id=\"8a5c978\" data-element_type=\"container\" data-settings=\"{&quot;_transform_scale_effect_hover&quot;:{&quot;unit&quot;:&quot;px&quot;,&quot;size&quot;:0.95,&quot;sizes&quot;:[]},&quot;_transform_scale_effect_hover_tablet&quot;:{&quot;unit&quot;:&quot;px&quot;,&quot;size&quot;:&quot;&quot;,&quot;sizes&quot;:[]},&quot;_transform_scale_effect_hover_mobile&quot;:{&quot;unit&quot;:&quot;px&quot;,&quot;size&quot;:&quot;&quot;,&quot;sizes&quot;:[]}}\">\n\t\t\t\t<div class=\"elementor-element elementor-element-d1af9f2 elementor-widget elementor-widget-image\" data-id=\"d1af9f2\" data-element_type=\"widget\" data-widget_type=\"image.default\">\n\t\t\t\t<div class=\"elementor-widget-container\">\n\t\t\t\t\t\t\t\t\t\t\t\t\t\t\t\t<a href=\"https:\/\/snrconst.com\/fr\/activites\/systemes-de-revetement-de-facade\/facade-transparente\/\">\n\t\t\t\t\t\t\t<img decoding=\"async\" src=\"https:\/\/snrconst.com\/wp-content\/uploads\/elementor\/thumbs\/Sunrise-Cehpe-Sistemleri-Transparan-Cephe-1-qihrjraqebnfiaexh9394x021crqffs24f1bqo0ms8.jpg\" title=\"Fa\u00e7ade transparente (Planer)\" alt=\"Fa\u00e7ade transparente (Planer)\" loading=\"lazy\" \/>\t\t\t\t\t\t\t\t<\/a>\n\t\t\t\t\t\t\t\t\t\t\t\t\t\t\t<\/div>\n\t\t\t\t<\/div>\n\t\t\t\t<div class=\"elementor-element elementor-element-7fe08e1 elementor-widget__width-initial elementor-widget elementor-widget-heading\" data-id=\"7fe08e1\" data-element_type=\"widget\" data-widget_type=\"heading.default\">\n\t\t\t\t<div class=\"elementor-widget-container\">\n\t\t\t\t\t<h2 class=\"elementor-heading-title elementor-size-default\"><a href=\"https:\/\/snrconst.com\/fr\/activites\/systemes-de-revetement-de-facade\/facade-transparente\/\">Fa\u00e7ade transparente<\/a><\/h2>\t\t\t\t<\/div>\n\t\t\t\t<\/div>\n\t\t\t\t<\/div>\n\t\t<div class=\"elementor-element elementor-element-bd388a6 e-con-full e-transform e-flex e-con e-child\" data-id=\"bd388a6\" data-element_type=\"container\" data-settings=\"{&quot;_transform_scale_effect_hover&quot;:{&quot;unit&quot;:&quot;px&quot;,&quot;size&quot;:0.95,&quot;sizes&quot;:[]},&quot;_transform_scale_effect_hover_tablet&quot;:{&quot;unit&quot;:&quot;px&quot;,&quot;size&quot;:&quot;&quot;,&quot;sizes&quot;:[]},&quot;_transform_scale_effect_hover_mobile&quot;:{&quot;unit&quot;:&quot;px&quot;,&quot;size&quot;:&quot;&quot;,&quot;sizes&quot;:[]}}\">\n\t\t\t\t<div class=\"elementor-element elementor-element-49a01da elementor-widget elementor-widget-image\" data-id=\"49a01da\" data-element_type=\"widget\" data-widget_type=\"image.default\">\n\t\t\t\t<div class=\"elementor-widget-container\">\n\t\t\t\t\t\t\t\t\t\t\t\t\t\t\t\t<a href=\"https:\/\/snrconst.com\/fr\/activites\/systemes-de-revetement-de-facade\/lucarne-cati\/\">\n\t\t\t\t\t\t\t<img decoding=\"async\" src=\"https:\/\/snrconst.com\/wp-content\/uploads\/elementor\/thumbs\/Sunrise-Cehpe-Sistemleri-Skylight-Cati-qihrjpf20nkuv2hns89zzxh4ul1001klg5qcs43f4o.jpg\" title=\"Toit vitr\u00e9\" alt=\"Toit vitr\u00e9\" loading=\"lazy\" \/>\t\t\t\t\t\t\t\t<\/a>\n\t\t\t\t\t\t\t\t\t\t\t\t\t\t\t<\/div>\n\t\t\t\t<\/div>\n\t\t\t\t<div class=\"elementor-element elementor-element-b5f7874 elementor-widget__width-initial elementor-widget elementor-widget-heading\" data-id=\"b5f7874\" data-element_type=\"widget\" data-widget_type=\"heading.default\">\n\t\t\t\t<div class=\"elementor-widget-container\">\n\t\t\t\t\t<h2 class=\"elementor-heading-title elementor-size-default\"><a href=\"https:\/\/snrconst.com\/fr\/activites\/systemes-de-revetement-de-facade\/lucarne-cati\/\">Toit vitr\u00e9<\/a><\/h2>\t\t\t\t<\/div>\n\t\t\t\t<\/div>\n\t\t\t\t<\/div>\n\t\t\t\t<\/div>\n\t\t<div class=\"elementor-element elementor-element-626850e e-con-full e-flex e-con e-child\" data-id=\"626850e\" data-element_type=\"container\">\n\t\t<div class=\"elementor-element elementor-element-b601d98 e-con-full e-transform e-flex e-con e-child\" data-id=\"b601d98\" data-element_type=\"container\" data-settings=\"{&quot;_transform_scale_effect_hover&quot;:{&quot;unit&quot;:&quot;px&quot;,&quot;size&quot;:0.95,&quot;sizes&quot;:[]},&quot;_transform_scale_effect_hover_tablet&quot;:{&quot;unit&quot;:&quot;px&quot;,&quot;size&quot;:&quot;&quot;,&quot;sizes&quot;:[]},&quot;_transform_scale_effect_hover_mobile&quot;:{&quot;unit&quot;:&quot;px&quot;,&quot;size&quot;:&quot;&quot;,&quot;sizes&quot;:[]}}\">\n\t\t\t\t<div class=\"elementor-element elementor-element-01eddfd elementor-widget elementor-widget-image\" data-id=\"01eddfd\" data-element_type=\"widget\" data-widget_type=\"image.default\">\n\t\t\t\t<div class=\"elementor-widget-container\">\n\t\t\t\t\t\t\t\t\t\t\t\t\t\t\t\t<a href=\"https:\/\/snrconst.com\/fr\/activites\/systemes-de-revetement-de-facade\/brise-soleil\/\">\n\t\t\t\t\t\t\t<img decoding=\"async\" src=\"https:\/\/snrconst.com\/wp-content\/uploads\/elementor\/thumbs\/Sunrise-Cehpe-Sistemleri-Gunes-Kirici-1-qihrintifa5dyo09vs0x86yp366bg5fbyzmxl1n61k.jpg\" title=\"Sunrise Facade Systems - Brise-soleil 1\" alt=\"Sunrise Facade Systems - Brise-soleil 1\" loading=\"lazy\" \/>\t\t\t\t\t\t\t\t<\/a>\n\t\t\t\t\t\t\t\t\t\t\t\t\t\t\t<\/div>\n\t\t\t\t<\/div>\n\t\t\t\t<div class=\"elementor-element elementor-element-82a9f71 elementor-widget__width-initial elementor-widget elementor-widget-heading\" data-id=\"82a9f71\" data-element_type=\"widget\" data-widget_type=\"heading.default\">\n\t\t\t\t<div class=\"elementor-widget-container\">\n\t\t\t\t\t<h2 class=\"elementor-heading-title elementor-size-default\"><a href=\"https:\/\/snrconst.com\/fr\/activites\/systemes-de-revetement-de-facade\/brise-soleil\/\">Pare-soleil<\/a><\/h2>\t\t\t\t<\/div>\n\t\t\t\t<\/div>\n\t\t\t\t<\/div>\n\t\t<div class=\"elementor-element elementor-element-8d8bfd1 e-con-full e-transform e-flex e-con e-child\" data-id=\"8d8bfd1\" data-element_type=\"container\" data-settings=\"{&quot;_transform_scale_effect_hover&quot;:{&quot;unit&quot;:&quot;px&quot;,&quot;size&quot;:0.95,&quot;sizes&quot;:[]},&quot;_transform_scale_effect_hover_tablet&quot;:{&quot;unit&quot;:&quot;px&quot;,&quot;size&quot;:&quot;&quot;,&quot;sizes&quot;:[]},&quot;_transform_scale_effect_hover_mobile&quot;:{&quot;unit&quot;:&quot;px&quot;,&quot;size&quot;:&quot;&quot;,&quot;sizes&quot;:[]}}\">\n\t\t\t\t<div class=\"elementor-element elementor-element-9f13c49 elementor-widget elementor-widget-image\" data-id=\"9f13c49\" data-element_type=\"widget\" data-widget_type=\"image.default\">\n\t\t\t\t<div class=\"elementor-widget-container\">\n\t\t\t\t\t\t\t\t\t\t\t\t\t\t\t\t<a href=\"https:\/\/snrconst.com\/fr\/activites\/systemes-de-revetement-de-facade\/facade-en-maille\/\">\n\t\t\t\t\t\t\t<img decoding=\"async\" src=\"https:\/\/snrconst.com\/wp-content\/uploads\/elementor\/thumbs\/Sunrise-Cehpe-Sistemleri-Mesh-Cephe-1-qihrj7k4esweqh7loik36jzdk9h0xslp1pc4nutwew.jpg\" title=\"Syst\u00e8mes de fa\u00e7ade Sunrise \u2013 Fa\u00e7ade maill\u00e9e 1\" alt=\"Sunrise Cehpe Syst\u00e8mes - Fa\u00e7ade en maille 1\" loading=\"lazy\" \/>\t\t\t\t\t\t\t\t<\/a>\n\t\t\t\t\t\t\t\t\t\t\t\t\t\t\t<\/div>\n\t\t\t\t<\/div>\n\t\t\t\t<div class=\"elementor-element elementor-element-82d7a63 elementor-widget__width-initial elementor-widget elementor-widget-heading\" data-id=\"82d7a63\" data-element_type=\"widget\" data-widget_type=\"heading.default\">\n\t\t\t\t<div class=\"elementor-widget-container\">\n\t\t\t\t\t<h2 class=\"elementor-heading-title elementor-size-default\"><a href=\"https:\/\/snrconst.com\/fr\/activites\/systemes-de-revetement-de-facade\/facade-en-maille\/\">Fa\u00e7ade en maille<\/a><\/h2>\t\t\t\t<\/div>\n\t\t\t\t<\/div>\n\t\t\t\t<\/div>\n\t\t\t\t<\/div>\n\t\t\t\t\t<\/div>\n\t\t\t\t<\/div>\n\t\t\t\t\t<\/div>\n\t\t<\/div>\n\t\t\t\t\t<\/div>\n\t\t<\/section>\n\t\t\t\t<\/div>","protected":false},"excerpt":{"rendered":"<p>Str\u00fckt\u00fcrel Silikon Cephe Kapakl\u0131 &#038; Yar\u0131 Kapakl\u0131 Cephe Kompakt Laminant Cephe Transparan Cephe Skylight \u00c7at\u0131 G\u00fcne\u015f K\u0131r\u0131c\u0131 Mesh Cephe<\/p>","protected":false},"author":1,"featured_media":0,"parent":29,"menu_order":0,"comment_status":"closed","ping_status":"closed","template":"elementor_header_footer","meta":{"footnotes":""},"class_list":["post-3826","page","type-page","status-publish","hentry"],"_links":{"self":[{"href":"https:\/\/snrconst.com\/fr\/wp-json\/wp\/v2\/pages\/3826","targetHints":{"allow":["GET"]}}],"collection":[{"href":"https:\/\/snrconst.com\/fr\/wp-json\/wp\/v2\/pages"}],"about":[{"href":"https:\/\/snrconst.com\/fr\/wp-json\/wp\/v2\/types\/page"}],"author":[{"embeddable":true,"href":"https:\/\/snrconst.com\/fr\/wp-json\/wp\/v2\/users\/1"}],"replies":[{"embeddable":true,"href":"https:\/\/snrconst.com\/fr\/wp-json\/wp\/v2\/comments?post=3826"}],"version-history":[{"count":25,"href":"https:\/\/snrconst.com\/fr\/wp-json\/wp\/v2\/pages\/3826\/revisions"}],"predecessor-version":[{"id":5289,"href":"https:\/\/snrconst.com\/fr\/wp-json\/wp\/v2\/pages\/3826\/revisions\/5289"}],"up":[{"embeddable":true,"href":"https:\/\/snrconst.com\/fr\/wp-json\/wp\/v2\/pages\/29"}],"wp:attachment":[{"href":"https:\/\/snrconst.com\/fr\/wp-json\/wp\/v2\/media?parent=3826"}],"curies":[{"name":"wp","href":"https:\/\/api.w.org\/{rel}","templated":true}]}}