{"id":29,"date":"2023-10-08T04:33:12","date_gmt":"2023-10-08T04:33:12","guid":{"rendered":"http:\/\/noile-demo.local\/?page_id=29"},"modified":"2024-02-14T17:34:43","modified_gmt":"2024-02-14T14:34:43","slug":"activites","status":"publish","type":"page","link":"https:\/\/snrconst.com\/fr\/activites\/","title":{"rendered":"Services"},"content":{"rendered":"<div data-elementor-type=\"wp-page\" data-elementor-id=\"29\" class=\"elementor elementor-29\" data-elementor-post-type=\"page\">\n\t\t\t\t<div class=\"elementor-element elementor-element-d5ecfdf e-flex e-con-boxed e-con e-parent\" data-id=\"d5ecfdf\" data-element_type=\"container\">\n\t\t\t\t\t<div class=\"e-con-inner\">\n\t\t<div class=\"elementor-element elementor-element-93cfe64 e-con-full e-transform e-flex e-con e-child\" data-id=\"93cfe64\" data-element_type=\"container\" data-settings=\"{&quot;_transform_scale_effect_hover&quot;:{&quot;unit&quot;:&quot;px&quot;,&quot;size&quot;:0.95,&quot;sizes&quot;:[]},&quot;_transform_scale_effect_hover_tablet&quot;:{&quot;unit&quot;:&quot;px&quot;,&quot;size&quot;:&quot;&quot;,&quot;sizes&quot;:[]},&quot;_transform_scale_effect_hover_mobile&quot;:{&quot;unit&quot;:&quot;px&quot;,&quot;size&quot;:&quot;&quot;,&quot;sizes&quot;:[]}}\">\n\t\t\t\t<div class=\"elementor-element elementor-element-98e2823 elementor-widget elementor-widget-image\" data-id=\"98e2823\" data-element_type=\"widget\" data-widget_type=\"image.default\">\n\t\t\t\t<div class=\"elementor-widget-container\">\n\t\t\t\t\t\t\t\t\t\t\t\t\t\t\t\t<a href=\"https:\/\/snrconst.com\/fr\/activites\/systemes-de-revetement-de-facade\/\">\n\t\t\t\t\t\t\t<img decoding=\"async\" src=\"https:\/\/snrconst.com\/wp-content\/uploads\/elementor\/thumbs\/Sunrise-Cehpe-Sistemleri-Cephe-Kaplama-Sistemleri-1-qihridhac3r8eyfak5k0yrkmjxla3haa9kglb02hy0.jpg\" title=\"Syst\u00e8mes de rev\u00eatement de fa\u00e7ade\" alt=\"Syst\u00e8mes de rev\u00eatement de fa\u00e7ade\" loading=\"lazy\" \/>\t\t\t\t\t\t\t\t<\/a>\n\t\t\t\t\t\t\t\t\t\t\t\t\t\t\t<\/div>\n\t\t\t\t<\/div>\n\t\t\t\t<div class=\"elementor-element elementor-element-9072edf elementor-widget__width-initial elementor-widget elementor-widget-heading\" data-id=\"9072edf\" data-element_type=\"widget\" data-widget_type=\"heading.default\">\n\t\t\t\t<div class=\"elementor-widget-container\">\n\t\t\t\t\t<h2 class=\"elementor-heading-title elementor-size-default\"><a href=\"https:\/\/snrconst.com\/fr\/activites\/systemes-de-revetement-de-facade\/\">SYST\u00c8MES DE REV\u00caTEMENT DE FA\u00c7ADE<\/a><\/h2>\t\t\t\t<\/div>\n\t\t\t\t<\/div>\n\t\t\t\t<\/div>\n\t\t<div class=\"elementor-element elementor-element-6b7107c e-con-full e-transform e-flex e-con e-child\" data-id=\"6b7107c\" data-element_type=\"container\" data-settings=\"{&quot;_transform_scale_effect_hover&quot;:{&quot;unit&quot;:&quot;px&quot;,&quot;size&quot;:0.95,&quot;sizes&quot;:[]},&quot;_transform_scale_effect_hover_tablet&quot;:{&quot;unit&quot;:&quot;px&quot;,&quot;size&quot;:&quot;&quot;,&quot;sizes&quot;:[]},&quot;_transform_scale_effect_hover_mobile&quot;:{&quot;unit&quot;:&quot;px&quot;,&quot;size&quot;:&quot;&quot;,&quot;sizes&quot;:[]}}\">\n\t\t\t\t<div class=\"elementor-element elementor-element-fcb4957 elementor-widget elementor-widget-image\" data-id=\"fcb4957\" data-element_type=\"widget\" data-widget_type=\"image.default\">\n\t\t\t\t<div class=\"elementor-widget-container\">\n\t\t\t\t\t\t\t\t\t\t\t\t\t\t\t\t<a href=\"https:\/\/snrconst.com\/fr\/activites\/facade-composite-en-aluminium\/\">\n\t\t\t\t\t\t\t<img decoding=\"async\" src=\"https:\/\/snrconst.com\/wp-content\/uploads\/elementor\/thumbs\/placeholder-2-qjb8jg8pweoapp1fgjtyvd76lb2868167jm79evsd4.png\" title=\"placeholder.png\" alt=\"placeholder.png\" loading=\"lazy\" \/>\t\t\t\t\t\t\t\t<\/a>\n\t\t\t\t\t\t\t\t\t\t\t\t\t\t\t<\/div>\n\t\t\t\t<\/div>\n\t\t\t\t<div class=\"elementor-element elementor-element-ae87652 elementor-widget__width-initial elementor-widget elementor-widget-heading\" data-id=\"ae87652\" data-element_type=\"widget\" data-widget_type=\"heading.default\">\n\t\t\t\t<div class=\"elementor-widget-container\">\n\t\t\t\t\t<h2 class=\"elementor-heading-title elementor-size-default\"><a href=\"https:\/\/snrconst.com\/fr\/activites\/facade-composite-en-aluminium\/\">FA\u00c7ADE COMPOSITE EN ALUMINIUM<\/a><\/h2>\t\t\t\t<\/div>\n\t\t\t\t<\/div>\n\t\t\t\t<\/div>\n\t\t<div class=\"elementor-element elementor-element-fe4468d e-con-full e-transform e-flex e-con e-child\" data-id=\"fe4468d\" data-element_type=\"container\" data-settings=\"{&quot;_transform_scale_effect_hover&quot;:{&quot;unit&quot;:&quot;px&quot;,&quot;size&quot;:0.95,&quot;sizes&quot;:[]},&quot;_transform_scale_effect_hover_tablet&quot;:{&quot;unit&quot;:&quot;px&quot;,&quot;size&quot;:&quot;&quot;,&quot;sizes&quot;:[]},&quot;_transform_scale_effect_hover_mobile&quot;:{&quot;unit&quot;:&quot;px&quot;,&quot;size&quot;:&quot;&quot;,&quot;sizes&quot;:[]}}\">\n\t\t\t\t<div class=\"elementor-element elementor-element-9c309fd elementor-widget elementor-widget-image\" data-id=\"9c309fd\" data-element_type=\"widget\" data-widget_type=\"image.default\">\n\t\t\t\t<div class=\"elementor-widget-container\">\n\t\t\t\t\t\t\t\t\t\t\t\t\t\t\t\t<a href=\"https:\/\/snrconst.com\/fr\/activites\/facade-en-ceramique\/\">\n\t\t\t\t\t\t\t<img decoding=\"async\" src=\"https:\/\/snrconst.com\/wp-content\/uploads\/elementor\/thumbs\/Sunrise-Cehpe-Sistemleri-Seramik-Cephe-1-qihrjhwchzaka6sl050zfzdg3i22agqqr4igxwekig.jpg\" title=\"Fa\u00e7ade C\u00e9ramique\" alt=\"Fa\u00e7ade C\u00e9ramique\" loading=\"lazy\" \/>\t\t\t\t\t\t\t\t<\/a>\n\t\t\t\t\t\t\t\t\t\t\t\t\t\t\t<\/div>\n\t\t\t\t<\/div>\n\t\t\t\t<div class=\"elementor-element elementor-element-eea90e3 elementor-widget__width-initial elementor-widget elementor-widget-heading\" data-id=\"eea90e3\" data-element_type=\"widget\" data-widget_type=\"heading.default\">\n\t\t\t\t<div class=\"elementor-widget-container\">\n\t\t\t\t\t<h2 class=\"elementor-heading-title elementor-size-default\"><a href=\"https:\/\/snrconst.com\/fr\/activites\/facade-en-ceramique\/\">FACADE C\u00c9RAMIQUE<\/a><\/h2>\t\t\t\t<\/div>\n\t\t\t\t<\/div>\n\t\t\t\t<\/div>\n\t\t\t\t\t<\/div>\n\t\t\t\t<\/div>\n\t\t<div class=\"elementor-element elementor-element-6572420 e-flex e-con-boxed e-con e-parent\" data-id=\"6572420\" data-element_type=\"container\">\n\t\t\t\t\t<div class=\"e-con-inner\">\n\t\t<div class=\"elementor-element elementor-element-50f0265 e-con-full e-transform e-flex e-con e-child\" data-id=\"50f0265\" data-element_type=\"container\" data-settings=\"{&quot;_transform_scale_effect_hover&quot;:{&quot;unit&quot;:&quot;px&quot;,&quot;size&quot;:0.95,&quot;sizes&quot;:[]},&quot;_transform_scale_effect_hover_tablet&quot;:{&quot;unit&quot;:&quot;px&quot;,&quot;size&quot;:&quot;&quot;,&quot;sizes&quot;:[]},&quot;_transform_scale_effect_hover_mobile&quot;:{&quot;unit&quot;:&quot;px&quot;,&quot;size&quot;:&quot;&quot;,&quot;sizes&quot;:[]}}\">\n\t\t\t\t<div class=\"elementor-element elementor-element-e371e63 elementor-widget elementor-widget-image\" data-id=\"e371e63\" data-element_type=\"widget\" data-widget_type=\"image.default\">\n\t\t\t\t<div class=\"elementor-widget-container\">\n\t\t\t\t\t\t\t\t\t\t\t\t\t\t\t\t<a href=\"https:\/\/snrconst.com\/fr\/activites\/menuiserie-en-aluminium\/\">\n\t\t\t\t\t\t\t<img decoding=\"async\" src=\"https:\/\/snrconst.com\/wp-content\/uploads\/elementor\/thumbs\/Slide-Aluminyum-Dograma-qijcwp2s9ue8vaz5ou05qu4e0aya5zfw0wvrryb9lk.jpg\" title=\"Menuiserie en aluminium\" alt=\"Menuiserie en aluminium\" loading=\"lazy\" \/>\t\t\t\t\t\t\t\t<\/a>\n\t\t\t\t\t\t\t\t\t\t\t\t\t\t\t<\/div>\n\t\t\t\t<\/div>\n\t\t\t\t<div class=\"elementor-element elementor-element-a3515b6 elementor-widget__width-initial elementor-widget elementor-widget-heading\" data-id=\"a3515b6\" data-element_type=\"widget\" data-widget_type=\"heading.default\">\n\t\t\t\t<div class=\"elementor-widget-container\">\n\t\t\t\t\t<h2 class=\"elementor-heading-title elementor-size-default\"><a href=\"https:\/\/snrconst.com\/fr\/activites\/menuiserie-en-aluminium\/\">MENUISERIE EN ALUMINIUM<\/a><\/h2>\t\t\t\t<\/div>\n\t\t\t\t<\/div>\n\t\t\t\t<\/div>\n\t\t<div class=\"elementor-element elementor-element-e159fd1 e-con-full e-transform e-flex e-con e-child\" data-id=\"e159fd1\" data-element_type=\"container\" data-settings=\"{&quot;_transform_scale_effect_hover&quot;:{&quot;unit&quot;:&quot;px&quot;,&quot;size&quot;:0.95,&quot;sizes&quot;:[]},&quot;_transform_scale_effect_hover_tablet&quot;:{&quot;unit&quot;:&quot;px&quot;,&quot;size&quot;:&quot;&quot;,&quot;sizes&quot;:[]},&quot;_transform_scale_effect_hover_mobile&quot;:{&quot;unit&quot;:&quot;px&quot;,&quot;size&quot;:&quot;&quot;,&quot;sizes&quot;:[]}}\">\n\t\t\t\t<div class=\"elementor-element elementor-element-0dcaea4 elementor-widget elementor-widget-image\" data-id=\"0dcaea4\" data-element_type=\"widget\" data-widget_type=\"image.default\">\n\t\t\t\t<div class=\"elementor-widget-container\">\n\t\t\t\t\t\t\t\t\t\t\t\t\t\t\t\t<a href=\"https:\/\/snrconst.com\/fr\/activites\/kis-bahcesi\/\">\n\t\t\t\t\t\t\t<img decoding=\"async\" src=\"https:\/\/snrconst.com\/wp-content\/uploads\/elementor\/thumbs\/Slide-Kis-Bahcesi-qijd0bqcntd3p3pdhwhavf5gkv2avwukuvk9hexjko.jpg\" title=\"Jardin d&#039;hiver\" alt=\"Jardin d&#039;hiver\" loading=\"lazy\" \/>\t\t\t\t\t\t\t\t<\/a>\n\t\t\t\t\t\t\t\t\t\t\t\t\t\t\t<\/div>\n\t\t\t\t<\/div>\n\t\t\t\t<div class=\"elementor-element elementor-element-8987908 elementor-widget__width-initial elementor-widget elementor-widget-heading\" data-id=\"8987908\" data-element_type=\"widget\" data-widget_type=\"heading.default\">\n\t\t\t\t<div class=\"elementor-widget-container\">\n\t\t\t\t\t<h2 class=\"elementor-heading-title elementor-size-default\"><a href=\"https:\/\/snrconst.com\/fr\/activites\/kis-bahcesi\/\">JARDIN D'HIVER<\/a><\/h2>\t\t\t\t<\/div>\n\t\t\t\t<\/div>\n\t\t\t\t<\/div>\n\t\t<div class=\"elementor-element elementor-element-572205f e-con-full e-transform e-flex e-con e-child\" data-id=\"572205f\" data-element_type=\"container\" data-settings=\"{&quot;_transform_scale_effect_hover&quot;:{&quot;unit&quot;:&quot;px&quot;,&quot;size&quot;:0.95,&quot;sizes&quot;:[]},&quot;_transform_scale_effect_hover_tablet&quot;:{&quot;unit&quot;:&quot;px&quot;,&quot;size&quot;:&quot;&quot;,&quot;sizes&quot;:[]},&quot;_transform_scale_effect_hover_mobile&quot;:{&quot;unit&quot;:&quot;px&quot;,&quot;size&quot;:&quot;&quot;,&quot;sizes&quot;:[]}}\">\n\t\t\t\t<div class=\"elementor-element elementor-element-0a9fc38 elementor-widget elementor-widget-image\" data-id=\"0a9fc38\" data-element_type=\"widget\" data-widget_type=\"image.default\">\n\t\t\t\t<div class=\"elementor-widget-container\">\n\t\t\t\t\t\t\t\t\t\t\t\t\t\t\t\t<a href=\"https:\/\/snrconst.com\/fr\/activites\/systemes-de-portes-automatiques\/\">\n\t\t\t\t\t\t\t<img decoding=\"async\" src=\"https:\/\/snrconst.com\/wp-content\/uploads\/elementor\/thumbs\/Sunrise-Cephe-Sistemleri-Otomatik-Kapi-Sistemleri-3-qjstppz3tub96v38xhzknb897l05zfpesphv4tla3c.jpg\" title=\"Portes automatiques\" alt=\"Portes automatiques\" loading=\"lazy\" \/>\t\t\t\t\t\t\t\t<\/a>\n\t\t\t\t\t\t\t\t\t\t\t\t\t\t\t<\/div>\n\t\t\t\t<\/div>\n\t\t\t\t<div class=\"elementor-element elementor-element-b51d399 elementor-widget__width-initial elementor-widget elementor-widget-heading\" data-id=\"b51d399\" data-element_type=\"widget\" data-widget_type=\"heading.default\">\n\t\t\t\t<div class=\"elementor-widget-container\">\n\t\t\t\t\t<h2 class=\"elementor-heading-title elementor-size-default\"><a href=\"https:\/\/snrconst.com\/fr\/activites\/systemes-de-portes-automatiques\/\">SYST\u00c8MES DE PORTES AUTOMATIQUES<\/a><\/h2>\t\t\t\t<\/div>\n\t\t\t\t<\/div>\n\t\t\t\t<\/div>\n\t\t\t\t\t<\/div>\n\t\t\t\t<\/div>\n\t\t<div class=\"elementor-element elementor-element-b9a53c7 e-flex e-con-boxed e-con e-parent\" data-id=\"b9a53c7\" data-element_type=\"container\">\n\t\t\t\t\t<div class=\"e-con-inner\">\n\t\t<div class=\"elementor-element elementor-element-2585a83 e-con-full e-transform e-flex e-con e-child\" data-id=\"2585a83\" data-element_type=\"container\" data-settings=\"{&quot;_transform_scale_effect_hover&quot;:{&quot;unit&quot;:&quot;px&quot;,&quot;size&quot;:0.95,&quot;sizes&quot;:[]},&quot;_transform_scale_effect_hover_tablet&quot;:{&quot;unit&quot;:&quot;px&quot;,&quot;size&quot;:&quot;&quot;,&quot;sizes&quot;:[]},&quot;_transform_scale_effect_hover_mobile&quot;:{&quot;unit&quot;:&quot;px&quot;,&quot;size&quot;:&quot;&quot;,&quot;sizes&quot;:[]}}\">\n\t\t\t\t<div class=\"elementor-element elementor-element-0ccbeb8 elementor-widget elementor-widget-image\" data-id=\"0ccbeb8\" data-element_type=\"widget\" data-widget_type=\"image.default\">\n\t\t\t\t<div class=\"elementor-widget-container\">\n\t\t\t\t\t\t\t\t\t\t\t\t\t\t\t\t<a href=\"https:\/\/snrconst.com\/fr\/activites\/balustrade-en-verre\/\">\n\t\t\t\t\t\t\t<img decoding=\"async\" src=\"https:\/\/snrconst.com\/wp-content\/uploads\/elementor\/thumbs\/Sunrise-Cehpe-Sistemleri-Cam-Korkuluk-2-qihribllyfonrqi0v4qrts1pd5ujo32tlb5mcg5aag.jpg\" title=\"Garde-corps en verre\" alt=\"Garde-corps en verre\" loading=\"lazy\" \/>\t\t\t\t\t\t\t\t<\/a>\n\t\t\t\t\t\t\t\t\t\t\t\t\t\t\t<\/div>\n\t\t\t\t<\/div>\n\t\t\t\t<div class=\"elementor-element elementor-element-deb0858 elementor-widget__width-initial elementor-widget elementor-widget-heading\" data-id=\"deb0858\" data-element_type=\"widget\" data-widget_type=\"heading.default\">\n\t\t\t\t<div class=\"elementor-widget-container\">\n\t\t\t\t\t<h2 class=\"elementor-heading-title elementor-size-default\"><a href=\"https:\/\/snrconst.com\/fr\/activites\/balustrade-en-verre\/\">\u00c9L\u00c9MENTS VITR\u00c9S<\/a><\/h2>\t\t\t\t<\/div>\n\t\t\t\t<\/div>\n\t\t\t\t<\/div>\n\t\t\t\t\t<\/div>\n\t\t\t\t<\/div>\n\t\t\t\t<\/div>","protected":false},"excerpt":{"rendered":"<p>CEPHE KAPLAMA S\u0130STEMLER\u0130 AL\u00dcM\u0130NYUM KOMPOZ\u0130T CEPHE SERAM\u0130K CEPHE AL\u00dcM\u0130NYUM DO\u011eRAMA KI\u015e BAH\u00c7ES\u0130 OTOMAT\u0130K KAPI S\u0130STEMLER\u0130 CAMLI KORKULUK<\/p>","protected":false},"author":1,"featured_media":0,"parent":0,"menu_order":0,"comment_status":"closed","ping_status":"closed","template":"elementor_header_footer","meta":{"footnotes":""},"class_list":["post-29","page","type-page","status-publish","hentry"],"_links":{"self":[{"href":"https:\/\/snrconst.com\/fr\/wp-json\/wp\/v2\/pages\/29","targetHints":{"allow":["GET"]}}],"collection":[{"href":"https:\/\/snrconst.com\/fr\/wp-json\/wp\/v2\/pages"}],"about":[{"href":"https:\/\/snrconst.com\/fr\/wp-json\/wp\/v2\/types\/page"}],"author":[{"embeddable":true,"href":"https:\/\/snrconst.com\/fr\/wp-json\/wp\/v2\/users\/1"}],"replies":[{"embeddable":true,"href":"https:\/\/snrconst.com\/fr\/wp-json\/wp\/v2\/comments?post=29"}],"version-history":[{"count":44,"href":"https:\/\/snrconst.com\/fr\/wp-json\/wp\/v2\/pages\/29\/revisions"}],"predecessor-version":[{"id":5134,"href":"https:\/\/snrconst.com\/fr\/wp-json\/wp\/v2\/pages\/29\/revisions\/5134"}],"wp:attachment":[{"href":"https:\/\/snrconst.com\/fr\/wp-json\/wp\/v2\/media?parent=29"}],"curies":[{"name":"wp","href":"https:\/\/api.w.org\/{rel}","templated":true}]}}