{"id":153,"date":"2023-10-08T04:42:39","date_gmt":"2023-10-08T04:42:39","guid":{"rendered":"http:\/\/noile-demo.local\/?page_id=153"},"modified":"2024-02-14T00:06:00","modified_gmt":"2024-02-13T21:06:00","slug":"communication","status":"publish","type":"page","link":"https:\/\/snrconst.com\/fr\/communication\/","title":{"rendered":"Contact"},"content":{"rendered":"<div data-elementor-type=\"wp-page\" data-elementor-id=\"153\" class=\"elementor elementor-153\" data-elementor-post-type=\"page\">\n\t\t\t\t<div class=\"elementor-element elementor-element-829ddcc e-con-full e-flex e-con e-parent\" data-id=\"829ddcc\" data-element_type=\"container\">\n\t\t\t\t<div class=\"elementor-element elementor-element-065bc5f elementor-widget elementor-widget-noile-google-maps\" data-id=\"065bc5f\" data-element_type=\"widget\" data-widget_type=\"noile-google-maps.default\">\n\t\t\t\t<div class=\"elementor-widget-container\">\n\t\t\t\t\t\t\t<!--Google Map Two Start-->\r\n\t<section class=\"google-map\">\r\n\t\t<iframe src=\"https:\/\/maps.google.com\/maps?q=SUNRISE%20DESIGN%2C%20Cevizli%20%C4%B0stanbul&#038;t=m&#038;z=16&#038;output=embed&#038;iwloc=near\" title=\"SUNRISE DESIGN, Cevizli Istanbul\" class=\"google-map__one\" aria-label=\"SUNRISE DESIGN, Cevizli Istanbul\" allowfullscreen><\/iframe>\r\n\t<\/section>\r\n\t<!--Google Map Two End-->\r\n\r\n\t\t\t\t<\/div>\n\t\t\t\t<\/div>\n\t\t\t\t<\/div>\n\t\t<div class=\"elementor-element elementor-element-e9e65b6 e-con-full e-flex e-con e-parent\" data-id=\"e9e65b6\" data-element_type=\"container\">\n\t\t\t\t<div class=\"elementor-element elementor-element-4d1d9eb elementor-widget elementor-widget-noile-contact-form\" data-id=\"4d1d9eb\" data-element_type=\"widget\" data-widget_type=\"noile-contact-form.default\">\n\t\t\t\t<div class=\"elementor-widget-container\">\n\t\t\t\t\t\t<!-- Team Page Start -->\r\n\t<section class=\"contact-one\">\r\n\t\t<div class=\"container\">\r\n\t\t\t<div class=\"row g-4\">\r\n\t\t\t\t<div class=\"col-xl-8 col-lg-7\">\r\n\t\t\t\t\t<div class=\"contact-one__left\">\r\n\t\t\t\t\t\t<div class=\"contact-one__info wow animated fadeInLeft\" data-wow-delay=\"0.1s\" data-wow-duration=\"1500ms\">\r\n\t\t\t\t\t\t\t<div class=\"contact-one__info-box\">\r\n\t\t\t\t\t\t\t\t\t\t\t\t\t\t\t\t\t<div class=\"contact-one__info-item\">\r\n\t\t\t\t\t\t\t\t\t\t<div class=\"contact-one__info-icon contact-one__info-icon--one\">\r\n\t\t\t\t\t\t\t\t\t\t\t<i aria-hidden=\"true\" class=\"icofont-brand-whatsapp\"><\/i>\t\t\t\t\t\t\t\t\t\t<\/div>\r\n\t\t\t\t\t\t\t\t\t\t<a href=\"tel:+905079262000\" class=\"contact-one__info-title contact-one__info-link\">+90 507 926 20 00<\/a>\t\t\t\t\t\t\t\t\t<\/div>\r\n\t\t\t\t\t\t\t\t\t\t\t\t\t\t\t\t\t<div class=\"contact-one__info-item\">\r\n\t\t\t\t\t\t\t\t\t\t<div class=\"contact-one__info-icon contact-one__info-icon--one\">\r\n\t\t\t\t\t\t\t\t\t\t\t<i aria-hidden=\"true\" class=\"icon-phone\"><\/i>\t\t\t\t\t\t\t\t\t\t<\/div>\r\n\t\t\t\t\t\t\t\t\t\t<a href=\"tel:+908503057668\" class=\"contact-one__info-title contact-one__info-link\">+90 850 305 76 68<\/a>\t\t\t\t\t\t\t\t\t<\/div>\r\n\t\t\t\t\t\t\t\t\t\t\t\t\t\t\t\t\t<div class=\"contact-one__info-item\">\r\n\t\t\t\t\t\t\t\t\t\t<div class=\"contact-one__info-icon contact-one__info-icon--one\">\r\n\t\t\t\t\t\t\t\t\t\t\t<i aria-hidden=\"true\" class=\"icon-email\"><\/i>\t\t\t\t\t\t\t\t\t\t<\/div>\r\n\t\t\t\t\t\t\t\t\t\t<a href=\"mailto:info@snrconst.com\" class=\"contact-one__info-title contact-one__info-link\">info@snrconst.com<\/a>\t\t\t\t\t\t\t\t\t<\/div>\r\n\t\t\t\t\t\t\t\t\t\t\t\t\t\t\t\t\t<div class=\"contact-one__info-item\">\r\n\t\t\t\t\t\t\t\t\t\t<div class=\"contact-one__info-icon contact-one__info-icon--one\">\r\n\t\t\t\t\t\t\t\t\t\t\t<i aria-hidden=\"true\" class=\"icofont-location-pin\"><\/i>\t\t\t\t\t\t\t\t\t\t<\/div>\r\n\t\t\t\t\t\t\t\t\t\tAdresse : Cevizli Mahallesi Zuhal Cad. Ritim Istanbul B BLOK K1 : No:227 Maltepe-iSTANBUL\t\t\t\t\t\t\t\t\t<\/div>\r\n\t\t\t\t\t\t\t\t\t\t\t\t\t\t\t<\/div><!-- \/.contact-one__info-box -->\r\n\t\t\t\t\t\t\t<div class=\"contact-one__social social-list\">\r\n\t\t\t\t\t\t\t\t\t\t\t\t\t\t\t\t\t<a href=\"https:\/\/www.facebook.com\/\" class=\"contact-one__social-link social-link\" >\r\n\t\t\t\t\t\t\t\t\t\t<i aria-hidden=\"true\" class=\"icofont-facebook\"><\/i>\t\t\t\t\t\t\t\t\t<\/a>\r\n\t\t\t\t\t\t\t\t\t\t\t\t\t\t\t\t\t<a href=\"https:\/\/www.facebook.com\/\" class=\"contact-one__social-link social-link\" >\r\n\t\t\t\t\t\t\t\t\t\t<i aria-hidden=\"true\" class=\"icon-twitter\"><\/i>\t\t\t\t\t\t\t\t\t<\/a>\r\n\t\t\t\t\t\t\t\t\t\t\t\t\t\t\t\t\t<a href=\"https:\/\/www.instagram.com\/\" class=\"contact-one__social-link social-link\" >\r\n\t\t\t\t\t\t\t\t\t\t<i aria-hidden=\"true\" class=\"icon-instagram\"><\/i>\t\t\t\t\t\t\t\t\t<\/a>\r\n\t\t\t\t\t\t\t\t\t\t\t\t\t\t\t\t\t<a href=\"#\" class=\"contact-one__social-link social-link\" >\r\n\t\t\t\t\t\t\t\t\t\t<i aria-hidden=\"true\" class=\"icofont-youtube-play\"><\/i>\t\t\t\t\t\t\t\t\t<\/a>\r\n\t\t\t\t\t\t\t\t\t\t\t\t\t\t\t<\/div><!-- \/.contact-one__info -->\r\n\t\t\t\t\t\t<\/div><!-- \/.contact-one__info -->\r\n\t\t\t\t\t\t<div class=\"contact-one__contact contact\">\r\n\t\t\t\t\t\t\t<div class=\"contact__form-box\">\r\n\t\t\t\t\t\t\t\t<h3 class=\"contact__form-title\">Contactez nous<\/h3>\r\n\t\t\t\t\t\t\t\t<div class=\"contact__form wow animated fadeInUp\" data-wow-duration=\"1500ms\">\r\n\t\t\t\t\t\t\t\t\t<p class=\"wpcf7-contact-form-not-found\"><strong>Erreur\u00a0:<\/strong> Formulaire de contact non trouv\u00e9\u00a0!<\/p>\t\t\t\t\t\t\t\t<\/div><!-- \/.contact_form -->\r\n\t\t\t\t\t\t\t<\/div>\r\n\t\t\t\t\t\t<\/div><!-- \/.contact -->\r\n\t\t\t\t\t<\/div><!-- \/.contact-one__left -->\r\n\t\t\t\t<\/div>\r\n\r\n\t\t\t\t<div class=\"col-xl-4 col-lg-5 wow animated fadeInRight\" data-wow-delay=\"0.1s\" data-wow-duration=\"1500ms\">\r\n\t\t\t\t\t<div class=\"page-sidebar__contact page-sidebar__single\" style=\"background-image: url('https:\/\/snrconst.com\/wp-content\/uploads\/BG1-C.jpg');\">\r\n\t\t\t\t\t\t<div class=\"page-sidebar__contact-wrap\">\r\n\t\t\t\t\t\t\t<h3 class=\"page-sidebar__contact-title\">Pour les questions, commentaires et suggestions<\/h3>\r\n\t\t\t\t\t\t\t<a href=\"tel:+90-507-926-20-00\" class=\"page-sidebar__contact-btn\">\r\n\t\t\t\t\t\t\t\t<span class=\"page-sidebar__contact-icon icon-phone\"><\/span>\r\n\t\t\t\t\t\t\t\t<h4 class=\"page-sidebar__contact-text\">+90 507 926 20 00<\/h4>\r\n\t\t\t\t\t\t\t<\/a>\r\n\t\t\t\t\t\t<\/div>\r\n\t\t\t\t\t<\/div>\r\n\t\t\t\t<\/div>\r\n\t\t\t<\/div><!-- \/.row -->\r\n\t\t<\/div><!-- \/.container -->\r\n\t<\/section>\r\n\t<!-- Team Page End -->\r\n\r\n\t\t\t\t<\/div>\n\t\t\t\t<\/div>\n\t\t\t\t<\/div>\n\t\t\t\t<\/div>","protected":false},"excerpt":{"rendered":"<p>+90 507 926 20 00 +90 850 305 76 68 info@snrconst.com Adres: Cevizli Mahallesi Zuhal Cad. Ritim Istanbul B BLOK K1: No:227 Maltepe-iSTANBUL Bize ula\u015f\u0131n Error: Contact form not found. Soru, g\u00f6r\u00fc\u015f ve \u00f6nerileriniz i\u00e7in +90 507 926 20 00<\/p>","protected":false},"author":1,"featured_media":0,"parent":0,"menu_order":0,"comment_status":"closed","ping_status":"closed","template":"elementor_header_footer","meta":{"footnotes":""},"class_list":["post-153","page","type-page","status-publish","hentry"],"_links":{"self":[{"href":"https:\/\/snrconst.com\/fr\/wp-json\/wp\/v2\/pages\/153","targetHints":{"allow":["GET"]}}],"collection":[{"href":"https:\/\/snrconst.com\/fr\/wp-json\/wp\/v2\/pages"}],"about":[{"href":"https:\/\/snrconst.com\/fr\/wp-json\/wp\/v2\/types\/page"}],"author":[{"embeddable":true,"href":"https:\/\/snrconst.com\/fr\/wp-json\/wp\/v2\/users\/1"}],"replies":[{"embeddable":true,"href":"https:\/\/snrconst.com\/fr\/wp-json\/wp\/v2\/comments?post=153"}],"version-history":[{"count":19,"href":"https:\/\/snrconst.com\/fr\/wp-json\/wp\/v2\/pages\/153\/revisions"}],"predecessor-version":[{"id":4994,"href":"https:\/\/snrconst.com\/fr\/wp-json\/wp\/v2\/pages\/153\/revisions\/4994"}],"wp:attachment":[{"href":"https:\/\/snrconst.com\/fr\/wp-json\/wp\/v2\/media?parent=153"}],"curies":[{"name":"wp","href":"https:\/\/api.w.org\/{rel}","templated":true}]}}