{"id":74,"date":"2023-10-08T04:34:32","date_gmt":"2023-10-08T04:34:32","guid":{"rendered":"http:\/\/noile-demo.local\/?page_id=74"},"modified":"2026-01-26T19:33:02","modified_gmt":"2026-01-26T16:33:02","slug":"projects","status":"publish","type":"page","link":"https:\/\/snrconst.com\/en\/projects\/","title":{"rendered":"Projects"},"content":{"rendered":"<div data-elementor-type=\"wp-page\" data-elementor-id=\"74\" class=\"elementor elementor-74\" data-elementor-post-type=\"page\">\n\t\t\t\t<div class=\"elementor-element elementor-element-e336163 e-con-full e-flex e-con e-parent\" data-id=\"e336163\" data-element_type=\"container\">\n\t\t\t\t<div class=\"elementor-element elementor-element-7650ca8 elementor-widget elementor-widget-noile-portfolio\" data-id=\"7650ca8\" data-element_type=\"widget\" data-widget_type=\"noile-portfolio.default\">\n\t\t\t\t<div class=\"elementor-widget-container\">\n\t\t\t\t\t    <!-- Case Study Three Start -->\r\n    <section class=\"case-study-three case-study\">\r\n        <div class=\"container\">\r\n                        <div class=\"row g-4\">\r\n                                    <div class=\"col-lg-4 col-md-6 wow animated fadeInUp\" data-wow-delay=\"0.1s\" data-wow-duration=\"1500ms\">\r\n                        <div class=\"case-study__item\">\r\n                            <div class=\"case-study__item-img-box\">\r\n                                <img decoding=\"async\" src=\"https:\/\/snrconst.com\/wp-content\/uploads\/Sunrise-Cephe-Sistemleri-Abant-Kahvecisi-2.jpeg\" alt=\"Abant Coffee House - D\u00fczce\" title=\"Abant Coffee House \u2013 D\u00fczce\" class=\"case-study__item-img\" >                                <p class=\"case-study__item-desc\">Abant Coffee Shop \/ Caf\u00e9<\/p>\r\n                                <h5 class=\"case-study__item-title\">\r\n                                    <a class=\"\" href=\"https:\/\/snrconst.com\/en\/projects\/abant-coffee-shop-duzce\/\"  >Details<\/a>                                <\/h5>\r\n                            <\/div>\r\n                            <a href=\"https:\/\/snrconst.com\/en\/projects\/abant-coffee-shop-duzce\/\"  class=\"case-study__item-btn\">\r\n                                <span class=\"case-study__item-btn-icon icon-arrow-right-2\"><\/span>\r\n                            <\/a>\r\n                        <\/div><!-- \/.case-study__item -->\r\n                    <\/div>\r\n                                    <div class=\"col-lg-4 col-md-6 wow animated fadeInUp\" data-wow-delay=\"0.1s\" data-wow-duration=\"1500ms\">\r\n                        <div class=\"case-study__item\">\r\n                            <div class=\"case-study__item-img-box\">\r\n                                <img decoding=\"async\" src=\"https:\/\/snrconst.com\/wp-content\/uploads\/Sunrise-Cephe-Sistemleri-Abant-Kahvecisi-Izmir-10.jpeg\" alt=\"Abant Coffee House\" title=\"Abant Coffee House\" class=\"case-study__item-img\" >                                <p class=\"case-study__item-desc\">Abant Coffee Shop \/ Caf\u00e9<\/p>\r\n                                <h5 class=\"case-study__item-title\">\r\n                                    <a class=\"\" href=\"https:\/\/snrconst.com\/en\/projects\/abant-coffee-house\/\"  >Details<\/a>                                <\/h5>\r\n                            <\/div>\r\n                            <a href=\"https:\/\/snrconst.com\/en\/projects\/abant-coffee-house\/\"  class=\"case-study__item-btn\">\r\n                                <span class=\"case-study__item-btn-icon icon-arrow-right-2\"><\/span>\r\n                            <\/a>\r\n                        <\/div><!-- \/.case-study__item -->\r\n                    <\/div>\r\n                                    <div class=\"col-lg-4 col-md-6 wow animated fadeInUp\" data-wow-delay=\"0.1s\" data-wow-duration=\"1500ms\">\r\n                        <div class=\"case-study__item\">\r\n                            <div class=\"case-study__item-img-box\">\r\n                                <img decoding=\"async\" src=\"https:\/\/snrconst.com\/wp-content\/uploads\/Sunrise-Cephe-Sistemleri-Atasehir-Ze-Holding-1.jpeg\" alt=\"Ata\u015fehir Ze-Holding\" title=\"Ata\u015fehir Ze-Holding\" class=\"case-study__item-img\" >                                <p class=\"case-study__item-desc\">Ata\u015fehir Ze-Holding<\/p>\r\n                                <h5 class=\"case-study__item-title\">\r\n                                    <a class=\"\" href=\"https:\/\/snrconst.com\/en\/projects\/atasehir-ze-holding\/\"  >Details<\/a>                                <\/h5>\r\n                            <\/div>\r\n                            <a href=\"https:\/\/snrconst.com\/en\/projects\/atasehir-ze-holding\/\"  class=\"case-study__item-btn\">\r\n                                <span class=\"case-study__item-btn-icon icon-arrow-right-2\"><\/span>\r\n                            <\/a>\r\n                        <\/div><!-- \/.case-study__item -->\r\n                    <\/div>\r\n                                    <div class=\"col-lg-4 col-md-6 wow animated fadeInUp\" data-wow-delay=\"0.1s\" data-wow-duration=\"1500ms\">\r\n                        <div class=\"case-study__item\">\r\n                            <div class=\"case-study__item-img-box\">\r\n                                <img decoding=\"async\" src=\"https:\/\/snrconst.com\/wp-content\/uploads\/DKD-Pendik-4.jpg\" alt=\"DKD Pendik\" title=\"DKD Pendik\" class=\"case-study__item-img\" >                                <p class=\"case-study__item-desc\">DKD Construction<\/p>\r\n                                <h5 class=\"case-study__item-title\">\r\n                                    <a class=\"\" href=\"https:\/\/snrconst.com\/en\/projects\/dkd-construction\/\"  >Details<\/a>                                <\/h5>\r\n                            <\/div>\r\n                            <a href=\"https:\/\/snrconst.com\/en\/projects\/dkd-construction\/\"  class=\"case-study__item-btn\">\r\n                                <span class=\"case-study__item-btn-icon icon-arrow-right-2\"><\/span>\r\n                            <\/a>\r\n                        <\/div><!-- \/.case-study__item -->\r\n                    <\/div>\r\n                                    <div class=\"col-lg-4 col-md-6 wow animated fadeInUp\" data-wow-delay=\"0.1s\" data-wow-duration=\"1500ms\">\r\n                        <div class=\"case-study__item\">\r\n                            <div class=\"case-study__item-img-box\">\r\n                                <img decoding=\"async\" src=\"https:\/\/snrconst.com\/wp-content\/uploads\/Sunrise-Cephe-Sistemleri-Erdal-Mujdeci-3.jpeg\" alt=\"Erdal M\u00fcjdeci\" title=\"Erdal M\u00fcjdeci\" class=\"case-study__item-img\" >                                <p class=\"case-study__item-desc\">Erdal M\u00fcjdeci<\/p>\r\n                                <h5 class=\"case-study__item-title\">\r\n                                    <a class=\"\" href=\"https:\/\/snrconst.com\/en\/projects\/erdal-mujdeci\/\"  >Details<\/a>                                <\/h5>\r\n                            <\/div>\r\n                            <a href=\"https:\/\/snrconst.com\/en\/projects\/erdal-mujdeci\/\"  class=\"case-study__item-btn\">\r\n                                <span class=\"case-study__item-btn-icon icon-arrow-right-2\"><\/span>\r\n                            <\/a>\r\n                        <\/div><!-- \/.case-study__item -->\r\n                    <\/div>\r\n                                    <div class=\"col-lg-4 col-md-6 wow animated fadeInUp\" data-wow-delay=\"0.1s\" data-wow-duration=\"1500ms\">\r\n                        <div class=\"case-study__item\">\r\n                            <div class=\"case-study__item-img-box\">\r\n                                <img decoding=\"async\" src=\"https:\/\/snrconst.com\/wp-content\/uploads\/Sunrise-Cephe-Sistemleri-EYG-GYO-2.jpeg\" alt=\"EYG Real Estate Investment Trust\" title=\"EYG Real Estate Investment Trust\" class=\"case-study__item-img\" >                                <p class=\"case-study__item-desc\">EYG Real Estate Investment Trust<\/p>\r\n                                <h5 class=\"case-study__item-title\">\r\n                                    <a class=\"\" href=\"https:\/\/snrconst.com\/en\/projects\/eyg-gyo\/\"  >Details<\/a>                                <\/h5>\r\n                            <\/div>\r\n                            <a href=\"https:\/\/snrconst.com\/en\/projects\/eyg-gyo\/\"  class=\"case-study__item-btn\">\r\n                                <span class=\"case-study__item-btn-icon icon-arrow-right-2\"><\/span>\r\n                            <\/a>\r\n                        <\/div><!-- \/.case-study__item -->\r\n                    <\/div>\r\n                                    <div class=\"col-lg-4 col-md-6 wow animated fadeInUp\" data-wow-delay=\"0.1s\" data-wow-duration=\"1500ms\">\r\n                        <div class=\"case-study__item\">\r\n                            <div class=\"case-study__item-img-box\">\r\n                                <img decoding=\"async\" src=\"https:\/\/snrconst.com\/wp-content\/uploads\/Gurbetoglu-Insaat-1.jpg\" alt=\"Gurbeto\u011flu Construction\" title=\"Gurbeto\u011flu Construction\" class=\"case-study__item-img\" >                                <p class=\"case-study__item-desc\">Gurbeto\u011flu Construction<\/p>\r\n                                <h5 class=\"case-study__item-title\">\r\n                                    <a class=\"\" href=\"https:\/\/snrconst.com\/en\/projects\/gurbetoglu-insaat-konut\/\"  >Details<\/a>                                <\/h5>\r\n                            <\/div>\r\n                            <a href=\"https:\/\/snrconst.com\/en\/projects\/gurbetoglu-insaat-konut\/\"  class=\"case-study__item-btn\">\r\n                                <span class=\"case-study__item-btn-icon icon-arrow-right-2\"><\/span>\r\n                            <\/a>\r\n                        <\/div><!-- \/.case-study__item -->\r\n                    <\/div>\r\n                                    <div class=\"col-lg-4 col-md-6 wow animated fadeInUp\" data-wow-delay=\"0.1s\" data-wow-duration=\"1500ms\">\r\n                        <div class=\"case-study__item\">\r\n                            <div class=\"case-study__item-img-box\">\r\n                                <img decoding=\"async\" src=\"https:\/\/snrconst.com\/wp-content\/uploads\/Gurcan-Bey-2.jpg\" alt=\"Mr G\u00fcrcan\" title=\"Mr G\u00fcrcan\" class=\"case-study__item-img\" >                                <p class=\"case-study__item-desc\">Mr G\u00fcrcan<\/p>\r\n                                <h5 class=\"case-study__item-title\">\r\n                                    <a class=\"\" href=\"https:\/\/snrconst.com\/en\/projects\/gurcan-bey-house-housing\/\"  >Details<\/a>                                <\/h5>\r\n                            <\/div>\r\n                            <a href=\"https:\/\/snrconst.com\/en\/projects\/gurcan-bey-house-housing\/\"  class=\"case-study__item-btn\">\r\n                                <span class=\"case-study__item-btn-icon icon-arrow-right-2\"><\/span>\r\n                            <\/a>\r\n                        <\/div><!-- \/.case-study__item -->\r\n                    <\/div>\r\n                                    <div class=\"col-lg-4 col-md-6 wow animated fadeInUp\" data-wow-delay=\"0.1s\" data-wow-duration=\"1500ms\">\r\n                        <div class=\"case-study__item\">\r\n                            <div class=\"case-study__item-img-box\">\r\n                                <img decoding=\"async\" src=\"https:\/\/snrconst.com\/wp-content\/uploads\/Jelyap-Jelatin-Fabrikasi-4.jpeg\" alt=\"Jelyap Gelatine Factory\" title=\"Jelyap Gelatine Factory\" class=\"case-study__item-img\" >                                <p class=\"case-study__item-desc\">Jelyap Gelatine Factory<\/p>\r\n                                <h5 class=\"case-study__item-title\">\r\n                                    <a class=\"\" href=\"https:\/\/snrconst.com\/en\/projects\/jelyap-gelatin-factory-industry\/\"  >Details<\/a>                                <\/h5>\r\n                            <\/div>\r\n                            <a href=\"https:\/\/snrconst.com\/en\/projects\/jelyap-gelatin-factory-industry\/\"  class=\"case-study__item-btn\">\r\n                                <span class=\"case-study__item-btn-icon icon-arrow-right-2\"><\/span>\r\n                            <\/a>\r\n                        <\/div><!-- \/.case-study__item -->\r\n                    <\/div>\r\n                                    <div class=\"col-lg-4 col-md-6 wow animated fadeInUp\" data-wow-delay=\"0.1s\" data-wow-duration=\"1500ms\">\r\n                        <div class=\"case-study__item\">\r\n                            <div class=\"case-study__item-img-box\">\r\n                                <img decoding=\"async\" src=\"https:\/\/snrconst.com\/wp-content\/uploads\/Nisuaz-Cafe-6.jpg\" alt=\"Nisuaz Caf\u00e9 (6)\" title=\"Nisuaz Caf\u00e9 (6)\" class=\"case-study__item-img\" >                                <p class=\"case-study__item-desc\">Nisuaz Caf\u00e9<\/p>\r\n                                <h5 class=\"case-study__item-title\">\r\n                                    <a class=\"\" href=\"https:\/\/snrconst.com\/en\/projects\/nisuaz-cafe-restaurant\/\"  >Details<\/a>                                <\/h5>\r\n                            <\/div>\r\n                            <a href=\"https:\/\/snrconst.com\/en\/projects\/nisuaz-cafe-restaurant\/\"  class=\"case-study__item-btn\">\r\n                                <span class=\"case-study__item-btn-icon icon-arrow-right-2\"><\/span>\r\n                            <\/a>\r\n                        <\/div><!-- \/.case-study__item -->\r\n                    <\/div>\r\n                                    <div class=\"col-lg-4 col-md-6 wow animated fadeInUp\" data-wow-delay=\"0.1s\" data-wow-duration=\"1500ms\">\r\n                        <div class=\"case-study__item\">\r\n                            <div class=\"case-study__item-img-box\">\r\n                                <img decoding=\"async\" src=\"https:\/\/snrconst.com\/wp-content\/uploads\/OrhanliTepeoren3.webp\" alt=\"OrhanliTepeoren3\" title=\"OrhanliTepeoren3\" class=\"case-study__item-img\" >                                <p class=\"case-study__item-desc\">Orhanli Project<\/p>\r\n                                <h5 class=\"case-study__item-title\">\r\n                                    <a class=\"\" href=\"https:\/\/snrconst.com\/en\/projects\/orhanli-project\/\"  >Details<\/a>                                <\/h5>\r\n                            <\/div>\r\n                            <a href=\"https:\/\/snrconst.com\/en\/projects\/orhanli-project\/\"  class=\"case-study__item-btn\">\r\n                                <span class=\"case-study__item-btn-icon icon-arrow-right-2\"><\/span>\r\n                            <\/a>\r\n                        <\/div><!-- \/.case-study__item -->\r\n                    <\/div>\r\n                                    <div class=\"col-lg-4 col-md-6 wow animated fadeInUp\" data-wow-delay=\"0.1s\" data-wow-duration=\"1500ms\">\r\n                        <div class=\"case-study__item\">\r\n                            <div class=\"case-study__item-img-box\">\r\n                                <img decoding=\"async\" src=\"https:\/\/snrconst.com\/wp-content\/uploads\/Ozmen-Insaat-6.jpg\" alt=\"\u00d6zmen Construction\" title=\"\u00d6zmen Construction\" class=\"case-study__item-img\" >                                <p class=\"case-study__item-desc\">\u00d6zmen Construction<\/p>\r\n                                <h5 class=\"case-study__item-title\">\r\n                                    <a class=\"\" href=\"https:\/\/snrconst.com\/en\/projects\/ozmen-construction-housing\/\"  >Details<\/a>                                <\/h5>\r\n                            <\/div>\r\n                            <a href=\"https:\/\/snrconst.com\/en\/projects\/ozmen-construction-housing\/\"  class=\"case-study__item-btn\">\r\n                                <span class=\"case-study__item-btn-icon icon-arrow-right-2\"><\/span>\r\n                            <\/a>\r\n                        <\/div><!-- \/.case-study__item -->\r\n                    <\/div>\r\n                                    <div class=\"col-lg-4 col-md-6 wow animated fadeInUp\" data-wow-delay=\"0.1s\" data-wow-duration=\"1500ms\">\r\n                        <div class=\"case-study__item\">\r\n                            <div class=\"case-study__item-img-box\">\r\n                                <img decoding=\"async\" src=\"https:\/\/snrconst.com\/wp-content\/uploads\/Ramazan-Bey-Projesi-6.jpg\" alt=\"Ramazan Bey Project\" title=\"Ramazan Bey Project\" class=\"case-study__item-img\" >                                <p class=\"case-study__item-desc\">Mr Ramazan<\/p>\r\n                                <h5 class=\"case-study__item-title\">\r\n                                    <a class=\"\" href=\"https:\/\/snrconst.com\/en\/projects\/ramazan-bey-projesi-hotel\/\"  >Details<\/a>                                <\/h5>\r\n                            <\/div>\r\n                            <a href=\"https:\/\/snrconst.com\/en\/projects\/ramazan-bey-projesi-hotel\/\"  class=\"case-study__item-btn\">\r\n                                <span class=\"case-study__item-btn-icon icon-arrow-right-2\"><\/span>\r\n                            <\/a>\r\n                        <\/div><!-- \/.case-study__item -->\r\n                    <\/div>\r\n                                    <div class=\"col-lg-4 col-md-6 wow animated fadeInUp\" data-wow-delay=\"0.1s\" data-wow-duration=\"1500ms\">\r\n                        <div class=\"case-study__item\">\r\n                            <div class=\"case-study__item-img-box\">\r\n                                <img decoding=\"async\" src=\"https:\/\/snrconst.com\/wp-content\/uploads\/Tepeoren-Villalari-8.jpg\" alt=\"Tepe\u00f6ren Villas\" title=\"Tepe\u00f6ren Villas\" class=\"case-study__item-img\" >                                <p class=\"case-study__item-desc\">Tepe\u00f6ren Villas<\/p>\r\n                                <h5 class=\"case-study__item-title\">\r\n                                    <a class=\"\" href=\"https:\/\/snrconst.com\/en\/projects\/tepeoren-villas-residential\/\"  >Details<\/a>                                <\/h5>\r\n                            <\/div>\r\n                            <a href=\"https:\/\/snrconst.com\/en\/projects\/tepeoren-villas-residential\/\"  class=\"case-study__item-btn\">\r\n                                <span class=\"case-study__item-btn-icon icon-arrow-right-2\"><\/span>\r\n                            <\/a>\r\n                        <\/div><!-- \/.case-study__item -->\r\n                    <\/div>\r\n                                    <div class=\"col-lg-4 col-md-6 wow animated fadeInUp\" data-wow-delay=\"0.1s\" data-wow-duration=\"1500ms\">\r\n                        <div class=\"case-study__item\">\r\n                            <div class=\"case-study__item-img-box\">\r\n                                <img decoding=\"async\" src=\"https:\/\/snrconst.com\/wp-content\/uploads\/Sunrise-Cephe-Sistemleri-Taner-Ay-4.jpg\" alt=\"Taner Ay\" title=\"Taner Ay\" class=\"case-study__item-img\" >                                <p class=\"case-study__item-desc\">Taner Ay<\/p>\r\n                                <h5 class=\"case-study__item-title\">\r\n                                    <a class=\"\" href=\"https:\/\/snrconst.com\/en\/projects\/taner-ay\/\"  >Details<\/a>                                <\/h5>\r\n                            <\/div>\r\n                            <a href=\"https:\/\/snrconst.com\/en\/projects\/taner-ay\/\"  class=\"case-study__item-btn\">\r\n                                <span class=\"case-study__item-btn-icon icon-arrow-right-2\"><\/span>\r\n                            <\/a>\r\n                        <\/div><!-- \/.case-study__item -->\r\n                    <\/div>\r\n                            <\/div><!-- \/.row -->\r\n        <\/div><!-- \/.container -->\r\n    <\/section>\r\n    <!-- Case Study Three End -->\r\n\t\t\t\t<\/div>\n\t\t\t\t<\/div>\n\t\t\t\t<\/div>\n\t\t\t\t<\/div>","protected":false},"excerpt":{"rendered":"<p>Abant Kahvecisi \/ Cafe Detaylar Abant Kahvecisi \/ Cafe Detaylar Ata\u015fehir Ze-Holding Detaylar DKD \u0130n\u015faat Detaylar Erdal M\u00fcjdeci Detaylar EYG GYO Detaylar Gurbeto\u011flu \u0130n\u015faat Detaylar G\u00fcrcan Bey Detaylar Jelyap Jelatin Fabrikas\u0131 Detaylar Nisuaz Cafe Detaylar Orhanl\u0131 Projesi Detaylar \u00d6zmen \u0130n\u015faat Detaylar Ramazan Bey Detaylar Tepe\u00f6ren Villalar\u0131 Detaylar Taner Ay Detaylar<\/p>","protected":false},"author":1,"featured_media":0,"parent":0,"menu_order":0,"comment_status":"closed","ping_status":"closed","template":"elementor_header_footer","meta":{"footnotes":""},"class_list":["post-74","page","type-page","status-publish","hentry"],"_links":{"self":[{"href":"https:\/\/snrconst.com\/en\/wp-json\/wp\/v2\/pages\/74","targetHints":{"allow":["GET"]}}],"collection":[{"href":"https:\/\/snrconst.com\/en\/wp-json\/wp\/v2\/pages"}],"about":[{"href":"https:\/\/snrconst.com\/en\/wp-json\/wp\/v2\/types\/page"}],"author":[{"embeddable":true,"href":"https:\/\/snrconst.com\/en\/wp-json\/wp\/v2\/users\/1"}],"replies":[{"embeddable":true,"href":"https:\/\/snrconst.com\/en\/wp-json\/wp\/v2\/comments?post=74"}],"version-history":[{"count":29,"href":"https:\/\/snrconst.com\/en\/wp-json\/wp\/v2\/pages\/74\/revisions"}],"predecessor-version":[{"id":5476,"href":"https:\/\/snrconst.com\/en\/wp-json\/wp\/v2\/pages\/74\/revisions\/5476"}],"wp:attachment":[{"href":"https:\/\/snrconst.com\/en\/wp-json\/wp\/v2\/media?parent=74"}],"curies":[{"name":"wp","href":"https:\/\/api.w.org\/{rel}","templated":true}]}}