{"id":4624,"date":"2024-02-09T12:47:17","date_gmt":"2024-02-09T09:47:17","guid":{"rendered":"https:\/\/snrconst.com\/?page_id=4624"},"modified":"2024-02-13T19:24:48","modified_gmt":"2024-02-13T16:24:48","slug":"ozmen-construction-housing","status":"publish","type":"page","link":"https:\/\/snrconst.com\/en\/projects\/ozmen-construction-housing\/","title":{"rendered":"\u00d6zmen \u0130n\u015faat \/ Housing"},"content":{"rendered":"<div data-elementor-type=\"wp-page\" data-elementor-id=\"4624\" class=\"elementor elementor-4624\" data-elementor-post-type=\"page\">\n\t\t\t\t<div class=\"elementor-element elementor-element-1cbe21c e-flex e-con-boxed e-con e-parent\" data-id=\"1cbe21c\" data-element_type=\"container\">\n\t\t\t\t\t<div class=\"e-con-inner\">\n\t\t<div class=\"elementor-element elementor-element-5427227 e-con-full e-flex e-con e-child\" data-id=\"5427227\" data-element_type=\"container\">\n\t\t\t\t<div class=\"elementor-element elementor-element-9a54b8a elementor-widget elementor-widget-image\" data-id=\"9a54b8a\" data-element_type=\"widget\" data-widget_type=\"image.default\">\n\t\t\t\t<div class=\"elementor-widget-container\">\n\t\t\t\t\t\t\t\t\t\t\t\t\t\t\t\t<a href=\"https:\/\/snrconst.com\/wp-content\/uploads\/Ozmen-Insaat-1.jpg\" data-elementor-open-lightbox=\"yes\" data-elementor-lightbox-title=\"\u00d6zmen \u0130n\u015faat\" data-e-action-hash=\"#elementor-action%3Aaction%3Dlightbox%26settings%3DeyJpZCI6NDYyNywidXJsIjoiaHR0cHM6XC9cL3NucmNvbnN0LmNvbVwvd3AtY29udGVudFwvdXBsb2Fkc1wvT3ptZW4tSW5zYWF0LTEuanBnIn0%3D\">\n\t\t\t\t\t\t\t<img fetchpriority=\"high\" decoding=\"async\" width=\"1536\" height=\"864\" src=\"https:\/\/snrconst.com\/wp-content\/uploads\/Ozmen-Insaat-1-1536x864.jpg\" class=\"attachment-1536x1536 size-1536x1536 wp-image-4627\" alt=\"\" srcset=\"https:\/\/snrconst.com\/wp-content\/uploads\/Ozmen-Insaat-1-1536x864.jpg 1536w, https:\/\/snrconst.com\/wp-content\/uploads\/Ozmen-Insaat-1-300x169.jpg 300w, https:\/\/snrconst.com\/wp-content\/uploads\/Ozmen-Insaat-1-1024x576.jpg 1024w, https:\/\/snrconst.com\/wp-content\/uploads\/Ozmen-Insaat-1-768x432.jpg 768w, https:\/\/snrconst.com\/wp-content\/uploads\/Ozmen-Insaat-1.jpg 1920w\" sizes=\"(max-width: 1536px) 100vw, 1536px\" \/>\t\t\t\t\t\t\t\t<\/a>\n\t\t\t\t\t\t\t\t\t\t\t\t\t\t\t<\/div>\n\t\t\t\t<\/div>\n\t\t\t\t<\/div>\n\t\t<div class=\"elementor-element elementor-element-1c005b2 e-flex e-con-boxed e-con e-child\" data-id=\"1c005b2\" data-element_type=\"container\" data-settings=\"{&quot;background_background&quot;:&quot;classic&quot;}\">\n\t\t\t\t\t<div class=\"e-con-inner\">\n\t\t<div class=\"elementor-element elementor-element-32d40b7 e-flex e-con-boxed e-con e-child\" data-id=\"32d40b7\" data-element_type=\"container\">\n\t\t\t\t\t<div class=\"e-con-inner\">\n\t\t<div class=\"elementor-element elementor-element-7d7b82f e-flex e-con-boxed e-con e-child\" data-id=\"7d7b82f\" data-element_type=\"container\">\n\t\t\t\t\t<div class=\"e-con-inner\">\n\t\t\t\t<div class=\"elementor-element elementor-element-8e1a667 elementor-widget elementor-widget-heading\" data-id=\"8e1a667\" data-element_type=\"widget\" data-widget_type=\"heading.default\">\n\t\t\t\t<div class=\"elementor-widget-container\">\n\t\t\t\t\t<h1 class=\"elementor-heading-title elementor-size-default\">Project<\/h1>\t\t\t\t<\/div>\n\t\t\t\t<\/div>\n\t\t\t\t\t<\/div>\n\t\t\t\t<\/div>\n\t\t<div class=\"elementor-element elementor-element-b87cc97 e-flex e-con-boxed e-con e-child\" data-id=\"b87cc97\" data-element_type=\"container\">\n\t\t\t\t\t<div class=\"e-con-inner\">\n\t\t\t\t<div class=\"elementor-element elementor-element-f457c14 elementor-widget elementor-widget-heading\" data-id=\"f457c14\" data-element_type=\"widget\" data-widget_type=\"heading.default\">\n\t\t\t\t<div class=\"elementor-widget-container\">\n\t\t\t\t\t<h1 class=\"elementor-heading-title elementor-size-default\">Location<\/h1>\t\t\t\t<\/div>\n\t\t\t\t<\/div>\n\t\t\t\t<div class=\"elementor-element elementor-element-76ddbf6 elementor-widget elementor-widget-heading\" data-id=\"76ddbf6\" data-element_type=\"widget\" data-widget_type=\"heading.default\">\n\t\t\t\t<div class=\"elementor-widget-container\">\n\t\t\t\t\t<h2 class=\"elementor-heading-title elementor-size-default\">Tuzla \/ Istanbul<\/h2>\t\t\t\t<\/div>\n\t\t\t\t<\/div>\n\t\t\t\t\t<\/div>\n\t\t\t\t<\/div>\n\t\t<div class=\"elementor-element elementor-element-eacc71a e-flex e-con-boxed e-con e-child\" data-id=\"eacc71a\" data-element_type=\"container\">\n\t\t\t\t\t<div class=\"e-con-inner\">\n\t\t\t\t<div class=\"elementor-element elementor-element-02cbbb1 elementor-widget elementor-widget-heading\" data-id=\"02cbbb1\" data-element_type=\"widget\" data-widget_type=\"heading.default\">\n\t\t\t\t<div class=\"elementor-widget-container\">\n\t\t\t\t\t<h1 class=\"elementor-heading-title elementor-size-default\">System<\/h1>\t\t\t\t<\/div>\n\t\t\t\t<\/div>\n\t\t\t\t<div class=\"elementor-element elementor-element-3fb9784 elementor-widget elementor-widget-heading\" data-id=\"3fb9784\" data-element_type=\"widget\" data-widget_type=\"heading.default\">\n\t\t\t\t<div class=\"elementor-widget-container\">\n\t\t\t\t\t<h2 class=\"elementor-heading-title elementor-size-default\">Guillotine Joinery<br>\nPVC Joinery<br>\nAluminum Louver<br>\nAluminum Glass Railing<\/h2>\t\t\t\t<\/div>\n\t\t\t\t<\/div>\n\t\t\t\t\t<\/div>\n\t\t\t\t<\/div>\n\t\t\t\t\t<\/div>\n\t\t\t\t<\/div>\n\t\t\t\t\t<\/div>\n\t\t\t\t<\/div>\n\t\t\t\t\t<\/div>\n\t\t\t\t<\/div>\n\t\t<div class=\"elementor-element elementor-element-4093654 e-flex e-con-boxed e-con e-parent\" data-id=\"4093654\" data-element_type=\"container\">\n\t\t\t\t\t<div class=\"e-con-inner\">\n\t\t<div class=\"elementor-element elementor-element-27dfb89 e-con-full e-flex e-con e-child\" data-id=\"27dfb89\" data-element_type=\"container\">\n\t\t\t\t<div class=\"elementor-element elementor-element-9797fb5 elementor-widget elementor-widget-gallery\" data-id=\"9797fb5\" data-element_type=\"widget\" data-settings=\"{&quot;columns&quot;:2,&quot;overlay_title&quot;:&quot;title&quot;,&quot;lazyload&quot;:&quot;yes&quot;,&quot;gallery_layout&quot;:&quot;grid&quot;,&quot;columns_tablet&quot;:2,&quot;columns_mobile&quot;:1,&quot;gap&quot;:{&quot;unit&quot;:&quot;px&quot;,&quot;size&quot;:10,&quot;sizes&quot;:[]},&quot;gap_tablet&quot;:{&quot;unit&quot;:&quot;px&quot;,&quot;size&quot;:10,&quot;sizes&quot;:[]},&quot;gap_mobile&quot;:{&quot;unit&quot;:&quot;px&quot;,&quot;size&quot;:10,&quot;sizes&quot;:[]},&quot;link_to&quot;:&quot;file&quot;,&quot;aspect_ratio&quot;:&quot;3:2&quot;,&quot;overlay_background&quot;:&quot;yes&quot;,&quot;content_hover_animation&quot;:&quot;fade-in&quot;}\" data-widget_type=\"gallery.default\">\n\t\t\t\t<div class=\"elementor-widget-container\">\n\t\t\t\t\t\t\t<div class=\"elementor-gallery__container\">\n\t\t\t\t\t\t\t<a class=\"e-gallery-item elementor-gallery-item elementor-animated-content\" href=\"https:\/\/snrconst.com\/wp-content\/uploads\/Ozmen-Insaat-2.jpg\" data-elementor-open-lightbox=\"yes\" data-elementor-lightbox-slideshow=\"9797fb5\" data-elementor-lightbox-title=\"\u00d6zmen \u0130n\u015faat\" data-e-action-hash=\"#elementor-action%3Aaction%3Dlightbox%26settings%3DeyJpZCI6NDYyOCwidXJsIjoiaHR0cHM6XC9cL3NucmNvbnN0LmNvbVwvd3AtY29udGVudFwvdXBsb2Fkc1wvT3ptZW4tSW5zYWF0LTIuanBnIiwic2xpZGVzaG93IjoiOTc5N2ZiNSJ9\">\n\t\t\t\t\t<div class=\"e-gallery-image elementor-gallery-item__image\" data-thumbnail=\"https:\/\/snrconst.com\/wp-content\/uploads\/Ozmen-Insaat-2.jpg\" data-width=\"1920\" data-height=\"1080\" aria-label=\"\" role=\"img\" ><\/div>\n\t\t\t\t\t\t\t\t\t\t\t<div class=\"elementor-gallery-item__overlay\"><\/div>\n\t\t\t\t\t\t\t\t\t\t\t\t\t\t\t<div class=\"elementor-gallery-item__content\">\n\t\t\t\t\t\t\t\t\t\t\t\t\t\t<div class=\"elementor-gallery-item__title\">\n\t\t\t\t\t\t\t\t\t\t\t\t\t\t\t\t\t\t\u00d6zmen Construction\t\t\t\t\t\t\t\t<\/div>\n\t\t\t\t\t\t\t\t\t\t\t\t<\/div>\n\t\t\t\t\t\t\t\t\t<\/a>\n\t\t\t\t\t\t\t<a class=\"e-gallery-item elementor-gallery-item elementor-animated-content\" href=\"https:\/\/snrconst.com\/wp-content\/uploads\/Ozmen-Insaat-3.jpg\" data-elementor-open-lightbox=\"yes\" data-elementor-lightbox-slideshow=\"9797fb5\" data-elementor-lightbox-title=\"\u00d6zmen \u0130n\u015faat\" data-e-action-hash=\"#elementor-action%3Aaction%3Dlightbox%26settings%3DeyJpZCI6NDYyOSwidXJsIjoiaHR0cHM6XC9cL3NucmNvbnN0LmNvbVwvd3AtY29udGVudFwvdXBsb2Fkc1wvT3ptZW4tSW5zYWF0LTMuanBnIiwic2xpZGVzaG93IjoiOTc5N2ZiNSJ9\">\n\t\t\t\t\t<div class=\"e-gallery-image elementor-gallery-item__image\" data-thumbnail=\"https:\/\/snrconst.com\/wp-content\/uploads\/Ozmen-Insaat-3.jpg\" data-width=\"1920\" data-height=\"1080\" aria-label=\"\" role=\"img\" ><\/div>\n\t\t\t\t\t\t\t\t\t\t\t<div class=\"elementor-gallery-item__overlay\"><\/div>\n\t\t\t\t\t\t\t\t\t\t\t\t\t\t\t<div class=\"elementor-gallery-item__content\">\n\t\t\t\t\t\t\t\t\t\t\t\t\t\t<div class=\"elementor-gallery-item__title\">\n\t\t\t\t\t\t\t\t\t\t\t\t\t\t\t\t\t\t\u00d6zmen Construction\t\t\t\t\t\t\t\t<\/div>\n\t\t\t\t\t\t\t\t\t\t\t\t<\/div>\n\t\t\t\t\t\t\t\t\t<\/a>\n\t\t\t\t\t\t\t<a class=\"e-gallery-item elementor-gallery-item elementor-animated-content\" href=\"https:\/\/snrconst.com\/wp-content\/uploads\/Ozmen-Insaat-4.jpg\" data-elementor-open-lightbox=\"yes\" data-elementor-lightbox-slideshow=\"9797fb5\" data-elementor-lightbox-title=\"\u00d6zmen \u0130n\u015faat\" data-e-action-hash=\"#elementor-action%3Aaction%3Dlightbox%26settings%3DeyJpZCI6NDYzMCwidXJsIjoiaHR0cHM6XC9cL3NucmNvbnN0LmNvbVwvd3AtY29udGVudFwvdXBsb2Fkc1wvT3ptZW4tSW5zYWF0LTQuanBnIiwic2xpZGVzaG93IjoiOTc5N2ZiNSJ9\">\n\t\t\t\t\t<div class=\"e-gallery-image elementor-gallery-item__image\" data-thumbnail=\"https:\/\/snrconst.com\/wp-content\/uploads\/Ozmen-Insaat-4.jpg\" data-width=\"1920\" data-height=\"1080\" aria-label=\"\" role=\"img\" ><\/div>\n\t\t\t\t\t\t\t\t\t\t\t<div class=\"elementor-gallery-item__overlay\"><\/div>\n\t\t\t\t\t\t\t\t\t\t\t\t\t\t\t<div class=\"elementor-gallery-item__content\">\n\t\t\t\t\t\t\t\t\t\t\t\t\t\t<div class=\"elementor-gallery-item__title\">\n\t\t\t\t\t\t\t\t\t\t\t\t\t\t\t\t\t\t\u00d6zmen Construction\t\t\t\t\t\t\t\t<\/div>\n\t\t\t\t\t\t\t\t\t\t\t\t<\/div>\n\t\t\t\t\t\t\t\t\t<\/a>\n\t\t\t\t\t\t\t<a class=\"e-gallery-item elementor-gallery-item elementor-animated-content\" href=\"https:\/\/snrconst.com\/wp-content\/uploads\/Ozmen-Insaat-5.jpg\" data-elementor-open-lightbox=\"yes\" data-elementor-lightbox-slideshow=\"9797fb5\" data-elementor-lightbox-title=\"\u00d6zmen \u0130n\u015faat\" data-e-action-hash=\"#elementor-action%3Aaction%3Dlightbox%26settings%3DeyJpZCI6NDYzMSwidXJsIjoiaHR0cHM6XC9cL3NucmNvbnN0LmNvbVwvd3AtY29udGVudFwvdXBsb2Fkc1wvT3ptZW4tSW5zYWF0LTUuanBnIiwic2xpZGVzaG93IjoiOTc5N2ZiNSJ9\">\n\t\t\t\t\t<div class=\"e-gallery-image elementor-gallery-item__image\" data-thumbnail=\"https:\/\/snrconst.com\/wp-content\/uploads\/Ozmen-Insaat-5.jpg\" data-width=\"1920\" data-height=\"1080\" aria-label=\"\" role=\"img\" ><\/div>\n\t\t\t\t\t\t\t\t\t\t\t<div class=\"elementor-gallery-item__overlay\"><\/div>\n\t\t\t\t\t\t\t\t\t\t\t\t\t\t\t<div class=\"elementor-gallery-item__content\">\n\t\t\t\t\t\t\t\t\t\t\t\t\t\t<div class=\"elementor-gallery-item__title\">\n\t\t\t\t\t\t\t\t\t\t\t\t\t\t\t\t\t\t\u00d6zmen Construction\t\t\t\t\t\t\t\t<\/div>\n\t\t\t\t\t\t\t\t\t\t\t\t<\/div>\n\t\t\t\t\t\t\t\t\t<\/a>\n\t\t\t\t\t<\/div>\n\t\t\t\t\t<\/div>\n\t\t\t\t<\/div>\n\t\t\t\t<\/div>\n\t\t\t\t\t<\/div>\n\t\t\t\t<\/div>\n\t\t\t\t<\/div>","protected":false},"excerpt":{"rendered":"<p>Proje ad\u0131: Lokasyon: Tuzla \/ \u0130stanbul Sistem Bilgisi: Giyotin Do\u011frama PVC Do\u011frama Al\u00fcminyum Panjur Al\u00fcminyum Caml\u0131 Korkuluk \u00d6zmen \u0130n\u015faat \u00d6zmen \u0130n\u015faat \u00d6zmen \u0130n\u015faat \u00d6zmen \u0130n\u015faat<\/p>","protected":false},"author":1,"featured_media":0,"parent":74,"menu_order":0,"comment_status":"closed","ping_status":"closed","template":"elementor_header_footer","meta":{"footnotes":""},"class_list":["post-4624","page","type-page","status-publish","hentry"],"_links":{"self":[{"href":"https:\/\/snrconst.com\/en\/wp-json\/wp\/v2\/pages\/4624","targetHints":{"allow":["GET"]}}],"collection":[{"href":"https:\/\/snrconst.com\/en\/wp-json\/wp\/v2\/pages"}],"about":[{"href":"https:\/\/snrconst.com\/en\/wp-json\/wp\/v2\/types\/page"}],"author":[{"embeddable":true,"href":"https:\/\/snrconst.com\/en\/wp-json\/wp\/v2\/users\/1"}],"replies":[{"embeddable":true,"href":"https:\/\/snrconst.com\/en\/wp-json\/wp\/v2\/comments?post=4624"}],"version-history":[{"count":41,"href":"https:\/\/snrconst.com\/en\/wp-json\/wp\/v2\/pages\/4624\/revisions"}],"predecessor-version":[{"id":4863,"href":"https:\/\/snrconst.com\/en\/wp-json\/wp\/v2\/pages\/4624\/revisions\/4863"}],"up":[{"embeddable":true,"href":"https:\/\/snrconst.com\/en\/wp-json\/wp\/v2\/pages\/74"}],"wp:attachment":[{"href":"https:\/\/snrconst.com\/en\/wp-json\/wp\/v2\/media?parent=4624"}],"curies":[{"name":"wp","href":"https:\/\/api.w.org\/{rel}","templated":true}]}}