{"id":4558,"date":"2024-02-09T12:08:05","date_gmt":"2024-02-09T09:08:05","guid":{"rendered":"https:\/\/snrconst.com\/?page_id=4558"},"modified":"2024-02-13T19:45:01","modified_gmt":"2024-02-13T16:45:01","slug":"ramazan-bey-projesi-hotel","status":"publish","type":"page","link":"https:\/\/snrconst.com\/en\/projects\/ramazan-bey-projesi-hotel\/","title":{"rendered":"Ramazan Bey Project\/Hotel"},"content":{"rendered":"<div data-elementor-type=\"wp-page\" data-elementor-id=\"4558\" class=\"elementor elementor-4558\" data-elementor-post-type=\"page\">\n\t\t\t\t<div class=\"elementor-element elementor-element-c8ef608 e-flex e-con-boxed e-con e-parent\" data-id=\"c8ef608\" data-element_type=\"container\">\n\t\t\t\t\t<div class=\"e-con-inner\">\n\t\t<div class=\"elementor-element elementor-element-84b3920 e-con-full e-flex e-con e-child\" data-id=\"84b3920\" data-element_type=\"container\">\n\t\t\t\t<div class=\"elementor-element elementor-element-6f6e517 elementor-widget elementor-widget-image\" data-id=\"6f6e517\" data-element_type=\"widget\" data-widget_type=\"image.default\">\n\t\t\t\t<div class=\"elementor-widget-container\">\n\t\t\t\t\t\t\t\t\t\t\t\t\t\t\t\t<a href=\"https:\/\/snrconst.com\/wp-content\/uploads\/Ramazan-Bey-Projesi-1.jpg\" data-elementor-open-lightbox=\"yes\" data-elementor-lightbox-title=\"Ramazan Bey Projesi\" data-e-action-hash=\"#elementor-action%3Aaction%3Dlightbox%26settings%3DeyJpZCI6NDU3MiwidXJsIjoiaHR0cHM6XC9cL3NucmNvbnN0LmNvbVwvd3AtY29udGVudFwvdXBsb2Fkc1wvUmFtYXphbi1CZXktUHJvamVzaS0xLmpwZyJ9\">\n\t\t\t\t\t\t\t<img fetchpriority=\"high\" decoding=\"async\" width=\"1080\" height=\"791\" src=\"https:\/\/snrconst.com\/wp-content\/uploads\/Ramazan-Bey-Projesi-1.jpg\" class=\"attachment-1536x1536 size-1536x1536 wp-image-4572\" alt=\"\" srcset=\"https:\/\/snrconst.com\/wp-content\/uploads\/Ramazan-Bey-Projesi-1.jpg 1080w, https:\/\/snrconst.com\/wp-content\/uploads\/Ramazan-Bey-Projesi-1-300x220.jpg 300w, https:\/\/snrconst.com\/wp-content\/uploads\/Ramazan-Bey-Projesi-1-1024x750.jpg 1024w, https:\/\/snrconst.com\/wp-content\/uploads\/Ramazan-Bey-Projesi-1-768x562.jpg 768w\" sizes=\"(max-width: 1080px) 100vw, 1080px\" \/>\t\t\t\t\t\t\t\t<\/a>\n\t\t\t\t\t\t\t\t\t\t\t\t\t\t\t<\/div>\n\t\t\t\t<\/div>\n\t\t\t\t<\/div>\n\t\t<div class=\"elementor-element elementor-element-e64fa20 e-flex e-con-boxed e-con e-child\" data-id=\"e64fa20\" data-element_type=\"container\" data-settings=\"{&quot;background_background&quot;:&quot;classic&quot;}\">\n\t\t\t\t\t<div class=\"e-con-inner\">\n\t\t<div class=\"elementor-element elementor-element-ae6a736 e-flex e-con-boxed e-con e-child\" data-id=\"ae6a736\" data-element_type=\"container\">\n\t\t\t\t\t<div class=\"e-con-inner\">\n\t\t<div class=\"elementor-element elementor-element-c3f283e e-flex e-con-boxed e-con e-child\" data-id=\"c3f283e\" data-element_type=\"container\">\n\t\t\t\t\t<div class=\"e-con-inner\">\n\t\t\t\t<div class=\"elementor-element elementor-element-e8132ba elementor-widget elementor-widget-heading\" data-id=\"e8132ba\" data-element_type=\"widget\" data-widget_type=\"heading.default\">\n\t\t\t\t<div class=\"elementor-widget-container\">\n\t\t\t\t\t<h1 class=\"elementor-heading-title elementor-size-default\">Project<\/h1>\t\t\t\t<\/div>\n\t\t\t\t<\/div>\n\t\t\t\t\t<\/div>\n\t\t\t\t<\/div>\n\t\t<div class=\"elementor-element elementor-element-ac7fd42 e-flex e-con-boxed e-con e-child\" data-id=\"ac7fd42\" data-element_type=\"container\">\n\t\t\t\t\t<div class=\"e-con-inner\">\n\t\t\t\t<div class=\"elementor-element elementor-element-736d0bd elementor-widget elementor-widget-heading\" data-id=\"736d0bd\" data-element_type=\"widget\" data-widget_type=\"heading.default\">\n\t\t\t\t<div class=\"elementor-widget-container\">\n\t\t\t\t\t<h1 class=\"elementor-heading-title elementor-size-default\">Location<\/h1>\t\t\t\t<\/div>\n\t\t\t\t<\/div>\n\t\t\t\t<div class=\"elementor-element elementor-element-d6c91d4 elementor-widget elementor-widget-heading\" data-id=\"d6c91d4\" data-element_type=\"widget\" data-widget_type=\"heading.default\">\n\t\t\t\t<div class=\"elementor-widget-container\">\n\t\t\t\t\t<h2 class=\"elementor-heading-title elementor-size-default\">Esenyurt \/ \u0130stanbul<\/h2>\t\t\t\t<\/div>\n\t\t\t\t<\/div>\n\t\t\t\t\t<\/div>\n\t\t\t\t<\/div>\n\t\t<div class=\"elementor-element elementor-element-ca835ae e-flex e-con-boxed e-con e-child\" data-id=\"ca835ae\" data-element_type=\"container\">\n\t\t\t\t\t<div class=\"e-con-inner\">\n\t\t\t\t<div class=\"elementor-element elementor-element-57a452b elementor-widget elementor-widget-heading\" data-id=\"57a452b\" data-element_type=\"widget\" data-widget_type=\"heading.default\">\n\t\t\t\t<div class=\"elementor-widget-container\">\n\t\t\t\t\t<h1 class=\"elementor-heading-title elementor-size-default\">System<\/h1>\t\t\t\t<\/div>\n\t\t\t\t<\/div>\n\t\t\t\t<div class=\"elementor-element elementor-element-f27c2b1 elementor-widget elementor-widget-heading\" data-id=\"f27c2b1\" data-element_type=\"widget\" data-widget_type=\"heading.default\">\n\t\t\t\t<div class=\"elementor-widget-container\">\n\t\t\t\t\t<h2 class=\"elementor-heading-title elementor-size-default\">Composite Coating<br>\nSilicone Facade Coating<br>\nHeat Insulated Aluminum Joinery<\/h2>\t\t\t\t<\/div>\n\t\t\t\t<\/div>\n\t\t\t\t\t<\/div>\n\t\t\t\t<\/div>\n\t\t\t\t\t<\/div>\n\t\t\t\t<\/div>\n\t\t\t\t\t<\/div>\n\t\t\t\t<\/div>\n\t\t\t\t\t<\/div>\n\t\t\t\t<\/div>\n\t\t<div class=\"elementor-element elementor-element-2af2fd2 e-flex e-con-boxed e-con e-parent\" data-id=\"2af2fd2\" data-element_type=\"container\">\n\t\t\t\t\t<div class=\"e-con-inner\">\n\t\t<div class=\"elementor-element elementor-element-f7dadba e-con-full e-flex e-con e-child\" data-id=\"f7dadba\" data-element_type=\"container\">\n\t\t\t\t<div class=\"elementor-element elementor-element-4e092b2 elementor-widget elementor-widget-gallery\" data-id=\"4e092b2\" data-element_type=\"widget\" data-settings=\"{&quot;columns&quot;:3,&quot;overlay_title&quot;:&quot;title&quot;,&quot;lazyload&quot;:&quot;yes&quot;,&quot;gallery_layout&quot;:&quot;grid&quot;,&quot;columns_tablet&quot;:2,&quot;columns_mobile&quot;:1,&quot;gap&quot;:{&quot;unit&quot;:&quot;px&quot;,&quot;size&quot;:10,&quot;sizes&quot;:[]},&quot;gap_tablet&quot;:{&quot;unit&quot;:&quot;px&quot;,&quot;size&quot;:10,&quot;sizes&quot;:[]},&quot;gap_mobile&quot;:{&quot;unit&quot;:&quot;px&quot;,&quot;size&quot;:10,&quot;sizes&quot;:[]},&quot;link_to&quot;:&quot;file&quot;,&quot;aspect_ratio&quot;:&quot;3:2&quot;,&quot;overlay_background&quot;:&quot;yes&quot;,&quot;content_hover_animation&quot;:&quot;fade-in&quot;}\" data-widget_type=\"gallery.default\">\n\t\t\t\t<div class=\"elementor-widget-container\">\n\t\t\t\t\t\t\t<div class=\"elementor-gallery__container\">\n\t\t\t\t\t\t\t<a class=\"e-gallery-item elementor-gallery-item elementor-animated-content\" href=\"https:\/\/snrconst.com\/wp-content\/uploads\/Ramazan-Bey-Projesi-2.jpg\" data-elementor-open-lightbox=\"yes\" data-elementor-lightbox-slideshow=\"4e092b2\" data-elementor-lightbox-title=\"Ramazan Bey Projesi\" data-e-action-hash=\"#elementor-action%3Aaction%3Dlightbox%26settings%3DeyJpZCI6NDU3MywidXJsIjoiaHR0cHM6XC9cL3NucmNvbnN0LmNvbVwvd3AtY29udGVudFwvdXBsb2Fkc1wvUmFtYXphbi1CZXktUHJvamVzaS0yLmpwZyIsInNsaWRlc2hvdyI6IjRlMDkyYjIifQ%3D%3D\">\n\t\t\t\t\t<div class=\"e-gallery-image elementor-gallery-item__image\" data-thumbnail=\"https:\/\/snrconst.com\/wp-content\/uploads\/Ramazan-Bey-Projesi-2-1024x752.jpg\" data-width=\"640\" data-height=\"470\" aria-label=\"\" role=\"img\" ><\/div>\n\t\t\t\t\t\t\t\t\t\t\t<div class=\"elementor-gallery-item__overlay\"><\/div>\n\t\t\t\t\t\t\t\t\t\t\t\t\t\t\t<div class=\"elementor-gallery-item__content\">\n\t\t\t\t\t\t\t\t\t\t\t\t\t\t<div class=\"elementor-gallery-item__title\">\n\t\t\t\t\t\t\t\t\t\t\t\t\t\t\t\t\t\tRamazan Bey Project\t\t\t\t\t\t\t\t<\/div>\n\t\t\t\t\t\t\t\t\t\t\t\t<\/div>\n\t\t\t\t\t\t\t\t\t<\/a>\n\t\t\t\t\t\t\t<a class=\"e-gallery-item elementor-gallery-item elementor-animated-content\" href=\"https:\/\/snrconst.com\/wp-content\/uploads\/Ramazan-Bey-Projesi-5.jpg\" data-elementor-open-lightbox=\"yes\" data-elementor-lightbox-slideshow=\"4e092b2\" data-elementor-lightbox-title=\"Ramazan Bey Projesi\" data-e-action-hash=\"#elementor-action%3Aaction%3Dlightbox%26settings%3DeyJpZCI6NDU3MSwidXJsIjoiaHR0cHM6XC9cL3NucmNvbnN0LmNvbVwvd3AtY29udGVudFwvdXBsb2Fkc1wvUmFtYXphbi1CZXktUHJvamVzaS01LmpwZyIsInNsaWRlc2hvdyI6IjRlMDkyYjIifQ%3D%3D\">\n\t\t\t\t\t<div class=\"e-gallery-image elementor-gallery-item__image\" data-thumbnail=\"https:\/\/snrconst.com\/wp-content\/uploads\/Ramazan-Bey-Projesi-5-1024x593.jpg\" data-width=\"640\" data-height=\"371\" aria-label=\"\" role=\"img\" ><\/div>\n\t\t\t\t\t\t\t\t\t\t\t<div class=\"elementor-gallery-item__overlay\"><\/div>\n\t\t\t\t\t\t\t\t\t\t\t\t\t\t\t<div class=\"elementor-gallery-item__content\">\n\t\t\t\t\t\t\t\t\t\t\t\t\t\t<div class=\"elementor-gallery-item__title\">\n\t\t\t\t\t\t\t\t\t\t\t\t\t\t\t\t\t\tRamazan Bey Project\t\t\t\t\t\t\t\t<\/div>\n\t\t\t\t\t\t\t\t\t\t\t\t<\/div>\n\t\t\t\t\t\t\t\t\t<\/a>\n\t\t\t\t\t\t\t<a class=\"e-gallery-item elementor-gallery-item elementor-animated-content\" href=\"https:\/\/snrconst.com\/wp-content\/uploads\/Ramazan-Bey-Projesi-4.jpg\" data-elementor-open-lightbox=\"yes\" data-elementor-lightbox-slideshow=\"4e092b2\" data-elementor-lightbox-title=\"Ramazan Bey Projesi\" data-e-action-hash=\"#elementor-action%3Aaction%3Dlightbox%26settings%3DeyJpZCI6NDU3NSwidXJsIjoiaHR0cHM6XC9cL3NucmNvbnN0LmNvbVwvd3AtY29udGVudFwvdXBsb2Fkc1wvUmFtYXphbi1CZXktUHJvamVzaS00LmpwZyIsInNsaWRlc2hvdyI6IjRlMDkyYjIifQ%3D%3D\">\n\t\t\t\t\t<div class=\"e-gallery-image elementor-gallery-item__image\" data-thumbnail=\"https:\/\/snrconst.com\/wp-content\/uploads\/Ramazan-Bey-Projesi-4-1024x563.jpg\" data-width=\"640\" data-height=\"352\" aria-label=\"\" role=\"img\" ><\/div>\n\t\t\t\t\t\t\t\t\t\t\t<div class=\"elementor-gallery-item__overlay\"><\/div>\n\t\t\t\t\t\t\t\t\t\t\t\t\t\t\t<div class=\"elementor-gallery-item__content\">\n\t\t\t\t\t\t\t\t\t\t\t\t\t\t<div class=\"elementor-gallery-item__title\">\n\t\t\t\t\t\t\t\t\t\t\t\t\t\t\t\t\t\tRamazan Bey Project\t\t\t\t\t\t\t\t<\/div>\n\t\t\t\t\t\t\t\t\t\t\t\t<\/div>\n\t\t\t\t\t\t\t\t\t<\/a>\n\t\t\t\t\t<\/div>\n\t\t\t\t\t<\/div>\n\t\t\t\t<\/div>\n\t\t\t\t<\/div>\n\t\t\t\t\t<\/div>\n\t\t\t\t<\/div>\n\t\t\t\t<\/div>","protected":false},"excerpt":{"rendered":"<p>Proje ad\u0131: Lokasyon: Esenyurt \/ \u0130stanbul Sistem Bilgisi: Kompozit Kaplama Silikon Cephe Kaplama Is\u0131 Yal\u0131t\u0131ml\u0131 Al\u00fcminyum Do\u011frama Ramazan Bey Projesi Ramazan Bey Projesi Ramazan Bey Projesi<\/p>","protected":false},"author":1,"featured_media":0,"parent":74,"menu_order":0,"comment_status":"closed","ping_status":"closed","template":"elementor_header_footer","meta":{"footnotes":""},"class_list":["post-4558","page","type-page","status-publish","hentry"],"_links":{"self":[{"href":"https:\/\/snrconst.com\/en\/wp-json\/wp\/v2\/pages\/4558","targetHints":{"allow":["GET"]}}],"collection":[{"href":"https:\/\/snrconst.com\/en\/wp-json\/wp\/v2\/pages"}],"about":[{"href":"https:\/\/snrconst.com\/en\/wp-json\/wp\/v2\/types\/page"}],"author":[{"embeddable":true,"href":"https:\/\/snrconst.com\/en\/wp-json\/wp\/v2\/users\/1"}],"replies":[{"embeddable":true,"href":"https:\/\/snrconst.com\/en\/wp-json\/wp\/v2\/comments?post=4558"}],"version-history":[{"count":11,"href":"https:\/\/snrconst.com\/en\/wp-json\/wp\/v2\/pages\/4558\/revisions"}],"predecessor-version":[{"id":4891,"href":"https:\/\/snrconst.com\/en\/wp-json\/wp\/v2\/pages\/4558\/revisions\/4891"}],"up":[{"embeddable":true,"href":"https:\/\/snrconst.com\/en\/wp-json\/wp\/v2\/pages\/74"}],"wp:attachment":[{"href":"https:\/\/snrconst.com\/en\/wp-json\/wp\/v2\/media?parent=4558"}],"curies":[{"name":"wp","href":"https:\/\/api.w.org\/{rel}","templated":true}]}}