{"id":3971,"date":"2024-02-04T13:49:13","date_gmt":"2024-02-04T10:49:13","guid":{"rendered":"https:\/\/snrconst.com\/?page_id=3971"},"modified":"2024-02-14T20:13:58","modified_gmt":"2024-02-14T17:13:58","slug":"glass-balustrade","status":"publish","type":"page","link":"https:\/\/snrconst.com\/en\/activities\/glass-balustrade\/","title":{"rendered":"Glass Railing"},"content":{"rendered":"<div data-elementor-type=\"wp-page\" data-elementor-id=\"3971\" class=\"elementor elementor-3971\" data-elementor-post-type=\"page\">\n\t\t\t\t<div class=\"elementor-element elementor-element-eb09e62 e-flex e-con-boxed e-con e-parent\" data-id=\"eb09e62\" data-element_type=\"container\">\n\t\t\t\t\t<div class=\"e-con-inner\">\n\t\t<div class=\"elementor-element elementor-element-a7c66da e-con-full e-flex e-con e-child\" data-id=\"a7c66da\" data-element_type=\"container\">\n\t\t\t\t<div class=\"elementor-element elementor-element-97ecc3f elementor-invisible elementor-widget elementor-widget-text-editor\" data-id=\"97ecc3f\" data-element_type=\"widget\" data-settings=\"{&quot;_animation&quot;:&quot;fadeIn&quot;}\" data-widget_type=\"text-editor.default\">\n\t\t\t\t<div class=\"elementor-widget-container\">\n\t\t\t\t\t\t\t\t\t<p>SUNRISE Construction<\/p>\t\t\t\t\t\t\t\t<\/div>\n\t\t\t\t<\/div>\n\t\t\t\t<div class=\"elementor-element elementor-element-2d052b8 elementor-widget-divider--view-line elementor-invisible elementor-widget elementor-widget-divider\" data-id=\"2d052b8\" data-element_type=\"widget\" data-settings=\"{&quot;_animation&quot;:&quot;fadeIn&quot;,&quot;_animation_delay&quot;:200}\" data-widget_type=\"divider.default\">\n\t\t\t\t<div class=\"elementor-widget-container\">\n\t\t\t\t\t\t\t<div class=\"elementor-divider\">\n\t\t\t<span class=\"elementor-divider-separator\">\n\t\t\t\t\t\t<\/span>\n\t\t<\/div>\n\t\t\t\t\t\t<\/div>\n\t\t\t\t<\/div>\n\t\t\t\t<\/div>\n\t\t<div class=\"elementor-element elementor-element-413c399 e-con-full e-flex e-con e-child\" data-id=\"413c399\" data-element_type=\"container\">\n\t\t\t\t<div class=\"elementor-element elementor-element-d07ee76 elementor-widget__width-inherit elementor-widget-tablet__width-initial elementor-widget elementor-widget-text-editor\" data-id=\"d07ee76\" data-element_type=\"widget\" data-widget_type=\"text-editor.default\">\n\t\t\t\t<div class=\"elementor-widget-container\">\n\t\t\t\t\t\t\t\t\t<p>Tempered laminated safety glass measuring 8+8 \u2013 10+10 mm is preferred and applied within an aluminium base that is either above ground or concealed within the ground. As it does not use a vertical profile, it offers a greater visual area. It can also be preferred around shopping centres, residential balconies, cafes and cafeteria gardens.<\/p>\t\t\t\t\t\t\t\t<\/div>\n\t\t\t\t<\/div>\n\t\t\t\t<\/div>\n\t\t<div class=\"elementor-element elementor-element-c5562a0 e-con-full e-flex e-con e-child\" data-id=\"c5562a0\" data-element_type=\"container\">\n\t\t\t\t<div class=\"elementor-element elementor-element-14185a3 elementor-widget elementor-widget-gallery\" data-id=\"14185a3\" data-element_type=\"widget\" data-settings=\"{&quot;columns&quot;:2,&quot;lazyload&quot;:&quot;yes&quot;,&quot;gallery_layout&quot;:&quot;grid&quot;,&quot;columns_tablet&quot;:2,&quot;columns_mobile&quot;:1,&quot;gap&quot;:{&quot;unit&quot;:&quot;px&quot;,&quot;size&quot;:10,&quot;sizes&quot;:[]},&quot;gap_tablet&quot;:{&quot;unit&quot;:&quot;px&quot;,&quot;size&quot;:10,&quot;sizes&quot;:[]},&quot;gap_mobile&quot;:{&quot;unit&quot;:&quot;px&quot;,&quot;size&quot;:10,&quot;sizes&quot;:[]},&quot;link_to&quot;:&quot;file&quot;,&quot;aspect_ratio&quot;:&quot;3:2&quot;,&quot;overlay_background&quot;:&quot;yes&quot;,&quot;content_hover_animation&quot;:&quot;fade-in&quot;}\" data-widget_type=\"gallery.default\">\n\t\t\t\t<div class=\"elementor-widget-container\">\n\t\t\t\t\t\t\t<div class=\"elementor-gallery__container\">\n\t\t\t\t\t\t\t<a class=\"e-gallery-item elementor-gallery-item elementor-animated-content\" href=\"https:\/\/snrconst.com\/wp-content\/uploads\/Sunrise-Cehpe-Sistemleri-Cam-Korkuluk-1.jpg\" data-elementor-open-lightbox=\"yes\" data-elementor-lightbox-slideshow=\"14185a3\" data-elementor-lightbox-title=\"Caml\u0131 Korkuluk\" data-e-action-hash=\"#elementor-action%3Aaction%3Dlightbox%26settings%3DeyJpZCI6MzQ3NSwidXJsIjoiaHR0cHM6XC9cL3NucmNvbnN0LmNvbVwvd3AtY29udGVudFwvdXBsb2Fkc1wvU3VucmlzZS1DZWhwZS1TaXN0ZW1sZXJpLUNhbS1Lb3JrdWx1ay0xLmpwZyIsInNsaWRlc2hvdyI6IjE0MTg1YTMifQ%3D%3D\">\n\t\t\t\t\t<div class=\"e-gallery-image elementor-gallery-item__image\" data-thumbnail=\"https:\/\/snrconst.com\/wp-content\/uploads\/Sunrise-Cehpe-Sistemleri-Cam-Korkuluk-1.jpg\" data-width=\"1386\" data-height=\"780\" aria-label=\"\" role=\"img\" ><\/div>\n\t\t\t\t\t\t\t\t\t\t\t<div class=\"elementor-gallery-item__overlay\"><\/div>\n\t\t\t\t\t\t\t\t\t\t\t\t\t\t<\/a>\n\t\t\t\t\t\t\t<a class=\"e-gallery-item elementor-gallery-item elementor-animated-content\" href=\"https:\/\/snrconst.com\/wp-content\/uploads\/Sunrise-Cehpe-Sistemleri-Cam-Korkuluk-2.jpg\" data-elementor-open-lightbox=\"yes\" data-elementor-lightbox-slideshow=\"14185a3\" data-elementor-lightbox-title=\"Caml\u0131 Korkuluk\" data-e-action-hash=\"#elementor-action%3Aaction%3Dlightbox%26settings%3DeyJpZCI6MzQ3NiwidXJsIjoiaHR0cHM6XC9cL3NucmNvbnN0LmNvbVwvd3AtY29udGVudFwvdXBsb2Fkc1wvU3VucmlzZS1DZWhwZS1TaXN0ZW1sZXJpLUNhbS1Lb3JrdWx1ay0yLmpwZyIsInNsaWRlc2hvdyI6IjE0MTg1YTMifQ%3D%3D\">\n\t\t\t\t\t<div class=\"e-gallery-image elementor-gallery-item__image\" data-thumbnail=\"https:\/\/snrconst.com\/wp-content\/uploads\/Sunrise-Cehpe-Sistemleri-Cam-Korkuluk-2.jpg\" data-width=\"1386\" data-height=\"780\" aria-label=\"\" role=\"img\" ><\/div>\n\t\t\t\t\t\t\t\t\t\t\t<div class=\"elementor-gallery-item__overlay\"><\/div>\n\t\t\t\t\t\t\t\t\t\t\t\t\t\t<\/a>\n\t\t\t\t\t<\/div>\n\t\t\t\t\t<\/div>\n\t\t\t\t<\/div>\n\t\t\t\t<\/div>\n\t\t\t\t\t<\/div>\n\t\t\t\t<\/div>\n\t\t<div class=\"elementor-element elementor-element-0199ad1 e-flex e-con-boxed e-con e-parent\" data-id=\"0199ad1\" data-element_type=\"container\" data-settings=\"{&quot;background_background&quot;:&quot;gradient&quot;}\">\n\t\t\t\t\t<div class=\"e-con-inner\">\n\t\t\t\t<div class=\"elementor-element elementor-element-c129410 elementor-widget elementor-widget-template\" data-id=\"c129410\" data-element_type=\"widget\" data-widget_type=\"template.default\">\n\t\t\t\t<div class=\"elementor-widget-container\">\n\t\t\t\t\t\t\t<div class=\"elementor-template\">\n\t\t\t\t\t<div data-elementor-type=\"section\" data-elementor-id=\"4358\" class=\"elementor elementor-4358\" data-elementor-post-type=\"elementor_library\">\n\t\t\t\t\t<section class=\"elementor-section elementor-top-section elementor-element elementor-element-70d665ea elementor-section-full_width elementor-section-height-default elementor-section-height-default\" data-id=\"70d665ea\" data-element_type=\"section\">\n\t\t\t\t\t\t<div class=\"elementor-container elementor-column-gap-default\">\n\t\t\t\t\t<div class=\"elementor-column elementor-col-100 elementor-top-column elementor-element elementor-element-415867bf\" data-id=\"415867bf\" data-element_type=\"column\">\n\t\t\t<div class=\"elementor-widget-wrap elementor-element-populated\">\n\t\t\t\t\t\t<div class=\"elementor-element elementor-element-1a70de7 elementor-invisible elementor-widget elementor-widget-text-editor\" data-id=\"1a70de7\" data-element_type=\"widget\" data-settings=\"{&quot;_animation&quot;:&quot;fadeIn&quot;}\" data-widget_type=\"text-editor.default\">\n\t\t\t\t<div class=\"elementor-widget-container\">\n\t\t\t\t\t\t\t\t\t<p>SUNRISE Construction<\/p>\t\t\t\t\t\t\t\t<\/div>\n\t\t\t\t<\/div>\n\t\t\t\t<div class=\"elementor-element elementor-element-5d2e2b19 elementor-invisible elementor-widget elementor-widget-heading\" data-id=\"5d2e2b19\" data-element_type=\"widget\" data-settings=\"{&quot;_animation&quot;:&quot;fadeIn&quot;,&quot;_animation_delay&quot;:200}\" data-widget_type=\"heading.default\">\n\t\t\t\t<div class=\"elementor-widget-container\">\n\t\t\t\t\t<h2 class=\"elementor-heading-title elementor-size-default\">All Our Services<\/h2>\t\t\t\t<\/div>\n\t\t\t\t<\/div>\n\t\t\t\t<div class=\"elementor-element elementor-element-13bdf00e elementor-widget-divider--view-line elementor-invisible elementor-widget elementor-widget-divider\" data-id=\"13bdf00e\" data-element_type=\"widget\" data-settings=\"{&quot;_animation&quot;:&quot;fadeIn&quot;,&quot;_animation_delay&quot;:200}\" data-widget_type=\"divider.default\">\n\t\t\t\t<div class=\"elementor-widget-container\">\n\t\t\t\t\t\t\t<div class=\"elementor-divider\">\n\t\t\t<span class=\"elementor-divider-separator\">\n\t\t\t\t\t\t<\/span>\n\t\t<\/div>\n\t\t\t\t\t\t<\/div>\n\t\t\t\t<\/div>\n\t\t\t\t\t<\/div>\n\t\t<\/div>\n\t\t\t\t\t<\/div>\n\t\t<\/section>\n\t\t<div class=\"elementor-element elementor-element-936e30c e-flex e-con-boxed e-con e-parent\" data-id=\"936e30c\" data-element_type=\"container\">\n\t\t\t\t\t<div class=\"e-con-inner\">\n\t\t\t\t<div class=\"elementor-element elementor-element-1a5caad slide elementor-widget elementor-widget-noile-portfolio\" data-id=\"1a5caad\" data-element_type=\"widget\" data-widget_type=\"noile-portfolio.default\">\n\t\t\t\t<div class=\"elementor-widget-container\">\n\t\t\t\t\t    <!-- Case Study One Start -->\r\n    <section class=\"case-study-one case-study\">\r\n        <div class=\"container\">\r\n                        <div class=\"case-study-one__carousel noile-owl__carousel owl-theme owl-carousel\" data-owl-options='        {        &quot;loop&quot;: true,        &quot;margin&quot;: 1,        &quot;items&quot;: 5        ,&quot;nav&quot;: false                    ,&quot;autoplay&quot;: true            ,&quot;autoplayTimeout&quot;: 5000                                ,&quot;dots&quot;: false        ,&quot;smartSpeed&quot;: 700                    ,            &quot;responsive&quot;:            {                            &quot;0&quot;: {                &quot;margin&quot;: 24,                &quot;items&quot;: 1                },                            &quot;768&quot;: {                &quot;margin&quot;: 24,                &quot;items&quot;: 2                },                            &quot;992&quot;: {                &quot;margin&quot;: 24,                &quot;items&quot;: 3                },                            &quot;1400&quot;: {                &quot;margin&quot;: 24,                &quot;items&quot;: 3                }                        }                }    '>\r\n                                    <div class=\"case-study-one__carousel-item item\">\r\n                        <div class=\"case-study__item\">\r\n                            <div class=\"case-study__item-img-box\">\r\n                                <img decoding=\"async\" src=\"https:\/\/snrconst.com\/wp-content\/uploads\/Sunrise-Cephe-Sistemleri-Cephe-Kaplama-Sistemleri-Ana-Sayfa.jpg\" alt=\"\" class=\"case-study__item-img\" >                                                                    <p class=\"case-study__item-desc\">Facade Cladding Systems<\/p>\r\n                                                                <h3 class=\"case-study__item-title\">\r\n                                    <a class=\"\" href=\"https:\/\/snrconst.com\/en\/activities\/facade-cladding-systems\/\"  >Details<\/a>                                <\/h3>\r\n                            <\/div>\r\n                            <a href=\"https:\/\/snrconst.com\/en\/activities\/facade-cladding-systems\/\"  class=\"case-study__item-btn\">\r\n                                <span class=\"case-study__item-btn-icon icon-arrow-right-2\"><\/span>\r\n                            <\/a>\r\n                        <\/div><!-- \/.case-study__item -->\r\n                    <\/div><!-- \/.case-study-one__carousel-item-->\r\n                                    <div class=\"case-study-one__carousel-item item\">\r\n                        <div class=\"case-study__item\">\r\n                            <div class=\"case-study__item-img-box\">\r\n                                <img decoding=\"async\" src=\"https:\/\/snrconst.com\/wp-content\/uploads\/Sunrise-Cephe-Sistemleri-Kompozit-Cephe-Ana-Sayfa.jpg\" alt=\"\" class=\"case-study__item-img\" >                                                                    <p class=\"case-study__item-desc\">Aluminium Composite Facade<\/p>\r\n                                                                <h3 class=\"case-study__item-title\">\r\n                                    <a class=\"\" href=\"https:\/\/snrconst.com\/en\/activities\/aluminium-composite-facade\/\"  >Details<\/a>                                <\/h3>\r\n                            <\/div>\r\n                            <a href=\"https:\/\/snrconst.com\/en\/activities\/aluminium-composite-facade\/\"  class=\"case-study__item-btn\">\r\n                                <span class=\"case-study__item-btn-icon icon-arrow-right-2\"><\/span>\r\n                            <\/a>\r\n                        <\/div><!-- \/.case-study__item -->\r\n                    <\/div><!-- \/.case-study-one__carousel-item-->\r\n                                    <div class=\"case-study-one__carousel-item item\">\r\n                        <div class=\"case-study__item\">\r\n                            <div class=\"case-study__item-img-box\">\r\n                                <img decoding=\"async\" src=\"https:\/\/snrconst.com\/wp-content\/uploads\/Sunrise-Cephe-Sistemleri-Seramik-Cephe-Ana-Sayfa.jpg\" alt=\"\" class=\"case-study__item-img\" >                                                                    <p class=\"case-study__item-desc\">Ceramic Facade<\/p>\r\n                                                                <h3 class=\"case-study__item-title\">\r\n                                    <a class=\"\" href=\"https:\/\/snrconst.com\/en\/activities\/ceramic-facade\/\"  >Details<\/a>                                <\/h3>\r\n                            <\/div>\r\n                            <a href=\"https:\/\/snrconst.com\/en\/activities\/ceramic-facade\/\"  class=\"case-study__item-btn\">\r\n                                <span class=\"case-study__item-btn-icon icon-arrow-right-2\"><\/span>\r\n                            <\/a>\r\n                        <\/div><!-- \/.case-study__item -->\r\n                    <\/div><!-- \/.case-study-one__carousel-item-->\r\n                                    <div class=\"case-study-one__carousel-item item\">\r\n                        <div class=\"case-study__item\">\r\n                            <div class=\"case-study__item-img-box\">\r\n                                <img decoding=\"async\" src=\"https:\/\/snrconst.com\/wp-content\/uploads\/Sunrise-Cephe-Sistemleri-Aluminyum-Dograma-Ana-Sayfa.jpg\" alt=\"\" class=\"case-study__item-img\" >                                                                    <p class=\"case-study__item-desc\">Aluminum Joinery<\/p>\r\n                                                                <h3 class=\"case-study__item-title\">\r\n                                    <a class=\"\" href=\"https:\/\/snrconst.com\/en\/activities\/aluminium-joinery\/\"  >Details<\/a>                                <\/h3>\r\n                            <\/div>\r\n                            <a href=\"https:\/\/snrconst.com\/en\/activities\/aluminium-joinery\/\"  class=\"case-study__item-btn\">\r\n                                <span class=\"case-study__item-btn-icon icon-arrow-right-2\"><\/span>\r\n                            <\/a>\r\n                        <\/div><!-- \/.case-study__item -->\r\n                    <\/div><!-- \/.case-study-one__carousel-item-->\r\n                                    <div class=\"case-study-one__carousel-item item\">\r\n                        <div class=\"case-study__item\">\r\n                            <div class=\"case-study__item-img-box\">\r\n                                <img decoding=\"async\" src=\"https:\/\/snrconst.com\/wp-content\/uploads\/Sunrise-Cephe-Sistemleri-Kis-Bahcesi-Ana-Sayfa.jpg\" alt=\"\" class=\"case-study__item-img\" >                                                                    <p class=\"case-study__item-desc\">Shading and Winter Garden<\/p>\r\n                                                                <h3 class=\"case-study__item-title\">\r\n                                    <a class=\"\" href=\"https:\/\/snrconst.com\/en\/activities\/shading-and-winter-garden-systems\/\"  >Details<\/a>                                <\/h3>\r\n                            <\/div>\r\n                            <a href=\"https:\/\/snrconst.com\/en\/activities\/shading-and-winter-garden-systems\/\"  class=\"case-study__item-btn\">\r\n                                <span class=\"case-study__item-btn-icon icon-arrow-right-2\"><\/span>\r\n                            <\/a>\r\n                        <\/div><!-- \/.case-study__item -->\r\n                    <\/div><!-- \/.case-study-one__carousel-item-->\r\n                                    <div class=\"case-study-one__carousel-item item\">\r\n                        <div class=\"case-study__item\">\r\n                            <div class=\"case-study__item-img-box\">\r\n                                <img decoding=\"async\" src=\"https:\/\/snrconst.com\/wp-content\/uploads\/Sunrise-Cephe-Sistemleri-Otomatik-Kapi-Sistemleri-Ana-Sayfa-1.jpg\" alt=\"\" class=\"case-study__item-img\" >                                                                    <p class=\"case-study__item-desc\">Automatic Door Systems<\/p>\r\n                                                                <h3 class=\"case-study__item-title\">\r\n                                    <a class=\"\" href=\"https:\/\/snrconst.com\/en\/activities\/automatic-door-systems\/\"  >Details<\/a>                                <\/h3>\r\n                            <\/div>\r\n                            <a href=\"https:\/\/snrconst.com\/en\/activities\/automatic-door-systems\/\"  class=\"case-study__item-btn\">\r\n                                <span class=\"case-study__item-btn-icon icon-arrow-right-2\"><\/span>\r\n                            <\/a>\r\n                        <\/div><!-- \/.case-study__item -->\r\n                    <\/div><!-- \/.case-study-one__carousel-item-->\r\n                                    <div class=\"case-study-one__carousel-item item\">\r\n                        <div class=\"case-study__item\">\r\n                            <div class=\"case-study__item-img-box\">\r\n                                <img decoding=\"async\" src=\"https:\/\/snrconst.com\/wp-content\/uploads\/Sunrise-Cephe-Sistemleri-Camli-Korkuluk-Ana-Sayfa.jpg\" alt=\"\" class=\"case-study__item-img\" >                                                                    <p class=\"case-study__item-desc\">Glass Railing<\/p>\r\n                                                                <h3 class=\"case-study__item-title\">\r\n                                    <a class=\"\" href=\"https:\/\/snrconst.com\/en\/activities\/glass-balustrade\/\"  >Details<\/a>                                <\/h3>\r\n                            <\/div>\r\n                            <a href=\"https:\/\/snrconst.com\/en\/activities\/glass-balustrade\/\"  class=\"case-study__item-btn\">\r\n                                <span class=\"case-study__item-btn-icon icon-arrow-right-2\"><\/span>\r\n                            <\/a>\r\n                        <\/div><!-- \/.case-study__item -->\r\n                    <\/div><!-- \/.case-study-one__carousel-item-->\r\n                            <\/div><!-- \/.case-study-one__carousel-->\r\n        <\/div><!-- \/.container -->\r\n    <\/section>\r\n    <!-- Case Study One End -->\r\n\t\t\t\t<\/div>\n\t\t\t\t<\/div>\n\t\t\t\t\t<\/div>\n\t\t\t\t<\/div>\n\t\t\t\t<\/div>\n\t\t\t\t<\/div>\n\t\t\t\t\t\t<\/div>\n\t\t\t\t<\/div>\n\t\t\t\t\t<\/div>\n\t\t\t\t<\/div>\n\t\t\t\t<\/div>","protected":false},"excerpt":{"rendered":"<p>SUNRISE Construction Zemine \u00fcst\u00fc veya zemine gizlenen al\u00fcminyum baza i\u00e7ine 8+8 &#8211; 10+10 mm Temperlenmi\u015f Lamine g\u00fcvenlikli camlar tercih edilerek uygulan\u0131r. Dikme profili kullanmad\u0131\u011f\u0131ndan g\u00f6rsel alan daha fazlad\u0131r. Avm, Konut balkonlar\u0131, Kafe ve Kafeterya bah\u00e7elerinin etraflar\u0131nda da tercih edilebilir.<\/p>","protected":false},"author":1,"featured_media":0,"parent":29,"menu_order":0,"comment_status":"closed","ping_status":"closed","template":"elementor_header_footer","meta":{"footnotes":""},"class_list":["post-3971","page","type-page","status-publish","hentry"],"_links":{"self":[{"href":"https:\/\/snrconst.com\/en\/wp-json\/wp\/v2\/pages\/3971","targetHints":{"allow":["GET"]}}],"collection":[{"href":"https:\/\/snrconst.com\/en\/wp-json\/wp\/v2\/pages"}],"about":[{"href":"https:\/\/snrconst.com\/en\/wp-json\/wp\/v2\/types\/page"}],"author":[{"embeddable":true,"href":"https:\/\/snrconst.com\/en\/wp-json\/wp\/v2\/users\/1"}],"replies":[{"embeddable":true,"href":"https:\/\/snrconst.com\/en\/wp-json\/wp\/v2\/comments?post=3971"}],"version-history":[{"count":10,"href":"https:\/\/snrconst.com\/en\/wp-json\/wp\/v2\/pages\/3971\/revisions"}],"predecessor-version":[{"id":5299,"href":"https:\/\/snrconst.com\/en\/wp-json\/wp\/v2\/pages\/3971\/revisions\/5299"}],"up":[{"embeddable":true,"href":"https:\/\/snrconst.com\/en\/wp-json\/wp\/v2\/pages\/29"}],"wp:attachment":[{"href":"https:\/\/snrconst.com\/en\/wp-json\/wp\/v2\/media?parent=3971"}],"curies":[{"name":"wp","href":"https:\/\/api.w.org\/{rel}","templated":true}]}}