{"id":3958,"date":"2024-02-04T13:47:40","date_gmt":"2024-02-04T10:47:40","guid":{"rendered":"https:\/\/snrconst.com\/?page_id=3958"},"modified":"2024-02-14T20:24:35","modified_gmt":"2024-02-14T17:24:35","slug":"bioclimatic-ceiling","status":"publish","type":"page","link":"https:\/\/snrconst.com\/en\/activities\/shading-and-winter-garden-systems\/bioclimatic-ceiling\/","title":{"rendered":"Bioclimatic Ceiling"},"content":{"rendered":"<div data-elementor-type=\"wp-page\" data-elementor-id=\"3958\" class=\"elementor elementor-3958\" data-elementor-post-type=\"page\">\n\t\t\t\t<div class=\"elementor-element elementor-element-25e57dd e-flex e-con-boxed e-con e-parent\" data-id=\"25e57dd\" data-element_type=\"container\">\n\t\t\t\t\t<div class=\"e-con-inner\">\n\t\t<div class=\"elementor-element elementor-element-b43cec2 e-con-full e-flex e-con e-child\" data-id=\"b43cec2\" data-element_type=\"container\">\n\t\t\t\t<div class=\"elementor-element elementor-element-52edb21 elementor-invisible elementor-widget elementor-widget-theme-site-title elementor-widget-heading\" data-id=\"52edb21\" data-element_type=\"widget\" data-settings=\"{&quot;_animation&quot;:&quot;fadeIn&quot;,&quot;_animation_delay&quot;:200}\" data-widget_type=\"theme-site-title.default\">\n\t\t\t\t<div class=\"elementor-widget-container\">\n\t\t\t\t\t<h6 class=\"elementor-heading-title elementor-size-default\"><a href=\"https:\/\/snrconst.com\/en\">SUNRISE Construction<\/a><\/h6>\t\t\t\t<\/div>\n\t\t\t\t<\/div>\n\t\t\t\t<div class=\"elementor-element elementor-element-395bcd7 elementor-widget-divider--view-line elementor-invisible elementor-widget elementor-widget-divider\" data-id=\"395bcd7\" data-element_type=\"widget\" data-settings=\"{&quot;_animation&quot;:&quot;fadeIn&quot;,&quot;_animation_delay&quot;:200}\" data-widget_type=\"divider.default\">\n\t\t\t\t<div class=\"elementor-widget-container\">\n\t\t\t\t\t\t\t<div class=\"elementor-divider\">\n\t\t\t<span class=\"elementor-divider-separator\">\n\t\t\t\t\t\t<\/span>\n\t\t<\/div>\n\t\t\t\t\t\t<\/div>\n\t\t\t\t<\/div>\n\t\t\t\t<\/div>\n\t\t<div class=\"elementor-element elementor-element-f3ea260 e-con-full e-flex e-con e-child\" data-id=\"f3ea260\" data-element_type=\"container\">\n\t\t\t\t<div class=\"elementor-element elementor-element-0641a98 elementor-widget__width-inherit elementor-widget-tablet__width-initial elementor-widget elementor-widget-text-editor\" data-id=\"0641a98\" data-element_type=\"widget\" data-widget_type=\"text-editor.default\">\n\t\t\t\t<div class=\"elementor-widget-container\">\n\t\t\t\t\t\t\t\t\t<p>It is a new generation automatic aluminium retractable roof system. It operates via remote control and features a dual-motion system that no other product can match.<\/p>\t\t\t\t\t\t\t\t<\/div>\n\t\t\t\t<\/div>\n\t\t\t\t<\/div>\n\t\t<div class=\"elementor-element elementor-element-0b328b1 e-con-full e-flex e-con e-child\" data-id=\"0b328b1\" data-element_type=\"container\">\n\t\t<div class=\"elementor-element elementor-element-33599ec e-flex e-con-boxed e-con e-child\" data-id=\"33599ec\" data-element_type=\"container\" data-settings=\"{&quot;background_background&quot;:&quot;classic&quot;}\">\n\t\t\t\t\t<div class=\"e-con-inner\">\n\t\t\t\t\t<\/div>\n\t\t\t\t<\/div>\n\t\t\t\t<\/div>\n\t\t\t\t<div class=\"elementor-element elementor-element-e43a1fc elementor-invisible elementor-widget elementor-widget-text-editor\" data-id=\"e43a1fc\" data-element_type=\"widget\" data-settings=\"{&quot;_animation&quot;:&quot;fadeIn&quot;,&quot;_animation_delay&quot;:400}\" data-widget_type=\"text-editor.default\">\n\t\t\t\t<div class=\"elementor-widget-container\">\n\t\t\t\t\t\t\t\t\t<p>As the name suggests, its climatic feature comes from its dual-direction movement. As a bioclimatic pergola, each ceiling panel can rotate in place, allowing you to ventilate without opening the product. In fact, when opened at a certain angle, it does not let in water during light rainfall.<\/p><p>The product consists of four motors. There are main motors that enable the product to open and close, and piston motors that enable it to rotate in place.<\/p><p>Each of the product's ceiling panels has its own special water drainage channels. This allows the water to be drained to the right and left within the product.<\/p><p>One of the product's technical features is that it can be installed flat without any slope. It is also one of the features that does not have a pop-up roof.<\/p>\t\t\t\t\t\t\t\t<\/div>\n\t\t\t\t<\/div>\n\t\t\t\t\t<\/div>\n\t\t\t\t<\/div>\n\t\t<div class=\"elementor-element elementor-element-0007808 e-flex e-con-boxed e-con e-parent\" data-id=\"0007808\" data-element_type=\"container\" data-settings=\"{&quot;background_background&quot;:&quot;gradient&quot;}\">\n\t\t\t\t\t<div class=\"e-con-inner\">\n\t\t\t\t<div class=\"elementor-element elementor-element-48bf73d elementor-widget elementor-widget-template\" data-id=\"48bf73d\" data-element_type=\"widget\" data-widget_type=\"template.default\">\n\t\t\t\t<div class=\"elementor-widget-container\">\n\t\t\t\t\t\t\t<div class=\"elementor-template\">\n\t\t\t\t\t<div data-elementor-type=\"section\" data-elementor-id=\"4358\" class=\"elementor elementor-4358\" data-elementor-post-type=\"elementor_library\">\n\t\t\t\t\t<section class=\"elementor-section elementor-top-section elementor-element elementor-element-70d665ea elementor-section-full_width elementor-section-height-default elementor-section-height-default\" data-id=\"70d665ea\" data-element_type=\"section\">\n\t\t\t\t\t\t<div class=\"elementor-container elementor-column-gap-default\">\n\t\t\t\t\t<div class=\"elementor-column elementor-col-100 elementor-top-column elementor-element elementor-element-415867bf\" data-id=\"415867bf\" data-element_type=\"column\">\n\t\t\t<div class=\"elementor-widget-wrap elementor-element-populated\">\n\t\t\t\t\t\t<div class=\"elementor-element elementor-element-1a70de7 elementor-invisible elementor-widget elementor-widget-text-editor\" data-id=\"1a70de7\" data-element_type=\"widget\" data-settings=\"{&quot;_animation&quot;:&quot;fadeIn&quot;}\" data-widget_type=\"text-editor.default\">\n\t\t\t\t<div class=\"elementor-widget-container\">\n\t\t\t\t\t\t\t\t\t<p>SUNRISE Construction<\/p>\t\t\t\t\t\t\t\t<\/div>\n\t\t\t\t<\/div>\n\t\t\t\t<div class=\"elementor-element elementor-element-5d2e2b19 elementor-invisible elementor-widget elementor-widget-heading\" data-id=\"5d2e2b19\" data-element_type=\"widget\" data-settings=\"{&quot;_animation&quot;:&quot;fadeIn&quot;,&quot;_animation_delay&quot;:200}\" data-widget_type=\"heading.default\">\n\t\t\t\t<div class=\"elementor-widget-container\">\n\t\t\t\t\t<h2 class=\"elementor-heading-title elementor-size-default\">All Our Services<\/h2>\t\t\t\t<\/div>\n\t\t\t\t<\/div>\n\t\t\t\t<div class=\"elementor-element elementor-element-13bdf00e elementor-widget-divider--view-line elementor-invisible elementor-widget elementor-widget-divider\" data-id=\"13bdf00e\" data-element_type=\"widget\" data-settings=\"{&quot;_animation&quot;:&quot;fadeIn&quot;,&quot;_animation_delay&quot;:200}\" data-widget_type=\"divider.default\">\n\t\t\t\t<div class=\"elementor-widget-container\">\n\t\t\t\t\t\t\t<div class=\"elementor-divider\">\n\t\t\t<span class=\"elementor-divider-separator\">\n\t\t\t\t\t\t<\/span>\n\t\t<\/div>\n\t\t\t\t\t\t<\/div>\n\t\t\t\t<\/div>\n\t\t\t\t\t<\/div>\n\t\t<\/div>\n\t\t\t\t\t<\/div>\n\t\t<\/section>\n\t\t<div class=\"elementor-element elementor-element-936e30c e-flex e-con-boxed e-con e-parent\" data-id=\"936e30c\" data-element_type=\"container\">\n\t\t\t\t\t<div class=\"e-con-inner\">\n\t\t\t\t<div class=\"elementor-element elementor-element-1a5caad slide elementor-widget elementor-widget-noile-portfolio\" data-id=\"1a5caad\" data-element_type=\"widget\" data-widget_type=\"noile-portfolio.default\">\n\t\t\t\t<div class=\"elementor-widget-container\">\n\t\t\t\t\t    <!-- Case Study One Start -->\r\n    <section class=\"case-study-one case-study\">\r\n        <div class=\"container\">\r\n                        <div class=\"case-study-one__carousel noile-owl__carousel owl-theme owl-carousel\" data-owl-options='        {        &quot;loop&quot;: true,        &quot;margin&quot;: 1,        &quot;items&quot;: 5        ,&quot;nav&quot;: false                    ,&quot;autoplay&quot;: true            ,&quot;autoplayTimeout&quot;: 5000                                ,&quot;dots&quot;: false        ,&quot;smartSpeed&quot;: 700                    ,            &quot;responsive&quot;:            {                            &quot;0&quot;: {                &quot;margin&quot;: 24,                &quot;items&quot;: 1                },                            &quot;768&quot;: {                &quot;margin&quot;: 24,                &quot;items&quot;: 2                },                            &quot;992&quot;: {                &quot;margin&quot;: 24,                &quot;items&quot;: 3                },                            &quot;1400&quot;: {                &quot;margin&quot;: 24,                &quot;items&quot;: 3                }                        }                }    '>\r\n                                    <div class=\"case-study-one__carousel-item item\">\r\n                        <div class=\"case-study__item\">\r\n                            <div class=\"case-study__item-img-box\">\r\n                                <img decoding=\"async\" src=\"https:\/\/snrconst.com\/wp-content\/uploads\/Sunrise-Cephe-Sistemleri-Cephe-Kaplama-Sistemleri-Ana-Sayfa.jpg\" alt=\"\" class=\"case-study__item-img\" >                                                                    <p class=\"case-study__item-desc\">Facade Cladding Systems<\/p>\r\n                                                                <h3 class=\"case-study__item-title\">\r\n                                    <a class=\"\" href=\"https:\/\/snrconst.com\/en\/activities\/facade-cladding-systems\/\"  >Details<\/a>                                <\/h3>\r\n                            <\/div>\r\n                            <a href=\"https:\/\/snrconst.com\/en\/activities\/facade-cladding-systems\/\"  class=\"case-study__item-btn\">\r\n                                <span class=\"case-study__item-btn-icon icon-arrow-right-2\"><\/span>\r\n                            <\/a>\r\n                        <\/div><!-- \/.case-study__item -->\r\n                    <\/div><!-- \/.case-study-one__carousel-item-->\r\n                                    <div class=\"case-study-one__carousel-item item\">\r\n                        <div class=\"case-study__item\">\r\n                            <div class=\"case-study__item-img-box\">\r\n                                <img decoding=\"async\" src=\"https:\/\/snrconst.com\/wp-content\/uploads\/Sunrise-Cephe-Sistemleri-Kompozit-Cephe-Ana-Sayfa.jpg\" alt=\"\" class=\"case-study__item-img\" >                                                                    <p class=\"case-study__item-desc\">Aluminium Composite Facade<\/p>\r\n                                                                <h3 class=\"case-study__item-title\">\r\n                                    <a class=\"\" href=\"https:\/\/snrconst.com\/en\/activities\/aluminium-composite-facade\/\"  >Details<\/a>                                <\/h3>\r\n                            <\/div>\r\n                            <a href=\"https:\/\/snrconst.com\/en\/activities\/aluminium-composite-facade\/\"  class=\"case-study__item-btn\">\r\n                                <span class=\"case-study__item-btn-icon icon-arrow-right-2\"><\/span>\r\n                            <\/a>\r\n                        <\/div><!-- \/.case-study__item -->\r\n                    <\/div><!-- \/.case-study-one__carousel-item-->\r\n                                    <div class=\"case-study-one__carousel-item item\">\r\n                        <div class=\"case-study__item\">\r\n                            <div class=\"case-study__item-img-box\">\r\n                                <img decoding=\"async\" src=\"https:\/\/snrconst.com\/wp-content\/uploads\/Sunrise-Cephe-Sistemleri-Seramik-Cephe-Ana-Sayfa.jpg\" alt=\"\" class=\"case-study__item-img\" >                                                                    <p class=\"case-study__item-desc\">Ceramic Facade<\/p>\r\n                                                                <h3 class=\"case-study__item-title\">\r\n                                    <a class=\"\" href=\"https:\/\/snrconst.com\/en\/activities\/ceramic-facade\/\"  >Details<\/a>                                <\/h3>\r\n                            <\/div>\r\n                            <a href=\"https:\/\/snrconst.com\/en\/activities\/ceramic-facade\/\"  class=\"case-study__item-btn\">\r\n                                <span class=\"case-study__item-btn-icon icon-arrow-right-2\"><\/span>\r\n                            <\/a>\r\n                        <\/div><!-- \/.case-study__item -->\r\n                    <\/div><!-- \/.case-study-one__carousel-item-->\r\n                                    <div class=\"case-study-one__carousel-item item\">\r\n                        <div class=\"case-study__item\">\r\n                            <div class=\"case-study__item-img-box\">\r\n                                <img decoding=\"async\" src=\"https:\/\/snrconst.com\/wp-content\/uploads\/Sunrise-Cephe-Sistemleri-Aluminyum-Dograma-Ana-Sayfa.jpg\" alt=\"\" class=\"case-study__item-img\" >                                                                    <p class=\"case-study__item-desc\">Aluminum Joinery<\/p>\r\n                                                                <h3 class=\"case-study__item-title\">\r\n                                    <a class=\"\" href=\"https:\/\/snrconst.com\/en\/activities\/aluminium-joinery\/\"  >Details<\/a>                                <\/h3>\r\n                            <\/div>\r\n                            <a href=\"https:\/\/snrconst.com\/en\/activities\/aluminium-joinery\/\"  class=\"case-study__item-btn\">\r\n                                <span class=\"case-study__item-btn-icon icon-arrow-right-2\"><\/span>\r\n                            <\/a>\r\n                        <\/div><!-- \/.case-study__item -->\r\n                    <\/div><!-- \/.case-study-one__carousel-item-->\r\n                                    <div class=\"case-study-one__carousel-item item\">\r\n                        <div class=\"case-study__item\">\r\n                            <div class=\"case-study__item-img-box\">\r\n                                <img decoding=\"async\" src=\"https:\/\/snrconst.com\/wp-content\/uploads\/Sunrise-Cephe-Sistemleri-Kis-Bahcesi-Ana-Sayfa.jpg\" alt=\"\" class=\"case-study__item-img\" >                                                                    <p class=\"case-study__item-desc\">Shading and Winter Garden<\/p>\r\n                                                                <h3 class=\"case-study__item-title\">\r\n                                    <a class=\"\" href=\"https:\/\/snrconst.com\/en\/activities\/shading-and-winter-garden-systems\/\"  >Details<\/a>                                <\/h3>\r\n                            <\/div>\r\n                            <a href=\"https:\/\/snrconst.com\/en\/activities\/shading-and-winter-garden-systems\/\"  class=\"case-study__item-btn\">\r\n                                <span class=\"case-study__item-btn-icon icon-arrow-right-2\"><\/span>\r\n                            <\/a>\r\n                        <\/div><!-- \/.case-study__item -->\r\n                    <\/div><!-- \/.case-study-one__carousel-item-->\r\n                                    <div class=\"case-study-one__carousel-item item\">\r\n                        <div class=\"case-study__item\">\r\n                            <div class=\"case-study__item-img-box\">\r\n                                <img decoding=\"async\" src=\"https:\/\/snrconst.com\/wp-content\/uploads\/Sunrise-Cephe-Sistemleri-Otomatik-Kapi-Sistemleri-Ana-Sayfa-1.jpg\" alt=\"\" class=\"case-study__item-img\" >                                                                    <p class=\"case-study__item-desc\">Automatic Door Systems<\/p>\r\n                                                                <h3 class=\"case-study__item-title\">\r\n                                    <a class=\"\" href=\"https:\/\/snrconst.com\/en\/activities\/automatic-door-systems\/\"  >Details<\/a>                                <\/h3>\r\n                            <\/div>\r\n                            <a href=\"https:\/\/snrconst.com\/en\/activities\/automatic-door-systems\/\"  class=\"case-study__item-btn\">\r\n                                <span class=\"case-study__item-btn-icon icon-arrow-right-2\"><\/span>\r\n                            <\/a>\r\n                        <\/div><!-- \/.case-study__item -->\r\n                    <\/div><!-- \/.case-study-one__carousel-item-->\r\n                                    <div class=\"case-study-one__carousel-item item\">\r\n                        <div class=\"case-study__item\">\r\n                            <div class=\"case-study__item-img-box\">\r\n                                <img decoding=\"async\" src=\"https:\/\/snrconst.com\/wp-content\/uploads\/Sunrise-Cephe-Sistemleri-Camli-Korkuluk-Ana-Sayfa.jpg\" alt=\"\" class=\"case-study__item-img\" >                                                                    <p class=\"case-study__item-desc\">Glass Railing<\/p>\r\n                                                                <h3 class=\"case-study__item-title\">\r\n                                    <a class=\"\" href=\"https:\/\/snrconst.com\/en\/activities\/glass-balustrade\/\"  >Details<\/a>                                <\/h3>\r\n                            <\/div>\r\n                            <a href=\"https:\/\/snrconst.com\/en\/activities\/glass-balustrade\/\"  class=\"case-study__item-btn\">\r\n                                <span class=\"case-study__item-btn-icon icon-arrow-right-2\"><\/span>\r\n                            <\/a>\r\n                        <\/div><!-- \/.case-study__item -->\r\n                    <\/div><!-- \/.case-study-one__carousel-item-->\r\n                            <\/div><!-- \/.case-study-one__carousel-->\r\n        <\/div><!-- \/.container -->\r\n    <\/section>\r\n    <!-- Case Study One End -->\r\n\t\t\t\t<\/div>\n\t\t\t\t<\/div>\n\t\t\t\t\t<\/div>\n\t\t\t\t<\/div>\n\t\t\t\t<\/div>\n\t\t\t\t<\/div>\n\t\t\t\t\t\t<\/div>\n\t\t\t\t<\/div>\n\t\t\t\t\t<\/div>\n\t\t\t\t<\/div>\n\t\t\t\t<\/div>","protected":false},"excerpt":{"rendered":"<p>Yeni nesil otomatik al\u00fcminyum a\u00e7\u0131l\u0131r tavan sistemidir. Uzaktan kumanda kontrol\u00fc ile \u00e7al\u0131\u015f\u0131r ve alternatif hi\u00e7bir \u00fcr\u00fcn\u00fcn yapamad\u0131\u011f\u0131 \u00e7ift hareket sistemine sahiptir.. Ad\u0131ndan da anla\u015f\u0131laca\u011f\u0131 gibi klimatik \u00f6zelli\u011fi \u00e7ift y\u00f6nl\u00fc hareketinden gelir. Bioclimatic pergola oldu\u011fu yerde d\u00f6nebilen her bir tavan paneli, \u00fcr\u00fcn\u00fc a\u00e7madan da havaland\u0131rma yapabilmenizi sa\u011flar. Hatta belli bir e\u011fimle a\u00e7\u0131ld\u0131\u011f\u0131nda hafif ya\u011fmur ya\u011f\u0131\u015flar\u0131nda su [&hellip;]<\/p>","protected":false},"author":1,"featured_media":0,"parent":3954,"menu_order":0,"comment_status":"closed","ping_status":"closed","template":"elementor_header_footer","meta":{"footnotes":""},"class_list":["post-3958","page","type-page","status-publish","hentry"],"_links":{"self":[{"href":"https:\/\/snrconst.com\/en\/wp-json\/wp\/v2\/pages\/3958","targetHints":{"allow":["GET"]}}],"collection":[{"href":"https:\/\/snrconst.com\/en\/wp-json\/wp\/v2\/pages"}],"about":[{"href":"https:\/\/snrconst.com\/en\/wp-json\/wp\/v2\/types\/page"}],"author":[{"embeddable":true,"href":"https:\/\/snrconst.com\/en\/wp-json\/wp\/v2\/users\/1"}],"replies":[{"embeddable":true,"href":"https:\/\/snrconst.com\/en\/wp-json\/wp\/v2\/comments?post=3958"}],"version-history":[{"count":33,"href":"https:\/\/snrconst.com\/en\/wp-json\/wp\/v2\/pages\/3958\/revisions"}],"predecessor-version":[{"id":5323,"href":"https:\/\/snrconst.com\/en\/wp-json\/wp\/v2\/pages\/3958\/revisions\/5323"}],"up":[{"embeddable":true,"href":"https:\/\/snrconst.com\/en\/wp-json\/wp\/v2\/pages\/3954"}],"wp:attachment":[{"href":"https:\/\/snrconst.com\/en\/wp-json\/wp\/v2\/media?parent=3958"}],"curies":[{"name":"wp","href":"https:\/\/api.w.org\/{rel}","templated":true}]}}