{"id":3446,"date":"2024-01-18T15:13:12","date_gmt":"2024-01-18T12:13:12","guid":{"rendered":"https:\/\/snrconst.com\/?page_id=3446"},"modified":"2024-02-15T00:20:46","modified_gmt":"2024-02-14T21:20:46","slug":"mission-vision","status":"publish","type":"page","link":"https:\/\/snrconst.com\/en\/mission-vision\/","title":{"rendered":"Mission &amp; Vision"},"content":{"rendered":"<div data-elementor-type=\"wp-page\" data-elementor-id=\"3446\" class=\"elementor elementor-3446\" data-elementor-post-type=\"page\">\n\t\t\t\t<div class=\"elementor-element elementor-element-89c4492 e-flex e-con-boxed e-con e-parent\" data-id=\"89c4492\" data-element_type=\"container\">\n\t\t\t\t\t<div class=\"e-con-inner\">\n\t\t\t\t<div class=\"elementor-element elementor-element-2d93bb9 elementor-widget elementor-widget-video\" data-id=\"2d93bb9\" data-element_type=\"widget\" data-settings=\"{&quot;video_type&quot;:&quot;hosted&quot;,&quot;show_image_overlay&quot;:&quot;yes&quot;,&quot;image_overlay&quot;:{&quot;url&quot;:&quot;https:\\\/\\\/snrconst.com\\\/wp-content\\\/uploads\\\/BG1-scaled.jpg&quot;,&quot;id&quot;:3268,&quot;size&quot;:&quot;&quot;,&quot;alt&quot;:&quot;&quot;,&quot;source&quot;:&quot;library&quot;},&quot;lightbox&quot;:&quot;yes&quot;,&quot;controls&quot;:&quot;yes&quot;}\" data-no-translation=\"\" data-widget_type=\"video.default\">\n\t\t\t\t<div class=\"elementor-widget-container\">\n\t\t\t\t\t<style>.elementor-element-2d93bb9{display:none !important}<\/style>\t\t\t\t<\/div>\n\t\t\t\t<\/div>\n\t\t\t\t\t<\/div>\n\t\t\t\t<\/div>\n\t\t<div class=\"elementor-element elementor-element-7be6025 e-flex e-con-boxed e-con e-parent\" data-id=\"7be6025\" data-element_type=\"container\">\n\t\t\t\t\t<div class=\"e-con-inner\">\n\t\t<div class=\"elementor-element elementor-element-bbcd404 e-con-full e-flex e-con e-child\" data-id=\"bbcd404\" data-element_type=\"container\">\n\t\t<div class=\"elementor-element elementor-element-ce62dde e-transform e-flex e-con-boxed e-con e-child\" data-id=\"ce62dde\" data-element_type=\"container\" data-settings=\"{&quot;background_background&quot;:&quot;classic&quot;,&quot;_transform_scale_effect_hover&quot;:{&quot;unit&quot;:&quot;px&quot;,&quot;size&quot;:1.05,&quot;sizes&quot;:[]},&quot;_transform_scale_effect_hover_tablet&quot;:{&quot;unit&quot;:&quot;px&quot;,&quot;size&quot;:&quot;&quot;,&quot;sizes&quot;:[]},&quot;_transform_scale_effect_hover_mobile&quot;:{&quot;unit&quot;:&quot;px&quot;,&quot;size&quot;:&quot;&quot;,&quot;sizes&quot;:[]}}\">\n\t\t\t\t\t<div class=\"e-con-inner\">\n\t\t\t\t<div class=\"elementor-element elementor-element-e5336bc elementor-widget-tablet__width-inherit elementor-widget-mobile__width-auto elementor-widget__width-inherit elementor-widget elementor-widget-heading\" data-id=\"e5336bc\" data-element_type=\"widget\" data-widget_type=\"heading.default\">\n\t\t\t\t<div class=\"elementor-widget-container\">\n\t\t\t\t\t<h4 class=\"elementor-heading-title elementor-size-default\">OUR MISSION<\/h4>\t\t\t\t<\/div>\n\t\t\t\t<\/div>\n\t\t\t\t<div class=\"elementor-element elementor-element-25a158d elementor-widget elementor-widget-text-editor\" data-id=\"25a158d\" data-element_type=\"widget\" data-widget_type=\"text-editor.default\">\n\t\t\t\t<div class=\"elementor-widget-container\">\n\t\t\t\t\t\t\t\t\t<p>Our aim is to be a company that receives its reward from the customer by carrying the customer's dream to reality with perfection, without compromising on quality, with our continuous development-oriented structure.<\/p><p>Raising people's living standards with modern facade applications, aluminum door-window systems and shading systems is the prerequisite for our vision.<\/p><p>To maintain leadership in our industry by combining innovative, future-determining products, systems and different design products with creative applications.<\/p>\t\t\t\t\t\t\t\t<\/div>\n\t\t\t\t<\/div>\n\t\t\t\t\t<\/div>\n\t\t\t\t<\/div>\n\t\t<div class=\"elementor-element elementor-element-52ede1b e-transform e-flex e-con-boxed e-con e-child\" data-id=\"52ede1b\" data-element_type=\"container\" data-settings=\"{&quot;background_background&quot;:&quot;classic&quot;,&quot;_transform_scale_effect_hover&quot;:{&quot;unit&quot;:&quot;px&quot;,&quot;size&quot;:1.05,&quot;sizes&quot;:[]},&quot;_transform_scale_effect_hover_tablet&quot;:{&quot;unit&quot;:&quot;px&quot;,&quot;size&quot;:&quot;&quot;,&quot;sizes&quot;:[]},&quot;_transform_scale_effect_hover_mobile&quot;:{&quot;unit&quot;:&quot;px&quot;,&quot;size&quot;:&quot;&quot;,&quot;sizes&quot;:[]}}\">\n\t\t\t\t\t<div class=\"e-con-inner\">\n\t\t\t\t<div class=\"elementor-element elementor-element-a6d4bb0 elementor-widget-tablet__width-inherit elementor-widget-mobile__width-auto elementor-widget__width-inherit elementor-widget elementor-widget-heading\" data-id=\"a6d4bb0\" data-element_type=\"widget\" data-widget_type=\"heading.default\">\n\t\t\t\t<div class=\"elementor-widget-container\">\n\t\t\t\t\t<h4 class=\"elementor-heading-title elementor-size-default\">Our Vision<\/h4>\t\t\t\t<\/div>\n\t\t\t\t<\/div>\n\t\t\t\t<div class=\"elementor-element elementor-element-761e686 elementor-widget elementor-widget-text-editor\" data-id=\"761e686\" data-element_type=\"widget\" data-widget_type=\"text-editor.default\">\n\t\t\t\t<div class=\"elementor-widget-container\">\n\t\t\t\t\t\t\t\t\t<p>To meet the constantly changing and increasing customer demands and create new expectations by integrating the developing technology and advancing business system with our own core values, with the understanding of perfect business and job completion, without compromising the quality raw materials, conscious personnel and planned work elements.<\/p><p>To have original and unique products in our industry by combining projects developed with advanced engineering ideas with the vision of seamless product development.<\/p>\t\t\t\t\t\t\t\t<\/div>\n\t\t\t\t<\/div>\n\t\t\t\t\t<\/div>\n\t\t\t\t<\/div>\n\t\t\t\t<\/div>\n\t\t\t\t\t<\/div>\n\t\t\t\t<\/div>\n\t\t\t\t<\/div>","protected":false},"excerpt":{"rendered":"<p>https:\/\/snrconst.com\/videolar\/sunrise-tanitim.mp4 Misyonumuz S\u00fcrekli geli\u015fim odakl\u0131 yap\u0131m\u0131zla kaliteden \u00f6d\u00fcn vermeden m\u00fc\u015fterinin hayalini kusursuzlukla ger\u00e7e\u011fe ta\u015f\u0131yarak \u00f6d\u00fcl\u00fcn\u00fc m\u00fc\u015fteriden alan firma olmakt\u0131r. Modern cephe uygulamalar\u0131, al\u00fcminyum kap\u0131-pencere sistemleri, g\u00f6lgelendirme sitemleri ile insanlar\u0131n ya\u015fam standartlar\u0131n\u0131 y\u00fckseltmek vizyonumuzun \u00f6n ko\u015fuludur. Yenilik\u00e7i, gelece\u011fi belirleyici \u00fcr\u00fcnler, sistemler ve farkl\u0131 tasar\u0131m \u00fcr\u00fcnlerini yarat\u0131c\u0131 uygulamalarla bulu\u015fturarak sekt\u00f6r\u00fcm\u00fczde liderli\u011fi devam ettirmektir. Vizyonumuz Geli\u015fen teknoloji ve [&hellip;]<\/p>","protected":false},"author":1,"featured_media":0,"parent":0,"menu_order":0,"comment_status":"closed","ping_status":"closed","template":"elementor_header_footer","meta":{"footnotes":""},"class_list":["post-3446","page","type-page","status-publish","hentry"],"_links":{"self":[{"href":"https:\/\/snrconst.com\/en\/wp-json\/wp\/v2\/pages\/3446","targetHints":{"allow":["GET"]}}],"collection":[{"href":"https:\/\/snrconst.com\/en\/wp-json\/wp\/v2\/pages"}],"about":[{"href":"https:\/\/snrconst.com\/en\/wp-json\/wp\/v2\/types\/page"}],"author":[{"embeddable":true,"href":"https:\/\/snrconst.com\/en\/wp-json\/wp\/v2\/users\/1"}],"replies":[{"embeddable":true,"href":"https:\/\/snrconst.com\/en\/wp-json\/wp\/v2\/comments?post=3446"}],"version-history":[{"count":37,"href":"https:\/\/snrconst.com\/en\/wp-json\/wp\/v2\/pages\/3446\/revisions"}],"predecessor-version":[{"id":5387,"href":"https:\/\/snrconst.com\/en\/wp-json\/wp\/v2\/pages\/3446\/revisions\/5387"}],"wp:attachment":[{"href":"https:\/\/snrconst.com\/en\/wp-json\/wp\/v2\/media?parent=3446"}],"curies":[{"name":"wp","href":"https:\/\/api.w.org\/{rel}","templated":true}]}}